{"id":3935,"date":"2021-03-04T12:43:31","date_gmt":"2021-03-04T11:43:31","guid":{"rendered":"https:\/\/shopium.eu\/it\/?post_type=product&#038;p=3935"},"modified":"2021-03-04T12:52:06","modified_gmt":"2021-03-04T11:52:06","slug":"legun","status":"publish","type":"product","link":"https:\/\/cartium.eu\/it\/prodotto\/legun\/","title":{"rendered":"Pistola Lego (set di montaggio) &#8211; Legun"},"content":{"rendered":"","protected":false},"excerpt":{"rendered":"<p>Un set di mattoncini Lego fantastico e di alta qualit\u00e0 che ti intratterr\u00e0 e incoragger\u00e0 il tuo pensiero creativo, creando allo stesso tempo una pistola potente e funzionale che ha la capacit\u00e0 di sparare proiettili.<\/p>\n","protected":false},"featured_media":3939,"comment_status":"closed","ping_status":"closed","template":"","meta":{"inline_featured_image":false},"product_brand":[],"product_cat":[15],"product_tag":[],"class_list":{"0":"post-3935","1":"product","2":"type-product","3":"status-publish","4":"has-post-thumbnail","6":"product_cat-uncategorized","8":"first","9":"instock","10":"sale","11":"taxable","12":"shipping-taxable","13":"purchasable","14":"product-type-simple"},"acf":[],"_links":{"self":[{"href":"https:\/\/cartium.eu\/it\/wp-json\/wp\/v2\/product\/3935","targetHints":{"allow":["GET"]}}],"collection":[{"href":"https:\/\/cartium.eu\/it\/wp-json\/wp\/v2\/product"}],"about":[{"href":"https:\/\/cartium.eu\/it\/wp-json\/wp\/v2\/types\/product"}],"replies":[{"embeddable":true,"href":"https:\/\/cartium.eu\/it\/wp-json\/wp\/v2\/comments?post=3935"}],"wp:featuredmedia":[{"embeddable":true,"href":"https:\/\/cartium.eu\/it\/wp-json\/wp\/v2\/media\/3939"}],"wp:attachment":[{"href":"https:\/\/cartium.eu\/it\/wp-json\/wp\/v2\/media?parent=3935"}],"wp:term":[{"taxonomy":"product_brand","embeddable":true,"href":"https:\/\/cartium.eu\/it\/wp-json\/wp\/v2\/product_brand?post=3935"},{"taxonomy":"product_cat","embeddable":true,"href":"https:\/\/cartium.eu\/it\/wp-json\/wp\/v2\/product_cat?post=3935"},{"taxonomy":"product_tag","embeddable":true,"href":"https:\/\/cartium.eu\/it\/wp-json\/wp\/v2\/product_tag?post=3935"}],"curies":[{"name":"wp","href":"https:\/\/api.w.org\/{rel}","templated":true}]}}