{"id":4692,"date":"2021-03-22T14:12:31","date_gmt":"2021-03-22T13:12:31","guid":{"rendered":"https:\/\/shopium.eu\/it\/?post_type=product&#038;p=4692"},"modified":"2021-03-22T14:16:51","modified_gmt":"2021-03-22T13:16:51","slug":"organizer-multifunzionale-per-divani-con-vassoio-sofab","status":"publish","type":"product","link":"https:\/\/cartium.eu\/it\/prodotto\/organizer-multifunzionale-per-divani-con-vassoio-sofab\/","title":{"rendered":"Organizer multifunzionale per divani con vassoio &#8211; Sofab"},"content":{"rendered":"","protected":false},"excerpt":{"rendered":"<p>Questo organizer intelligente \u00e8 tutto ci\u00f2 di cui hai bisogno per un riposo e per goderti il tuo divano preferito con una tazza di t\u00e8 e snack.<\/p>\n","protected":false},"featured_media":4695,"comment_status":"closed","ping_status":"closed","template":"","meta":{"inline_featured_image":false},"product_brand":[],"product_cat":[15],"product_tag":[],"class_list":{"0":"post-4692","1":"product","2":"type-product","3":"status-publish","4":"has-post-thumbnail","6":"product_cat-uncategorized","8":"first","9":"instock","10":"sale","11":"taxable","12":"shipping-taxable","13":"purchasable","14":"product-type-simple"},"acf":[],"_links":{"self":[{"href":"https:\/\/cartium.eu\/it\/wp-json\/wp\/v2\/product\/4692","targetHints":{"allow":["GET"]}}],"collection":[{"href":"https:\/\/cartium.eu\/it\/wp-json\/wp\/v2\/product"}],"about":[{"href":"https:\/\/cartium.eu\/it\/wp-json\/wp\/v2\/types\/product"}],"replies":[{"embeddable":true,"href":"https:\/\/cartium.eu\/it\/wp-json\/wp\/v2\/comments?post=4692"}],"wp:featuredmedia":[{"embeddable":true,"href":"https:\/\/cartium.eu\/it\/wp-json\/wp\/v2\/media\/4695"}],"wp:attachment":[{"href":"https:\/\/cartium.eu\/it\/wp-json\/wp\/v2\/media?parent=4692"}],"wp:term":[{"taxonomy":"product_brand","embeddable":true,"href":"https:\/\/cartium.eu\/it\/wp-json\/wp\/v2\/product_brand?post=4692"},{"taxonomy":"product_cat","embeddable":true,"href":"https:\/\/cartium.eu\/it\/wp-json\/wp\/v2\/product_cat?post=4692"},{"taxonomy":"product_tag","embeddable":true,"href":"https:\/\/cartium.eu\/it\/wp-json\/wp\/v2\/product_tag?post=4692"}],"curies":[{"name":"wp","href":"https:\/\/api.w.org\/{rel}","templated":true}]}}