{"id":4795,"date":"2021-03-24T10:27:09","date_gmt":"2021-03-24T09:27:09","guid":{"rendered":"https:\/\/shopium.eu\/it\/?post_type=product&#038;p=4795"},"modified":"2021-03-24T10:30:44","modified_gmt":"2021-03-24T09:30:44","slug":"pulitore-dentale-ultrasuoni-set-toothzy","status":"publish","type":"product","link":"https:\/\/cartium.eu\/it\/prodotto\/pulitore-dentale-ultrasuoni-set-toothzy\/","title":{"rendered":"Pulitore dentale ultrasuoni (set) &#8211; Toothzy"},"content":{"rendered":"","protected":false},"excerpt":{"rendered":"<p>Questo super set per il mantenimento pi\u00f9 efficiente dell&#8217;igiene dentale \u00e8 tutto ci\u00f2 di cui hai bisogno per conservare la tua salute dentale.<\/p>\n","protected":false},"featured_media":4796,"comment_status":"closed","ping_status":"closed","template":"","meta":{"inline_featured_image":false},"product_brand":[],"product_cat":[15],"product_tag":[],"class_list":{"0":"post-4795","1":"product","2":"type-product","3":"status-publish","4":"has-post-thumbnail","6":"product_cat-uncategorized","8":"first","9":"instock","10":"sale","11":"taxable","12":"shipping-taxable","13":"purchasable","14":"product-type-simple"},"acf":[],"_links":{"self":[{"href":"https:\/\/cartium.eu\/it\/wp-json\/wp\/v2\/product\/4795","targetHints":{"allow":["GET"]}}],"collection":[{"href":"https:\/\/cartium.eu\/it\/wp-json\/wp\/v2\/product"}],"about":[{"href":"https:\/\/cartium.eu\/it\/wp-json\/wp\/v2\/types\/product"}],"replies":[{"embeddable":true,"href":"https:\/\/cartium.eu\/it\/wp-json\/wp\/v2\/comments?post=4795"}],"wp:featuredmedia":[{"embeddable":true,"href":"https:\/\/cartium.eu\/it\/wp-json\/wp\/v2\/media\/4796"}],"wp:attachment":[{"href":"https:\/\/cartium.eu\/it\/wp-json\/wp\/v2\/media?parent=4795"}],"wp:term":[{"taxonomy":"product_brand","embeddable":true,"href":"https:\/\/cartium.eu\/it\/wp-json\/wp\/v2\/product_brand?post=4795"},{"taxonomy":"product_cat","embeddable":true,"href":"https:\/\/cartium.eu\/it\/wp-json\/wp\/v2\/product_cat?post=4795"},{"taxonomy":"product_tag","embeddable":true,"href":"https:\/\/cartium.eu\/it\/wp-json\/wp\/v2\/product_tag?post=4795"}],"curies":[{"name":"wp","href":"https:\/\/api.w.org\/{rel}","templated":true}]}}