{"id":9556,"date":"2022-10-21T13:46:49","date_gmt":"2022-10-21T11:46:49","guid":{"rendered":"https:\/\/cartium.eu\/it\/?post_type=product&#038;p=9556"},"modified":"2023-01-05T14:37:47","modified_gmt":"2023-01-05T13:37:47","slug":"proiettore-olografico-2","status":"publish","type":"product","link":"https:\/\/cartium.eu\/it\/prodotto\/proiettore-olografico-2\/","title":{"rendered":"Proiettore olografico"},"content":{"rendered":"","protected":false},"excerpt":{"rendered":"<div class=\"woocommerce-product-details__short-description\">\n<div class=\"woocommerce-product-details__short-description\">\n<div class=\"woocommerce-product-details__short-description\">\n<div class=\"woocommerce-product-details__short-description\">Porta la decorazione della tua casa vacanza ad un livello pi\u00f9 alto. 12 diverse proiezioni renderanno queste vacanze indimenticabili. Rendi la tua casa la pi\u00f9 spaventosa per Halloween e la pi\u00f9 felice per Natale.<\/div>\n<\/div>\n<\/div>\n<\/div>\n","protected":false},"featured_media":9559,"comment_status":"closed","ping_status":"closed","template":"","meta":{"inline_featured_image":false},"product_brand":[],"product_cat":[15,27,35],"product_tag":[],"class_list":{"0":"post-9556","1":"product","2":"type-product","3":"status-publish","4":"has-post-thumbnail","6":"product_cat-uncategorized","7":"product_cat-home","8":"product_cat-fun","10":"first","11":"instock","12":"sale","13":"taxable","14":"shipping-taxable","15":"purchasable","16":"product-type-simple"},"acf":[],"_links":{"self":[{"href":"https:\/\/cartium.eu\/it\/wp-json\/wp\/v2\/product\/9556","targetHints":{"allow":["GET"]}}],"collection":[{"href":"https:\/\/cartium.eu\/it\/wp-json\/wp\/v2\/product"}],"about":[{"href":"https:\/\/cartium.eu\/it\/wp-json\/wp\/v2\/types\/product"}],"replies":[{"embeddable":true,"href":"https:\/\/cartium.eu\/it\/wp-json\/wp\/v2\/comments?post=9556"}],"wp:featuredmedia":[{"embeddable":true,"href":"https:\/\/cartium.eu\/it\/wp-json\/wp\/v2\/media\/9559"}],"wp:attachment":[{"href":"https:\/\/cartium.eu\/it\/wp-json\/wp\/v2\/media?parent=9556"}],"wp:term":[{"taxonomy":"product_brand","embeddable":true,"href":"https:\/\/cartium.eu\/it\/wp-json\/wp\/v2\/product_brand?post=9556"},{"taxonomy":"product_cat","embeddable":true,"href":"https:\/\/cartium.eu\/it\/wp-json\/wp\/v2\/product_cat?post=9556"},{"taxonomy":"product_tag","embeddable":true,"href":"https:\/\/cartium.eu\/it\/wp-json\/wp\/v2\/product_tag?post=9556"}],"curies":[{"name":"wp","href":"https:\/\/api.w.org\/{rel}","templated":true}]}}