{"id":98,"date":"2020-10-28T10:57:05","date_gmt":"2020-10-28T10:57:05","guid":{"rendered":"https:\/\/shopium.eu\/rs\/?page_id=98"},"modified":"2023-09-15T11:26:54","modified_gmt":"2023-09-15T09:26:54","slug":"pristatymo-ir-apmokejimo-galimybes","status":"publish","type":"page","link":"https:\/\/cartium.eu\/lt\/pristatymo-ir-apmokejimo-galimybes\/","title":{"rendered":"DPristatymo ir apmok\u0117jimo galimyb\u0117s"},"content":{"rendered":"<p>Pristatymas<\/p>\n<p>Visi produktai, kurie rodomi m\u016bs\u0173 svetain\u0117je, taip pat yra m\u016bs\u0173 inventoriuje. Pirkimo metu pirk\u0117jas privalo apmok\u0117ti siuntimo i\u0161laidas gav\u0119s prekes, i\u0161skyrus u\u017esakant atskiras prekes, ant kuri\u0173 yra nuoroda: \u201e\u012f kain\u0105 \u012fskai\u010diuotas pa\u0161to i\u0161laidos\u201c arba \u201enemokamas pristatymas\u201c. U\u017esakymams pristatyti naudojame Expedico pristatymo paslaugas. Su visomis auk\u0161\u010diau nurodytomis kurjeri\u0173 tarnybomis esame pasira\u0161\u0119 verslo bendradarbiavimo sutart\u012f. U\u017esakyt\u0173 preki\u0173 pristatymo laikas trunka nuo 2 iki 4 darbo dien\u0173 (d\u0117l COVID-19 situacijos yra galimyb\u0117 pristatymo laik\u0105 prat\u0119sti). U\u017esakytos prek\u0117s pristatomos adresu, kur\u012f nurod\u0117te kaip pristatymo adres\u0105.<\/p>\n<p>&nbsp;<\/p>\n<p>Siuntos sekimas<\/p>\n<p>Savo siunt\u0105 galite steb\u0117ti naudodami \u0161i\u0105 nuorod\u0105:\u00a0\u00a0<a href=\"https:\/\/expedico.eu\/tracking\">https:\/\/expedico.eu\/tracking<\/a><\/p>\n<p>&nbsp;<\/p>\n<p>Mok\u0117jimas<\/p>\n<p>Si\u016blome kelis mok\u0117jimo b\u016bdus. U\u017e prek\u0119 galite sumok\u0117ti per PayPal, kreditine kortele arba grynaisiais pristatymo metu.<br \/>\n\u200b<\/p>\n","protected":false},"excerpt":{"rendered":"<p>Pristatymas Visi produktai, kurie rodomi m\u016bs\u0173 svetain\u0117je, taip pat yra m\u016bs\u0173 inventoriuje. Pirkimo metu pirk\u0117jas privalo apmok\u0117ti siuntimo i\u0161laidas gav\u0119s prekes, i\u0161skyrus u\u017esakant atskiras prekes, ant kuri\u0173 yra nuoroda: \u201e\u012f kain\u0105 \u012fskai\u010diuotas pa\u0161to i\u0161laidos\u201c arba \u201enemokamas pristatymas\u201c. U\u017esakymams pristatyti naudojame Expedico pristatymo paslaugas. Su visomis auk\u0161\u010diau nurodytomis kurjeri\u0173 tarnybomis esame pasira\u0161\u0119 verslo bendradarbiavimo sutart\u012f. U\u017esakyt\u0173 &hellip; <a href=\"https:\/\/cartium.eu\/lt\/pristatymo-ir-apmokejimo-galimybes\/\">Continued<\/a><\/p>\n","protected":false},"author":1,"featured_media":0,"parent":0,"menu_order":0,"comment_status":"closed","ping_status":"closed","template":"","meta":{"inline_featured_image":false,"footnotes":""},"class_list":["post-98","page","type-page","status-publish","hentry"],"acf":[],"_links":{"self":[{"href":"https:\/\/cartium.eu\/lt\/wp-json\/wp\/v2\/pages\/98","targetHints":{"allow":["GET"]}}],"collection":[{"href":"https:\/\/cartium.eu\/lt\/wp-json\/wp\/v2\/pages"}],"about":[{"href":"https:\/\/cartium.eu\/lt\/wp-json\/wp\/v2\/types\/page"}],"author":[{"embeddable":true,"href":"https:\/\/cartium.eu\/lt\/wp-json\/wp\/v2\/users\/1"}],"replies":[{"embeddable":true,"href":"https:\/\/cartium.eu\/lt\/wp-json\/wp\/v2\/comments?post=98"}],"version-history":[{"count":13,"href":"https:\/\/cartium.eu\/lt\/wp-json\/wp\/v2\/pages\/98\/revisions"}],"predecessor-version":[{"id":10636,"href":"https:\/\/cartium.eu\/lt\/wp-json\/wp\/v2\/pages\/98\/revisions\/10636"}],"wp:attachment":[{"href":"https:\/\/cartium.eu\/lt\/wp-json\/wp\/v2\/media?parent=98"}],"curies":[{"name":"wp","href":"https:\/\/api.w.org\/{rel}","templated":true}]}}