{"id":10565,"date":"2023-08-04T08:06:49","date_gmt":"2023-08-04T06:06:49","guid":{"rendered":"https:\/\/cartium.eu\/lt\/?post_type=product&#038;p=10565"},"modified":"2024-08-21T13:33:49","modified_gmt":"2024-08-21T11:33:49","slug":"abelaidis-rankinis-dulkiu-siurblys","status":"publish","type":"product","link":"https:\/\/cartium.eu\/lt\/proizvod\/abelaidis-rankinis-dulkiu-siurblys\/","title":{"rendered":"Belaidis rankinis dulki\u0173 siurblys"},"content":{"rendered":"","protected":false},"excerpt":{"rendered":"<p>Lengvas rankinis dulki\u0173 siurblys su stipria siurbimo galia yra idealus pagalbininkas kiekvienuose namuose, darbo vietoje ar automobilyje. Vos keliais \u017eingsniais atsikratykite ne\u0161varum\u0173 su \u0161iuo puikiu dulki\u0173 siurbliu.<\/p>\n","protected":false},"featured_media":5354,"comment_status":"closed","ping_status":"closed","template":"","meta":{"inline_featured_image":false},"product_brand":[],"product_cat":[15,27],"product_tag":[],"class_list":{"0":"post-10565","1":"product","2":"type-product","3":"status-publish","4":"has-post-thumbnail","6":"product_cat-uncategorized","7":"product_cat-home","9":"first","10":"instock","11":"sale","12":"taxable","13":"shipping-taxable","14":"purchasable","15":"product-type-simple"},"acf":[],"_links":{"self":[{"href":"https:\/\/cartium.eu\/lt\/wp-json\/wp\/v2\/product\/10565","targetHints":{"allow":["GET"]}}],"collection":[{"href":"https:\/\/cartium.eu\/lt\/wp-json\/wp\/v2\/product"}],"about":[{"href":"https:\/\/cartium.eu\/lt\/wp-json\/wp\/v2\/types\/product"}],"replies":[{"embeddable":true,"href":"https:\/\/cartium.eu\/lt\/wp-json\/wp\/v2\/comments?post=10565"}],"wp:featuredmedia":[{"embeddable":true,"href":"https:\/\/cartium.eu\/lt\/wp-json\/wp\/v2\/media\/5354"}],"wp:attachment":[{"href":"https:\/\/cartium.eu\/lt\/wp-json\/wp\/v2\/media?parent=10565"}],"wp:term":[{"taxonomy":"product_brand","embeddable":true,"href":"https:\/\/cartium.eu\/lt\/wp-json\/wp\/v2\/product_brand?post=10565"},{"taxonomy":"product_cat","embeddable":true,"href":"https:\/\/cartium.eu\/lt\/wp-json\/wp\/v2\/product_cat?post=10565"},{"taxonomy":"product_tag","embeddable":true,"href":"https:\/\/cartium.eu\/lt\/wp-json\/wp\/v2\/product_tag?post=10565"}],"curies":[{"name":"wp","href":"https:\/\/api.w.org\/{rel}","templated":true}]}}