{"id":100,"date":"2020-10-28T10:57:15","date_gmt":"2020-10-28T10:57:15","guid":{"rendered":"https:\/\/shopium.eu\/rs\/?page_id=100"},"modified":"2023-09-15T10:50:24","modified_gmt":"2023-09-15T08:50:24","slug":"noteikumi-un-nosacijumi","status":"publish","type":"page","link":"https:\/\/cartium.eu\/lv\/noteikumi-un-nosacijumi\/","title":{"rendered":"Noteikumi un nosac\u012bjumi"},"content":{"rendered":"<p>visp\u0101r\u012bgie uz\u0146\u0113m\u0113jdarb\u012bbas noteikumi<\/p>\n<p>Cartium.com\/ (turpm\u0101k &#8220;m\u0113s&#8221;, &#8220;mums&#8221;, &#8220;m\u016bsu&#8221;, &#8220;m\u016bsu&#8221;, &#8220;m\u016bsu&#8221; utt.) ir tie\u0161saistes veikals, kas pieder ECTCEU doo. (turpm\u0101k &#8220;m\u0113s&#8221;, &#8220;m\u016bsu&#8221;, &#8220;m\u016bsu&#8221;, &#8220;m\u016bsu&#8221;, &#8220;m\u016bsu&#8221; utt.), kas darbojas saska\u0146\u0101 ar E-komercijas likumu un visiem citiem piem\u0113rojamajiem Eiropas Savien\u012bbas normat\u012bvajiem aktiem. . Apmekl\u0113jot vai veicot pirkumu m\u016bsu interneta veikal\u0101, j\u016bs piekr\u012btat \u0161\u0101diem lieto\u0161anas noteikumiem. Uzman\u012bgi izlasiet un iepaz\u012bstieties ar m\u016bsu piem\u0113rojamajiem noteikumiem. M\u0113s paturam ties\u012bbas groz\u012bt \u0161os lieto\u0161anas noteikumus bez iepriek\u0161\u0113ja br\u012bdin\u0101juma.<\/p>\n<p>Priv\u0101tuma pazi\u0146ojums<\/p>\n<p>M\u016bsu tie\u0161saistes veikala v\u0101rd\u0101 m\u0113s esam ap\u0146\u0113mu\u0161ies aizsarg\u0101t visu m\u016bsu klientu priv\u0101tumu saska\u0146\u0101 ar Eiropas Savien\u012bbas ties\u012bbu aktu (VDAR) un viet\u0113jo likumu noteikumiem. M\u0113s apkopojam tikai nepiecie\u0161amos, pamatdatus par klientiem\/lietot\u0101jiem un datus, kas nepiecie\u0161ami saimnieciskajai darb\u012bbai un lietot\u0101ju inform\u0113\u0161anai atbilsto\u0161i labas uz\u0146\u0113m\u0113jdarb\u012bbas praksei un kvalitat\u012bva pakalpojuma snieg\u0161anai. M\u0113s sniedzam lietot\u0101jiem izv\u0113les iesp\u0113jas, tostarp iesp\u0113ju izlemt, vai vi\u0146i v\u0113las tikt no\u0146emti no m\u0101rketinga kampa\u0146\u0101s izmantotajiem adres\u0101tu sarakstiem. Visi lietot\u0101ju\/klientu dati tiek stingri glab\u0101ti un ir pieejami tikai darbiniekiem, kuriem dati ir nepiecie\u0161ami darba veik\u0161anai. Visi m\u016bsu darbinieki (un biznesa partneri) ir atbild\u012bgi par priv\u0101tuma principu iev\u0113ro\u0161anu.<\/p>\n<p>Cenas<\/p>\n<p>Visas m\u0101jas lap\u0101 nor\u0101d\u012bt\u0101s pre\u010du cenas ir iek\u013cautas PVN. M\u0113s ap\u0146emamies iev\u0113rot cenu, par k\u0101du j\u016bsu pas\u016bt\u012bjums tika nos\u016bt\u012bts, neatkar\u012bgi no t\u0101, vai preces cena ir main\u012bjusies kop\u0161 pas\u016bt\u012bjuma izveido\u0161anas. Tom\u0113r m\u0113s paturam ties\u012bbas atcelt pas\u016bt\u012bjumu, pazi\u0146ojot pat\u0113r\u0113t\u0101jam pa e-pastu, ja vietn\u0113 ir radusies nopietna cenu noteik\u0161anas k\u013c\u016bda. Katrs klients, veicot pirkumu, sa\u0146em r\u0113\u0137inu elektronisk\u0101 form\u0101 uz e-pasta adresi, kuru vi\u0146\u0161 nor\u0101d\u012bjis veicot pas\u016bt\u012bjumu.<\/p>\n<p>&nbsp;<\/p>\n<p>Pieg\u0101de<\/p>\n<p>Visas m\u016bsu m\u0101jaslap\u0101 eso\u0161\u0101s preces atrodas m\u016bsu noliktav\u0101. Veicot pirkumu, klientam ir pien\u0101kums segt pieg\u0101des izmaksas, iz\u0146emot atsevi\u0161\u0137as preces, kas mar\u0137\u0113tas: &#8220;pieg\u0101de iek\u013cauta cen\u0101&#8221; vai &#8220;bezmaksas pieg\u0101de&#8221;. Izpildot pas\u016bt\u012bjumus, izmantojam kurjerkomp\u0101niju Expedico pakalpojumus. Mums ir nosl\u0113gts l\u012bgums par biznesa sadarb\u012bbu ar visiem augst\u0101k min\u0113tajiem kurjerpakalpojumiem. Pas\u016bt\u012bto pre\u010du pieg\u0101des laiks ir no 2 l\u012bdz 5 darba dien\u0101m (Covid-19 situ\u0101cijas d\u0113\u013c pieg\u0101des laiks var b\u016bt nedaudz ilg\u0101ks). Pas\u016bt\u012bt\u0101s preces pieg\u0101d\u0101jam uz adresi, kas nor\u0101d\u012bta k\u0101 pieg\u0101des adrese.<\/p>\n<p>&nbsp;<\/p>\n<p>Intelektu\u0101lais \u012bpa\u0161ums<\/p>\n<p>\u0160aj\u0101 t\u012bmek\u013ca vietn\u0113 redzamais saturs, piem\u0113ram, lapas, dizaina elementi (pogas, ikonas utt.), teksti, fotogr\u0101fijas, logotipi, audio ieraksti un programmat\u016bra, ir m\u016bsu vai m\u016bsu partneru \u012bpa\u0161ums, un to nedr\u012bkst izmantot bez m\u016bsu iepriek\u0161\u0113ja piepras\u012bjuma. piekri\u0161anu. Ja uzskat\u0101t, ka m\u016bsu vietnes saturs pieder jums un ir \u013caunpr\u0101t\u012bgi izmantots, l\u016bdzu, sazinieties ar mums, lai noteiktu intelektu\u0101l\u0101 \u012bpa\u0161uma \u012bpa\u0161umties\u012bbas. Visa t\u012bmek\u013ca vietn\u0113 pieejam\u0101 inform\u0101cija ir paredz\u0113ta tikai informat\u012bviem nol\u016bkiem, un to nedr\u012bkst izmantot komerci\u0101los nol\u016bkos vai izplat\u012bt tre\u0161aj\u0101m person\u0101m<\/p>\n<p>&nbsp;<\/p>\n<p>&nbsp;<\/p>\n<p>Apmekl\u0113t\u0101ju koment\u0101ri, sazi\u0146as un cits saturs<\/p>\n<p>Apmekl\u0113t\u0101ji var koment\u0113t preces un s\u016bt\u012bt zi\u0146as uz m\u016bsu e-pasta adresi. Mums ir ties\u012bbas nepublic\u0113t koment\u0101rus, kas ir \u013caunpr\u0101t\u012bgi, satur nepiedien\u012bgus izteikumus, izplata naidu vai jebk\u0101d\u0101 veid\u0101 apdraud citu cilv\u0113ku ties\u012bbas. \u0160\u0101di koment\u0101ri tiks dz\u0113sti bez br\u012bdin\u0101juma. Uzdo\u0161an\u0101s par citu personu un re\u0123istr\u0101cija ar k\u0101da cita e-pasta adresi nav at\u013cauta. M\u0113s varam uzs\u0101kt atbilsto\u0161u tiesved\u012bbu pret \u0161\u0101d\u0101m darb\u012bb\u0101m<\/p>\n<p>&nbsp;<\/p>\n<p>Pre\u010du apraksti.<\/p>\n<p>M\u016bsu interes\u0113s ir p\u0113c iesp\u0113jas prec\u012bz\u0101k aprakst\u012bt visus produktus. Tom\u0113r m\u0113s negarant\u0113jam, ka sniegt\u0101 inform\u0101cija par produktu ir prec\u012bza, piln\u012bga, uzticama vai bez k\u013c\u016bd\u0101m. Ja ieg\u0101d\u0101t\u0101 prece at\u0161\u0137iras no m\u0101jaslap\u0101 nor\u0101d\u012bt\u0101 apraksta, tirgot\u0101jam ir ties\u012bbas to atgriezt neboj\u0101tu kop\u0101 ar visu papildu apr\u012bkojumu, kas tika pieg\u0101d\u0101ts kop\u0101 ar to, un m\u0113s atmaks\u0101sim naudu.<\/p>\n<p>&nbsp;<\/p>\n<p>Darba laiks<\/p>\n<p>Str\u0101d\u0101jam no 9 l\u012bdz 17, 5 dienas ned\u0113\u013c\u0101 (pirmdiena, otrdiena, tre\u0161diena, ceturtdiena, piektdiena). Tehnisku probl\u0113mu vai regul\u0101ras apkopes gad\u012bjum\u0101 vietne var b\u016bt \u012bslaic\u012bgi nepieejama, par ko inform\u0113sim iepriek\u0161.<\/p>\n<p>&nbsp;<\/p>\n<p>Datu mai\u0146a (atjaunin\u0101\u0161ana) vietn\u0113<\/p>\n<p>M\u0113s paturam ties\u012bbas jebkur\u0101 laik\u0101 bez iepriek\u0161\u0113ja br\u012bdin\u0101juma main\u012bt jebkur\u0101 t\u012bmek\u013ca vietnes lap\u0101 redzamo inform\u0101ciju. Vietnes apmekl\u0113t\u0101jiem nav ties\u012bbu vienpus\u0113ji main\u012bt lieto\u0161anas noteikumus, un jebkuras izmai\u0146as ir sp\u0113k\u0101 neeso\u0161as, ja vien abas puses nav rakstiski vienoju\u0161\u0101s.<\/p>\n<p>&nbsp;<\/p>\n<p>Papildus inform\u0101cija<\/p>\n<p>Atsevi\u0161\u0137u \u0161o Lieto\u0161anas noteikumu noteikumu da\u013c\u0113ja vai piln\u012bga neiesp\u0113jam\u012bba vai nelikum\u012bba neietekm\u0113s p\u0101r\u0113jo noteikumu sp\u0113k\u0101 esam\u012bbu, kas paliek sp\u0113k\u0101 kopum\u0101. Neatbilsto\u0161s vai nelikum\u012bgs noteikums tiks aizst\u0101ts ar citu atbilsto\u0161u noteikumu. J\u016bs piekr\u012btat nenodot savas ties\u012bbas un pien\u0101kumus saska\u0146\u0101 ar \u0161iem lieto\u0161anas noteikumiem tre\u0161ajai pusei bez m\u016bsu nep\u0101rprotamas rakstiskas piekri\u0161anas.<\/p>\n","protected":false},"excerpt":{"rendered":"<p>visp\u0101r\u012bgie uz\u0146\u0113m\u0113jdarb\u012bbas noteikumi Cartium.com\/ (turpm\u0101k &#8220;m\u0113s&#8221;, &#8220;mums&#8221;, &#8220;m\u016bsu&#8221;, &#8220;m\u016bsu&#8221;, &#8220;m\u016bsu&#8221; utt.) ir tie\u0161saistes veikals, kas pieder ECTCEU doo. (turpm\u0101k &#8220;m\u0113s&#8221;, &#8220;m\u016bsu&#8221;, &#8220;m\u016bsu&#8221;, &#8220;m\u016bsu&#8221;, &#8220;m\u016bsu&#8221; utt.), kas darbojas saska\u0146\u0101 ar E-komercijas likumu un visiem citiem piem\u0113rojamajiem Eiropas Savien\u012bbas normat\u012bvajiem aktiem. . Apmekl\u0113jot vai veicot pirkumu m\u016bsu interneta veikal\u0101, j\u016bs piekr\u012btat \u0161\u0101diem lieto\u0161anas noteikumiem. Uzman\u012bgi izlasiet un &hellip; <a href=\"https:\/\/cartium.eu\/lv\/noteikumi-un-nosacijumi\/\">Continued<\/a><\/p>\n","protected":false},"author":1,"featured_media":0,"parent":0,"menu_order":0,"comment_status":"closed","ping_status":"closed","template":"","meta":{"inline_featured_image":false,"footnotes":""},"class_list":["post-100","page","type-page","status-publish","hentry"],"acf":[],"_links":{"self":[{"href":"https:\/\/cartium.eu\/lv\/wp-json\/wp\/v2\/pages\/100","targetHints":{"allow":["GET"]}}],"collection":[{"href":"https:\/\/cartium.eu\/lv\/wp-json\/wp\/v2\/pages"}],"about":[{"href":"https:\/\/cartium.eu\/lv\/wp-json\/wp\/v2\/types\/page"}],"author":[{"embeddable":true,"href":"https:\/\/cartium.eu\/lv\/wp-json\/wp\/v2\/users\/1"}],"replies":[{"embeddable":true,"href":"https:\/\/cartium.eu\/lv\/wp-json\/wp\/v2\/comments?post=100"}],"version-history":[{"count":12,"href":"https:\/\/cartium.eu\/lv\/wp-json\/wp\/v2\/pages\/100\/revisions"}],"predecessor-version":[{"id":10610,"href":"https:\/\/cartium.eu\/lv\/wp-json\/wp\/v2\/pages\/100\/revisions\/10610"}],"wp:attachment":[{"href":"https:\/\/cartium.eu\/lv\/wp-json\/wp\/v2\/media?parent=100"}],"curies":[{"name":"wp","href":"https:\/\/api.w.org\/{rel}","templated":true}]}}