{"id":102,"date":"2020-10-28T10:57:38","date_gmt":"2020-10-28T10:57:38","guid":{"rendered":"https:\/\/shopium.eu\/rs\/?page_id=102"},"modified":"2024-04-30T11:04:19","modified_gmt":"2024-04-30T09:04:19","slug":"pretenzijas-un-precu-apmaina","status":"publish","type":"page","link":"https:\/\/cartium.eu\/lv\/pretenzijas-un-precu-apmaina\/","title":{"rendered":"Pretenzijas un pre\u010du apmai\u0146a"},"content":{"rendered":"<p>S\u016aDZ\u012aBAS UN PRE\u010cU APMAI\u0145A<br \/>\nS\u016bdz\u012bbas<br \/>\nJa rodas pretenzijas par preci vai m\u016bsu pakalpojumiem, l\u016bdzu, sazinieties ar mums (lv@cartium.eu). Varat b\u016bt p\u0101rliecin\u0101ti, ka esam gatavi un sp\u0113jam atrisin\u0101t jebkuru radu\u0161os situ\u0101ciju. Preces, kas non\u0101k tie\u0161\u0101 saskar\u0113 ar \u0101du, zobiem vai int\u012bm\u0101m \u0137erme\u0146a da\u013c\u0101m, nav pak\u013cautas s\u016bdz\u012bb\u0101m. Preces ar skaidr\u0101m lieto\u0161anas paz\u012bm\u0113m ar\u012b netiek atgrieztas!<\/p>\n<p>Pre\u010du apmai\u0146a vai atmaksa<br \/>\n14 dienu laik\u0101 p\u0113c preces ieg\u0101des tirgot\u0101jam ir iesp\u0113ja ieg\u0101d\u0101t\u0101s preces apmain\u012bt. J\u016bs varat apmain\u012bt preci pret citu vai piepras\u012bt naudas atmaksu.<br \/>\nPrece nedr\u012bkst b\u016bt boj\u0101ta, un t\u0101 ir j\u0101atgrie\u017e ori\u0123in\u0101laj\u0101 un neboj\u0101t\u0101 iepakojum\u0101 kop\u0101 ar visiem pieg\u0101d\u0101tajiem piederumiem. Pret\u0113j\u0101 gad\u012bjum\u0101 s\u016bdz\u012bba tiks noraid\u012bta vai pie\u0146emta tikai da\u013c\u0113ji!<br \/>\n14 dienu laik\u0101 p\u0113c s\u016bt\u012bjuma sa\u0146em\u0161anas komersants var mums rakstiski pa e-pastu (lv@cartium.eu) pazi\u0146ot par atk\u0101p\u0161anos no l\u012bguma un nor\u0101d\u012bt savus rekviz\u012btus un s\u016bt\u012bjuma numuru vai nos\u016bt\u012bt mums sa\u0146emto elektronisko r\u0113\u0137inu uz e. &#8211; pasta adrese, kas nor\u0101d\u012bta, veicot pirkumu, lai m\u0113s var\u0113tu identific\u0113t pas\u016bt\u012bjumu. Tikm\u0113r j\u016bs varat aizpild\u012bt veidlapu \u0161eit un nos\u016bt\u012bt preci atpaka\u013c uz m\u016bsu adresi 14 dienu laik\u0101: (adreses tiks nor\u0101d\u012btas)<\/p>\n<p>ECTCEU d.o.o., Kamni\u0161ka cesta 24, 1235 Radomlje, Slov\u0113nija<\/p>\n<p>E-pasta adrese pretenzijas vai mai\u0146as gad\u012bjum\u0101: lv@cartium.eu<br \/>\nNauda tiks atgriezta p\u0113c atgrie\u0161anas s\u016bt\u012bjuma sa\u0146em\u0161anas!<br \/>\nPre\u010du apmai\u0146as forma:<a href=\"https:\/\/bit.ly\/\"> https:\/\/bit.ly\/<\/a><br \/>\nAtgrie\u0161anas forma:\u00a0<a href=\"https:\/\/bitly\/\">https:\/\/bitly\/<\/a><\/p>\n<p>Koment\u0101ri:<br \/>\nS\u016bt\u012b\u0161anas izmaksas sedz s\u016bt\u012bt\u0101js. Skaidru naudu p\u0113c pieg\u0101des nepie\u0146emam! Ja neaizpild\u0101t l\u012bguma atteikuma veidlapu 14 dienu laik\u0101 p\u0113c s\u016bt\u012bjuma sa\u0146em\u0161anas, naudas atgrie\u0161ana vai pre\u010du apmai\u0146a nav iesp\u0113jama! Prece tiks nomain\u012bta vai nauda tiks atmaks\u0101ta 8 darba dienu laik\u0101 p\u0113c iepakojuma sa\u0146em\u0161anas.<\/p>\n","protected":false},"excerpt":{"rendered":"<p>S\u016aDZ\u012aBAS UN PRE\u010cU APMAI\u0145A S\u016bdz\u012bbas Ja rodas pretenzijas par preci vai m\u016bsu pakalpojumiem, l\u016bdzu, sazinieties ar mums (lv@cartium.eu). Varat b\u016bt p\u0101rliecin\u0101ti, ka esam gatavi un sp\u0113jam atrisin\u0101t jebkuru radu\u0161os situ\u0101ciju. Preces, kas non\u0101k tie\u0161\u0101 saskar\u0113 ar \u0101du, zobiem vai int\u012bm\u0101m \u0137erme\u0146a da\u013c\u0101m, nav pak\u013cautas s\u016bdz\u012bb\u0101m. Preces ar skaidr\u0101m lieto\u0161anas paz\u012bm\u0113m ar\u012b netiek atgrieztas! Pre\u010du apmai\u0146a &hellip; <a href=\"https:\/\/cartium.eu\/lv\/pretenzijas-un-precu-apmaina\/\">Continued<\/a><\/p>\n","protected":false},"author":1,"featured_media":0,"parent":0,"menu_order":0,"comment_status":"closed","ping_status":"closed","template":"","meta":{"inline_featured_image":false,"footnotes":""},"class_list":["post-102","page","type-page","status-publish","hentry"],"acf":[],"_links":{"self":[{"href":"https:\/\/cartium.eu\/lv\/wp-json\/wp\/v2\/pages\/102","targetHints":{"allow":["GET"]}}],"collection":[{"href":"https:\/\/cartium.eu\/lv\/wp-json\/wp\/v2\/pages"}],"about":[{"href":"https:\/\/cartium.eu\/lv\/wp-json\/wp\/v2\/types\/page"}],"author":[{"embeddable":true,"href":"https:\/\/cartium.eu\/lv\/wp-json\/wp\/v2\/users\/1"}],"replies":[{"embeddable":true,"href":"https:\/\/cartium.eu\/lv\/wp-json\/wp\/v2\/comments?post=102"}],"version-history":[{"count":9,"href":"https:\/\/cartium.eu\/lv\/wp-json\/wp\/v2\/pages\/102\/revisions"}],"predecessor-version":[{"id":10900,"href":"https:\/\/cartium.eu\/lv\/wp-json\/wp\/v2\/pages\/102\/revisions\/10900"}],"wp:attachment":[{"href":"https:\/\/cartium.eu\/lv\/wp-json\/wp\/v2\/media?parent=102"}],"curies":[{"name":"wp","href":"https:\/\/api.w.org\/{rel}","templated":true}]}}