{"id":104,"date":"2020-10-28T10:57:46","date_gmt":"2020-10-28T10:57:46","guid":{"rendered":"https:\/\/shopium.eu\/rs\/?page_id=104"},"modified":"2023-09-15T10:58:37","modified_gmt":"2023-09-15T08:58:37","slug":"par-mums","status":"publish","type":"page","link":"https:\/\/cartium.eu\/lv\/par-mums\/","title":{"rendered":"Par mums"},"content":{"rendered":"<p>M\u016bsu dom\u0101\u0161ana caur Z\u012aMOLA prizmu \u2013 kas m\u0113s esam un k\u0101p\u0113c esam tik ilgi?<\/p>\n<p>M\u016bsdienu aiz\u0146emtaj\u0101 dz\u012bvesveid\u0101 katra biznesa pamat\u0101 ir p\u0113c iesp\u0113jas liel\u0101kas pe\u013c\u0146as g\u016b\u0161ana. Ta\u010du ar\u012b tas tiek p\u0101rvar\u0113ts atbilsto\u0161i ikdienas p\u0101rmai\u0146\u0101m pasaul\u0113, un ar pe\u013c\u0146u vien vairs nepietiek k\u0101 tikai vienas puses m\u0113r\u0137a sasnieg\u0161anai.<\/p>\n<p>Da\u017ereiz vislab\u0101k ir paskat\u012bties uz liet\u0101m no cita skatu punkta, bie\u017ei vien re\u0101l\u0101ka, lai redz\u0113tu, kas patie\u0161\u0101m nepiecie\u0161ams, lai p\u0101rvar\u0113tu pak\u0101pi augst\u0101k.<\/p>\n<p>Attiec\u012bgi 2018. gad\u0101 s\u0101k\u0101m aptauj\u0101t cilv\u0113kus ar prim\u0101ro m\u0113r\u0137i noskaidrot, kas cilv\u0113kiem paties\u012bb\u0101 ir nepiecie\u0161ams vi\u0146u ikdien\u0101, un tam piel\u0101goj\u0101m savu biznesa modeli.<\/p>\n<p>&nbsp;<\/p>\n<p>M\u016bsu m\u0113r\u0137is:<\/p>\n<p>Glob\u0101lais interneta tirgus ir p\u0101rpludin\u0101ts ar neapr\u0113\u0137in\u0101mu pre\u010du daudzumu, kas tiek pied\u0101v\u0101ts no visas pasaules, un tikai to pas\u016bt\u012b\u0161ana ir liela probl\u0113ma un juceklis, t\u0101p\u0113c cilv\u0113ki ir attur\u012bgi, run\u0101jot par \u0161\u0101d\u0101m liet\u0101m.<\/p>\n<p>K\u013c\u016bst gr\u016bti at\u0161\u0137irt, kuram interneta veikalam ir labi att\u012bst\u012bts biznesa modelis un augsta l\u012bme\u0146a organiz\u0101cija, kur priorit\u0101te ir klients un dro\u0161a iepirk\u0161an\u0101s!<\/p>\n<p>Tas viss nedr\u012bkst b\u016bt iemesls, k\u0101p\u0113c m\u0113s nevaram izbaud\u012bt interesantas lietas, kas ir pieejamas tikai mums tie\u0161saist\u0113, t\u0101p\u0113c m\u0113s esam \u0161eit, lai kalpotu jums k\u0101 filtrs un dro\u0161a iesp\u0113ja t\u0101diem zin\u0101tk\u0101riem k\u0101 m\u0113s.<\/p>\n<p>Atbilsto\u0161i glob\u0101lajam interneta tirgum, kuru past\u0101v\u012bgi uzraug\u0101m, v\u0113lamies vienuviet apkopot visus lab\u0101kos un nepiecie\u0161am\u0101kos trenda produktus, kas padar\u012bs J\u016bs laim\u012bg\u0101kus un atvieglos J\u016bsu ikdienu.<\/p>\n<p>Viens no parametriem, kas m\u016bsu aptaujas laik\u0101 izr\u0101d\u012bj\u0101s prim\u0101ri svar\u012bgs, ir \u0101tra pieg\u0101de, t\u0101p\u0113c saska\u0146\u0101 ar to visas preces, kuras esam izliku\u0161i m\u0101jaslap\u0101, m\u0113s glab\u0101jam re\u0101l\u0101 noliktav\u0101 m\u016bsu noliktav\u0101s Eirop\u0101, lai t\u0101s b\u016btu pieejamas.<\/p>\n<p>tagad un tagad!<\/p>\n<p>Protams, vissvar\u012bg\u0101k\u0101 da\u013ca ir produkta kvalit\u0101te, t\u0101p\u0113c m\u0113s r\u016bp\u012bgi p\u0101rbaud\u0101m katru atsevi\u0161\u0137u produktu pirms t\u0101 lai\u0161anas tirg\u016b un p\u0101rbaud\u0101m visas funkcionalit\u0101tes, lai p\u0101rliecin\u0101tos, ka produkts patie\u0161\u0101m atbilst pied\u0101v\u0101tajiem kvalit\u0101tes standartiem.<\/p>\n<p>M\u016bsu moto:<\/p>\n<p>M\u0113s izp\u0113t\u012bsim mekl\u0113t\u0101jprogrammu jums un produktiem, kas jums pat\u012bk &#8211; bez j\u016bsu riska!<\/p>\n","protected":false},"excerpt":{"rendered":"<p>M\u016bsu dom\u0101\u0161ana caur Z\u012aMOLA prizmu \u2013 kas m\u0113s esam un k\u0101p\u0113c esam tik ilgi? M\u016bsdienu aiz\u0146emtaj\u0101 dz\u012bvesveid\u0101 katra biznesa pamat\u0101 ir p\u0113c iesp\u0113jas liel\u0101kas pe\u013c\u0146as g\u016b\u0161ana. Ta\u010du ar\u012b tas tiek p\u0101rvar\u0113ts atbilsto\u0161i ikdienas p\u0101rmai\u0146\u0101m pasaul\u0113, un ar pe\u013c\u0146u vien vairs nepietiek k\u0101 tikai vienas puses m\u0113r\u0137a sasnieg\u0161anai. Da\u017ereiz vislab\u0101k ir paskat\u012bties uz liet\u0101m no cita &hellip; <a href=\"https:\/\/cartium.eu\/lv\/par-mums\/\">Continued<\/a><\/p>\n","protected":false},"author":1,"featured_media":0,"parent":0,"menu_order":0,"comment_status":"closed","ping_status":"closed","template":"","meta":{"inline_featured_image":false,"footnotes":""},"class_list":["post-104","page","type-page","status-publish","hentry"],"acf":[],"_links":{"self":[{"href":"https:\/\/cartium.eu\/lv\/wp-json\/wp\/v2\/pages\/104","targetHints":{"allow":["GET"]}}],"collection":[{"href":"https:\/\/cartium.eu\/lv\/wp-json\/wp\/v2\/pages"}],"about":[{"href":"https:\/\/cartium.eu\/lv\/wp-json\/wp\/v2\/types\/page"}],"author":[{"embeddable":true,"href":"https:\/\/cartium.eu\/lv\/wp-json\/wp\/v2\/users\/1"}],"replies":[{"embeddable":true,"href":"https:\/\/cartium.eu\/lv\/wp-json\/wp\/v2\/comments?post=104"}],"version-history":[{"count":4,"href":"https:\/\/cartium.eu\/lv\/wp-json\/wp\/v2\/pages\/104\/revisions"}],"predecessor-version":[{"id":10612,"href":"https:\/\/cartium.eu\/lv\/wp-json\/wp\/v2\/pages\/104\/revisions\/10612"}],"wp:attachment":[{"href":"https:\/\/cartium.eu\/lv\/wp-json\/wp\/v2\/media?parent=104"}],"curies":[{"name":"wp","href":"https:\/\/api.w.org\/{rel}","templated":true}]}}