{"id":1044,"date":"2021-01-05T14:08:01","date_gmt":"2021-01-05T13:08:01","guid":{"rendered":"https:\/\/shopium.eu\/hr\/?page_id=1044"},"modified":"2023-09-15T11:39:28","modified_gmt":"2023-09-15T09:39:28","slug":"sikdatnu-politika","status":"publish","type":"page","link":"https:\/\/cartium.eu\/lv\/sikdatnu-politika\/","title":{"rendered":"S\u012bkdat\u0146u politika"},"content":{"rendered":"<p>Uz\u0146\u0113mums ECTCEU d.o.o. ciena un aizsarg\u0101 j\u016bsu priv\u0101tumu. T\u0101l\u0101k ir sniegta s\u012bk\u0101ka inform\u0101cija par to, k\u0101 m\u0113s apstr\u0101d\u0101jam j\u016bsu personas datus.<\/p>\n<p>\u0160\u012b s\u012bkdat\u0146u politika apraksta to datu apstr\u0101di, kas sav\u0101kti, izmantojot s\u012bkfailus un l\u012bdz\u012bgas tehnolo\u0123ijas. \u0160ie noteikumi ir sagatavoti saska\u0146\u0101 ar Eiropas Savien\u012bbas Visp\u0101r\u012bgo datu aizsardz\u012bbas regulu (GDPR) un sp\u0113k\u0101 eso\u0161ajiem Slov\u0113nijas ties\u012bbu aktiem.<\/p>\n<p>1. Par cepumiem<\/p>\n<p>Kas ir s\u012bkdatnes un k\u0101p\u0113c t\u0101s ir vajadz\u012bgas?<\/p>\n<p>S\u012bkdatne ir neliela datu da\u013ca, ko vietne nos\u016bta p\u0101rl\u016bkprogrammai saist\u012bb\u0101 ar j\u016bsu apmekl\u0113jumu. T\u0101d\u0101 veid\u0101 vietne j\u016bs atpaz\u012bst, atceras ar j\u016bsu apmekl\u0113jumu saist\u012bto inform\u0101ciju un nodro\u0161ina jums piel\u0101gotu un vienk\u0101r\u0161u tie\u0161saistes pakalpojumu. S\u012bkdatnes pal\u012bdz mums piel\u0101got m\u016bsu vietnes saturu, atcer\u0113ties j\u016bsu preferences un re\u0123istr\u0113t m\u016bsu vietnes apmekl\u0113jumus. S\u012bkdatnes nodro\u0161ina pat\u012bkamu, \u0101tru un efekt\u012bv\u0101ku p\u0101rl\u016bko\u0161anas pieredzi m\u016bsu vietn\u0113.<\/p>\n<p>&nbsp;<\/p>\n<p>2. M\u0113s izmantojam s\u012bkfailus<\/p>\n<p>M\u0113s sav\u0101 vietn\u0113 izmantojam da\u017e\u0101das s\u012bkdat\u0146u kategorijas, kas iedal\u012btas \u010detr\u0101s kategorij\u0101s:<\/p>\n<p>nepiecie\u0161amie cepumi,<br \/>\nanal\u012btiskie s\u012bkfaili,<br \/>\nfunkcion\u0101l\u0101s s\u012bkdatnes un<br \/>\nrekl\u0101mas (m\u0101rketinga) s\u012bkdatnes.<br \/>\nNepiecie\u0161am\u0101s s\u012bkdatnes ir s\u012bkdatnes, bez kur\u0101m m\u016bsu vietne nevar\u0113tu darboties. \u0160\u012bs s\u012bkdatnes tiek autom\u0101tiski ievietotas j\u016bsu ier\u012bc\u0113, un t\u0101s nevar izsl\u0113gt. Nepiecie\u0161am\u0101s s\u012bkdatnes nevar j\u016bs identific\u0113t, un t\u0101s ir paredz\u0113tas tikai, lai nodro\u0161in\u0101tu, ka vietne tiek par\u0101d\u012bta pareizi.<\/p>\n<p>Anal\u012btisk\u0101s s\u012bkdatnes \u013cauj mums veikt da\u017e\u0101das m\u016bsu vietnes statistisk\u0101s anal\u012bzes. \u0160\u012bs s\u012bkdatnes tiek izmantotas anonimiz\u0113t\u0101 veid\u0101, kas noz\u012bm\u0113, ka t\u0101s nevar j\u016bs identific\u0113t. J\u016bs varat atsp\u0113jot \u0161o s\u012bkdat\u0146u izmanto\u0161anu sav\u0101 interneta p\u0101rl\u016bkprogramm\u0101 vai sada\u013c\u0101 &#8220;S\u012bkfailu iestat\u012bjumi&#8221; m\u016bsu vietnes apak\u0161\u0101.<\/p>\n<p>Funkcion\u0101l\u0101s s\u012bkdatnes ir s\u012bkdatnes, kas nodro\u0161ina da\u017e\u0101das m\u016bsu vietnes funkcijas, piem\u0113ram, valodas iestat\u012b\u0161anu, iepirkumu groza satura saglab\u0101\u0161anu utt. \u0160\u012bs s\u012bkdatnes tiek ievietotas j\u016bsu ier\u012bc\u0113 tikai ar j\u016bsu iepriek\u0161\u0113ju piekri\u0161anu.<\/p>\n<p>M\u0101rketinga s\u012bkdatnes tiek izmantotas, lai nodro\u0161in\u0101tu personaliz\u0113tus rekl\u0101mas pakalpojumus. Izmantojot datus, \u0161\u012bs s\u012bkdatnes izveido j\u016bsu profilu, pamatojoties uz kuru j\u016bs redz\u0113sit tikai t\u0101s rekl\u0101mas, kuras j\u016bs var\u0113tu interes\u0113t. \u0160\u012bs s\u012bkdatnes tiek ievietotas j\u016bsu ier\u012bc\u0113 tikai ar j\u016bsu iepriek\u0161\u0113ju piekri\u0161anu. V\u0113lamies br\u012bdin\u0101t, ka \u0161o s\u012bkdat\u0146u izmanto\u0161anas noraid\u012b\u0161ana nenov\u0113rs\u012bs rekl\u0101mu r\u0101d\u012b\u0161anu vietn\u0113, jo t\u0101s joproj\u0101m tiks r\u0101d\u012btas; tom\u0113r tie vairs netiks piel\u0101goti j\u016bsu interes\u0113m.<\/p>\n<p>Papildus iepriek\u0161 min\u0113taj\u0101m kategorij\u0101m m\u0113s no\u0161\u0137iram pirm\u0101s puses s\u012bkfailus un tre\u0161o pu\u0161u s\u012bkfailus, ko izmantojam m\u016bsu vietn\u0113.<\/p>\n<p>Pirm\u0101s puses s\u012bkfaili ir s\u012bkfaili, kas pieder \u0161ai vietnei, t.i., s\u012bkfailus, ko \u0161aj\u0101 vietn\u0113 ievietojis m\u016bsu uz\u0146\u0113mums vai m\u016bsu l\u012bgumiski apstr\u0101d\u0101t\u0101ji. Lai uzzin\u0101tu vair\u0101k par m\u016bsu l\u012bgumiskajiem apstr\u0101d\u0101t\u0101jiem, l\u016bdzu, izlasiet m\u016bsu konfidencialit\u0101tes politiku.<\/p>\n<p>Tre\u0161\u0101s puses s\u012bkfaili ir s\u012bkfaili, ko ievieto citas vietnes, nevis t\u0101, kuru pa\u0161laik apmekl\u0113jat un kas \u013cauj mums izmantot personaliz\u0113tas rekl\u0101mas. \u0160\u012bs s\u012bkdatnes tiek izmantotas, lai izsekotu j\u016bsu interneta lietojumam, \u013caujot mums r\u0101d\u012bt jums atbilsto\u0161as \u200b\u200bun interesantas rekl\u0101mas.<\/p>\n<p>&nbsp;<\/p>\n<p>3. S\u012bkdat\u0146u iestat\u012bjumu redi\u0123\u0113\u0161ana<\/p>\n<p>J\u016bs varat izlemt, vai v\u0113laties at\u013caut s\u012bkfailu glab\u0101\u0161anu sav\u0101 ier\u012bc\u0113.<\/p>\n<p>S\u012bkdat\u0146u iestat\u012bjumus jebkur\u0101 laik\u0101 varat main\u012bt vietnes apak\u0161da\u013c\u0101 eso\u0161aj\u0101 sada\u013c\u0101 &#8220;S\u012bkfailu iestat\u012bjumi&#8221;.<\/p>\n<p>Kad j\u016bs apmekl\u0113jat m\u016bsu vietni, j\u016bsu ier\u012bc\u0113 tiek autom\u0101tiski ievietotas tikai nepiecie\u0161am\u0101s s\u012bkdatnes un anon\u012bm\u0101s anal\u012btisk\u0101s s\u012bkdatnes, savuk\u0101rt preferen\u010du un m\u0101rketinga s\u012bkfaili tiek ievietoti j\u016bsu ier\u012bc\u0113 tikai ar j\u016bsu piekri\u0161anu.<\/p>\n<p>K\u0101 es varu dot savu piekri\u0161anu?<\/p>\n<p>Pirmoreiz apmekl\u0113jot m\u016bsu vietni, tiks atv\u0113rts uznirsto\u0161ais logs, kur\u0101 var\u0113siet izv\u0113l\u0113ties atbilsto\u0161os s\u012bkfailu iestat\u012bjumus. Ja esat jau apmekl\u0113jis m\u016bsu vietni un apstiprin\u0101jis izv\u0113l\u0113t\u0101s s\u012bkdatnes, varat main\u012bt \u0161os iestat\u012bjumus, dodoties uz sada\u013cu &#8220;S\u012bkfailu iestat\u012bjumi&#8221; m\u016bsu vietnes apak\u0161\u0101. Tiks atv\u0113rts jauns uznirsto\u0161ais logs, un j\u016bs var\u0113siet izv\u0113l\u0113ties s\u012bkfailu iestat\u012bjumus.<\/p>\n<p>V\u0113lamies br\u012bdin\u0101t, ka s\u012bkdat\u0146u izmanto\u0161anas noraid\u012b\u0161ana nenov\u0113rs\u012bs rekl\u0101mu r\u0101d\u012b\u0161anu vietn\u0113. Par\u0101d\u012bto rekl\u0101mu skaits b\u016bs t\u0101ds pats k\u0101 tad, ja j\u016bs b\u016btu pie\u0146\u0113mis s\u012bkfailus. Ja j\u016bs atsak\u0101ties pie\u0146emt rekl\u0101mas s\u012bkfailus, j\u016bs redz\u0113sit tikai visp\u0101r\u012bgas rekl\u0101mas, un j\u016bs neredz\u0113sit rekl\u0101mas, kas piel\u0101gotas j\u016bsu v\u0113lm\u0113m un vajadz\u012bb\u0101m.<\/p>\n<p>S\u012bkdat\u0146u iestat\u012bjumus var p\u0101rraudz\u012bt un main\u012bt ar\u012b sav\u0101 interneta p\u0101rl\u016bkprogramm\u0101.<\/p>\n<p>Lai ieg\u016btu papildinform\u0101ciju par s\u012bkfailu iestat\u012bjumiem, atlasiet interneta p\u0101rl\u016bkprogrammu, kuru izmantojat:<\/p>\n<p>Chrome<br \/>\nFirefox<br \/>\nInternet Explorer<br \/>\nSafari<br \/>\nOpera<br \/>\nJa main\u0101t vai dz\u0113\u0161at p\u0101rl\u016bkprogrammas s\u012bkfailu failu vai main\u0101t\/jaunin\u0101t p\u0101rl\u016bkprogrammu vai ier\u012bci, iesp\u0113jams, s\u012bkfaili b\u016bs j\u0101atsp\u0113jo v\u0113lreiz. S\u012bkdat\u0146u p\u0101rvald\u012bbas un dz\u0113\u0161anas proced\u016bra ir atkar\u012bga no p\u0101rl\u016bkprogrammas. Ja jums nepiecie\u0161ama pal\u012bdz\u012bba, varat skat\u012bt savas p\u0101rl\u016bkprogrammas sada\u013cu &#8220;Lietot\u0101ju atbalsts&#8221;.<\/p>\n<p>Varat ar\u012b atsp\u0113jot Google Analytics vietn\u0113 https:\/\/marketingplatform.google.com\/about\/.<\/p>\n<p>Lai uzzin\u0101tu vair\u0101k par s\u012bkfailiem, apmekl\u0113jiet vietni http:\/\/youronlinechoices.com\/.<\/p>\n<p>&nbsp;<\/p>\n<p>4. S\u012bkdatnes, kuras m\u0113s izmantojam \u0161aj\u0101 t\u012bmek\u013ca vietn\u0113<\/p>\n<p>&nbsp;<\/p>\n<p>S\u012aKDA\u013bA NOSAUKUMS UZ\u0145\u0112MUMA ILGUMS<br \/>\nsb Darba papildin\u0101jums 2 gadi Facebook<br \/>\nfr Papildin\u0101jums darbojas 3 m\u0113ne\u0161us Facebook<br \/>\nxs Papildin\u0101jums darbojas 3 m\u0113ne\u0161us Facebook<br \/>\nc_user Papildin\u0101juma darb\u012bba 3 m\u0113ne\u0161i Facebook<br \/>\nkl\u0101tb\u016btne Spraud\u0146a darb\u012bba Sesijas ilgums Facebook<br \/>\npl Darba papildin\u0101jums 1 m\u0113nesis Facebook<br \/>\nwd Papilddarbs 1 ned\u0113\u013ca Facebook<br \/>\ndatr Papildu darbs 3 m\u0113ne\u0161i Facebook<br \/>\nS\u012aKDA\u013bA NOSAUKUMS UZ\u0145\u0112MUMA ILGUMS<br \/>\nm_pixel_ratio Papildin\u0101juma darb\u012bba Sesijas ilgums Facebook<br \/>\ndpr Papildu darbs 1 ned\u0113\u013ca Facebook<br \/>\nakts \u200b\u200bPapildu darb\u012bba Sesijas ilgums Facebook<br \/>\n_lo_v Spraud\u0146a Ghost Monitor darb\u012bba 3 m\u0113ne\u0161i Ghost Monitor<br \/>\n__cfduid Ghost Monitor spraud\u0146a darb\u012bba 1 gads Ghost Monitor<br \/>\n_lo_u Spraud\u0146a Ghost Monitor darb\u012bba 1 gads Ghost Monitor<br \/>\n_ga Ghost Monitor pievienojumprogrammas darb\u012bba 1 gads Ghost Monitor<br \/>\nS\u012aKDA\u013bA NOSAUKUMS UZ\u0145\u0112MUMA ILGUMS<br \/>\n__utma Lietot\u0101ju apmekl\u0113jumu statistika par 2 gadiem Google Analytics<br \/>\n__utmz Lietot\u0101ju apmekl\u0113jumu statistika par 6 m\u0113ne\u0161iem Google Analytics<br \/>\n__utmc Lietot\u0101ju apmekl\u0113jumu statistika Google Analytics sesijas ilgums<br \/>\n__utmv Lietot\u0101ju apmekl\u0113jumu statistika Google Analytics sesijas ilgums<br \/>\n__destillery Video ier\u012bces shopium.eu shopium.eu darb\u012bba<br \/>\nwoocommerce_items_in_cart Vietnes darb\u012bba shopium.eu shopium.eu shopium.eu<br \/>\n__kla_id Vietnes shopium.eu shopium.eu shopium.eu darb\u012bba<br \/>\nwp_woocommerce_session_ Shopium.eu darb\u012bba shopium.eu shopium.eu<\/p>\n<p>5. M\u0113r\u0137i, k\u0101diem m\u016bsu vietn\u0113 tiek izmantotas s\u012bkdatnes<\/p>\n<p>M\u016bsu vietn\u0113 s\u012bkdatnes tiek izmantotas \u0161\u0101diem m\u0113r\u0137iem:<\/p>\n<p>apmekl\u0113t\u0101ju atpaz\u012b\u0161ana vi\u0146u n\u0101kam\u0101 apmekl\u0113juma laik\u0101,<br \/>\nsaglab\u0101t j\u016bsu sniegtos produktu v\u0113rt\u0113jumus,<br \/>\nt\u012bmek\u013ca vietnes anal\u012bze,<br \/>\nnodro\u0161in\u0101t vietnes dro\u0161\u012bbu,<br \/>\niepirkumu groza satura izseko\u0161ana un saglab\u0101\u0161ana (sesijas s\u012bkfails),<br \/>\ns\u012bkfails, lai nos\u016bt\u012btu zi\u0146ojumu par nepabeigtu pirkumu,<br \/>\nvideo satura darb\u012bba,<br \/>\nt\u0113rz\u0113\u0161anas funkcijas darb\u012bba vietn\u0113 un<br \/>\nrekl\u0101ma.<\/p>\n<p>6. J\u016bsu ties\u012bbas attiec\u012bb\u0101 uz personas datu apstr\u0101di, izmantojot s\u012bkdatnes<\/p>\n<p>Papildus s\u012bkfailu iestat\u012bjumu redi\u0123\u0113\u0161anai, k\u0101 aprakst\u012bts iepriek\u0161, jums ir ar\u012b iesp\u0113ja izmantot savas ties\u012bbas, kas saist\u012btas ar personas datu apstr\u0101di. \u0160\u012bs ties\u012bbas ir detaliz\u0113ti aprakst\u012btas m\u016bsu Priv\u0101tuma politik\u0101.<\/p>\n<p>&nbsp;<\/p>\n<p>7. Izmai\u0146as un kontakts<\/p>\n<p>\u0160\u012b s\u012bkdat\u0146u politika var tikt groz\u012bta jebkur\u0101 laik\u0101. Atjaunin\u0101t\u0101 versija tiks public\u0113ta: https:\/\/cartium.eu\/lv\/<\/p>\n<p>Jaut\u0101jumu gad\u012bjum\u0101 vai ja nepiecie\u0161ama pla\u0161\u0101ka inform\u0101cija par s\u012bkdatn\u0113m vai personas datu apstr\u0101di, l\u016bdzu, sazinieties ar mums pa e-pastu lv@cartium.eu.<\/p>\n<p>&nbsp;<\/p>\n<p>ECTCEU d.o.o. Kamni\u0161ka cesta 24 \/ 1235 Radomlje \/ Slov\u0113nija \/ lv@cartium.eu<\/p>\n<p>Re\u0123istr\u0101cijas iest\u0101de: \u013bub\u013canas rajona tiesa \/ Pamatkapit\u0101ls: EUR 7500 \/ IBAN SI56 1010 0005 7929 365 \/ PVN ID: 37400223 \/ Uz\u0146\u0113muma re\u0123istr\u0101cijas numurs: 8477493000<\/p>\n<p>&nbsp;<\/p>\n","protected":false},"excerpt":{"rendered":"<p>Uz\u0146\u0113mums ECTCEU d.o.o. ciena un aizsarg\u0101 j\u016bsu priv\u0101tumu. T\u0101l\u0101k ir sniegta s\u012bk\u0101ka inform\u0101cija par to, k\u0101 m\u0113s apstr\u0101d\u0101jam j\u016bsu personas datus. \u0160\u012b s\u012bkdat\u0146u politika apraksta to datu apstr\u0101di, kas sav\u0101kti, izmantojot s\u012bkfailus un l\u012bdz\u012bgas tehnolo\u0123ijas. \u0160ie noteikumi ir sagatavoti saska\u0146\u0101 ar Eiropas Savien\u012bbas Visp\u0101r\u012bgo datu aizsardz\u012bbas regulu (GDPR) un sp\u0113k\u0101 eso\u0161ajiem Slov\u0113nijas ties\u012bbu aktiem. 1. &hellip; <a href=\"https:\/\/cartium.eu\/lv\/sikdatnu-politika\/\">Continued<\/a><\/p>\n","protected":false},"author":4,"featured_media":0,"parent":0,"menu_order":0,"comment_status":"closed","ping_status":"closed","template":"","meta":{"inline_featured_image":false,"footnotes":""},"class_list":["post-1044","page","type-page","status-publish","hentry"],"acf":[],"_links":{"self":[{"href":"https:\/\/cartium.eu\/lv\/wp-json\/wp\/v2\/pages\/1044","targetHints":{"allow":["GET"]}}],"collection":[{"href":"https:\/\/cartium.eu\/lv\/wp-json\/wp\/v2\/pages"}],"about":[{"href":"https:\/\/cartium.eu\/lv\/wp-json\/wp\/v2\/types\/page"}],"author":[{"embeddable":true,"href":"https:\/\/cartium.eu\/lv\/wp-json\/wp\/v2\/users\/4"}],"replies":[{"embeddable":true,"href":"https:\/\/cartium.eu\/lv\/wp-json\/wp\/v2\/comments?post=1044"}],"version-history":[{"count":4,"href":"https:\/\/cartium.eu\/lv\/wp-json\/wp\/v2\/pages\/1044\/revisions"}],"predecessor-version":[{"id":10620,"href":"https:\/\/cartium.eu\/lv\/wp-json\/wp\/v2\/pages\/1044\/revisions\/10620"}],"wp:attachment":[{"href":"https:\/\/cartium.eu\/lv\/wp-json\/wp\/v2\/media?parent=1044"}],"curies":[{"name":"wp","href":"https:\/\/api.w.org\/{rel}","templated":true}]}}