{"id":98,"date":"2020-10-28T10:57:05","date_gmt":"2020-10-28T10:57:05","guid":{"rendered":"https:\/\/shopium.eu\/rs\/?page_id=98"},"modified":"2023-09-20T12:44:22","modified_gmt":"2023-09-20T10:44:22","slug":"piegades-un-apmaksas-iespejas","status":"publish","type":"page","link":"https:\/\/cartium.eu\/lv\/piegades-un-apmaksas-iespejas\/","title":{"rendered":"Pieg\u0101des un apmaksas iesp\u0113jas"},"content":{"rendered":"<p>Pieg\u0101de<\/p>\n<p>Visas preces, kas ir redzamas m\u016bsu m\u0101jaslap\u0101, ir ar\u012b m\u016bsu noliktav\u0101. Pirkuma veik\u0161anas laik\u0101 klientam ir pien\u0101kums apmaks\u0101t pieg\u0101des izmaksas preces p\u0101r\u0146em\u0161anas br\u012bd\u012b, iz\u0146emot atsevi\u0161\u0137u pre\u010du pas\u016bt\u012b\u0161anu ar atz\u012bmi: &#8220;pasta izdevumi iek\u013cauti cen\u0101&#8221; vai &#8220;bezmaksas pieg\u0101de&#8221;. Pas\u016bt\u012bjumu pieg\u0101dei izmantojam Expedico pieg\u0101des pakalpojumus. Esam nosl\u0113gu\u0161i l\u012bgumu par biznesa sadarb\u012bbu ar visiem augst\u0101k min\u0113tajiem kurjerdienestiem. Pas\u016bt\u012bto pre\u010du pieg\u0101des laiks ir no 2 l\u012bdz 4 darba dien\u0101m (\u0146emot v\u0113r\u0101 COVID-19 situ\u0101ciju, pieg\u0101des laiku ir iesp\u0113jams pagarin\u0101t). Pas\u016bt\u012bt\u0101s preces tiek pieg\u0101d\u0101tas uz adresi, kuru nor\u0101d\u012bj\u0101t k\u0101 pieg\u0101des adresi.<\/p>\n<p>&nbsp;<\/p>\n<p>S\u016bt\u012bjuma izseko\u0161ana<\/p>\n<p>J\u016bs varat izsekot savam s\u016bt\u012bjumam, izmantojot \u0161o saiti:\u00a0<a href=\"https:\/\/expedico.eu\/tracking\">https:\/\/expedico.eu\/tracking<\/a><\/p>\n<p>&nbsp;<\/p>\n<p>Maks\u0101jums<\/p>\n<p>M\u0113s pied\u0101v\u0101jam vair\u0101kas apmaksas iesp\u0113jas. J\u016bs varat apmaks\u0101t preci ar PayPal, kred\u012btkarti vai skaidr\u0101 naud\u0101 p\u0113c pieg\u0101des.<\/p>\n","protected":false},"excerpt":{"rendered":"<p>Pieg\u0101de Visas preces, kas ir redzamas m\u016bsu m\u0101jaslap\u0101, ir ar\u012b m\u016bsu noliktav\u0101. Pirkuma veik\u0161anas laik\u0101 klientam ir pien\u0101kums apmaks\u0101t pieg\u0101des izmaksas preces p\u0101r\u0146em\u0161anas br\u012bd\u012b, iz\u0146emot atsevi\u0161\u0137u pre\u010du pas\u016bt\u012b\u0161anu ar atz\u012bmi: &#8220;pasta izdevumi iek\u013cauti cen\u0101&#8221; vai &#8220;bezmaksas pieg\u0101de&#8221;. Pas\u016bt\u012bjumu pieg\u0101dei izmantojam Expedico pieg\u0101des pakalpojumus. Esam nosl\u0113gu\u0161i l\u012bgumu par biznesa sadarb\u012bbu ar visiem augst\u0101k min\u0113tajiem kurjerdienestiem. Pas\u016bt\u012bto &hellip; <a href=\"https:\/\/cartium.eu\/lv\/piegades-un-apmaksas-iespejas\/\">Continued<\/a><\/p>\n","protected":false},"author":1,"featured_media":0,"parent":0,"menu_order":0,"comment_status":"closed","ping_status":"closed","template":"","meta":{"inline_featured_image":false,"footnotes":""},"class_list":["post-98","page","type-page","status-publish","hentry"],"acf":[],"_links":{"self":[{"href":"https:\/\/cartium.eu\/lv\/wp-json\/wp\/v2\/pages\/98","targetHints":{"allow":["GET"]}}],"collection":[{"href":"https:\/\/cartium.eu\/lv\/wp-json\/wp\/v2\/pages"}],"about":[{"href":"https:\/\/cartium.eu\/lv\/wp-json\/wp\/v2\/types\/page"}],"author":[{"embeddable":true,"href":"https:\/\/cartium.eu\/lv\/wp-json\/wp\/v2\/users\/1"}],"replies":[{"embeddable":true,"href":"https:\/\/cartium.eu\/lv\/wp-json\/wp\/v2\/comments?post=98"}],"version-history":[{"count":15,"href":"https:\/\/cartium.eu\/lv\/wp-json\/wp\/v2\/pages\/98\/revisions"}],"predecessor-version":[{"id":10618,"href":"https:\/\/cartium.eu\/lv\/wp-json\/wp\/v2\/pages\/98\/revisions\/10618"}],"wp:attachment":[{"href":"https:\/\/cartium.eu\/lv\/wp-json\/wp\/v2\/media?parent=98"}],"curies":[{"name":"wp","href":"https:\/\/api.w.org\/{rel}","templated":true}]}}