{"id":10563,"date":"2023-08-03T11:56:09","date_gmt":"2023-08-03T09:56:09","guid":{"rendered":"https:\/\/cartium.eu\/lv\/?post_type=product&#038;p=10563"},"modified":"2024-08-21T13:34:23","modified_gmt":"2024-08-21T11:34:23","slug":"bezvadu-rokas-puteklsucejs","status":"publish","type":"product","link":"https:\/\/cartium.eu\/lv\/proizvod\/bezvadu-rokas-puteklsucejs\/","title":{"rendered":"Bezvadu rokas putek\u013cs\u016bc\u0113js"},"content":{"rendered":"","protected":false},"excerpt":{"rendered":"<p>Viegls rokas putek\u013cs\u016bc\u0113js ar sp\u0113c\u012bgu s\u016bk\u0161anas jaudu ir ide\u0101ls pal\u012bgs ikvien\u0101 m\u0101jokl\u012b, darbaviet\u0101 vai automa\u0161\u012bn\u0101. Atbr\u012bvojieties no net\u012brumiem ar \u0161o lielisko putek\u013cu s\u016bc\u0113ju tikai da\u017eu so\u013cu laik\u0101.<\/p>\n","protected":false},"featured_media":5354,"comment_status":"closed","ping_status":"closed","template":"","meta":{"inline_featured_image":false},"product_brand":[],"product_cat":[15,27],"product_tag":[],"class_list":{"0":"post-10563","1":"product","2":"type-product","3":"status-publish","4":"has-post-thumbnail","6":"product_cat-uncategorized","7":"product_cat-home","9":"first","10":"instock","11":"sale","12":"taxable","13":"shipping-taxable","14":"purchasable","15":"product-type-simple"},"acf":[],"_links":{"self":[{"href":"https:\/\/cartium.eu\/lv\/wp-json\/wp\/v2\/product\/10563","targetHints":{"allow":["GET"]}}],"collection":[{"href":"https:\/\/cartium.eu\/lv\/wp-json\/wp\/v2\/product"}],"about":[{"href":"https:\/\/cartium.eu\/lv\/wp-json\/wp\/v2\/types\/product"}],"replies":[{"embeddable":true,"href":"https:\/\/cartium.eu\/lv\/wp-json\/wp\/v2\/comments?post=10563"}],"wp:featuredmedia":[{"embeddable":true,"href":"https:\/\/cartium.eu\/lv\/wp-json\/wp\/v2\/media\/5354"}],"wp:attachment":[{"href":"https:\/\/cartium.eu\/lv\/wp-json\/wp\/v2\/media?parent=10563"}],"wp:term":[{"taxonomy":"product_brand","embeddable":true,"href":"https:\/\/cartium.eu\/lv\/wp-json\/wp\/v2\/product_brand?post=10563"},{"taxonomy":"product_cat","embeddable":true,"href":"https:\/\/cartium.eu\/lv\/wp-json\/wp\/v2\/product_cat?post=10563"},{"taxonomy":"product_tag","embeddable":true,"href":"https:\/\/cartium.eu\/lv\/wp-json\/wp\/v2\/product_tag?post=10563"}],"curies":[{"name":"wp","href":"https:\/\/api.w.org\/{rel}","templated":true}]}}