{"id":10565,"date":"2023-08-03T12:02:10","date_gmt":"2023-08-03T10:02:10","guid":{"rendered":"https:\/\/cartium.eu\/lv\/?post_type=product&#038;p=10565"},"modified":"2023-09-28T10:33:06","modified_gmt":"2023-09-28T08:33:06","slug":"magiska-darba-burtnica-berniem","status":"publish","type":"product","link":"https:\/\/cartium.eu\/lv\/proizvod\/magiska-darba-burtnica-berniem\/","title":{"rendered":"Ma\u0123isk\u0101 darba burtn\u012bca b\u0113rniem"},"content":{"rendered":"","protected":false},"excerpt":{"rendered":"<p>\u013baujiet saviem b\u0113rniem pilnveidot kust\u012bbu un formu veido\u0161anu, z\u012bm\u0113\u0161anu un rakst\u012b\u0161anu ar \u0161o jautro darba burtn\u012bcu. Sagatavojiet savu b\u0113rnu skolai un atvieglojiet t\u0101s s\u0101k\u0161anu. \u013baujiet b\u0113rniem att\u012bst\u012bt precizit\u0101ti ar \u0161o izgl\u012btojo\u0161o darba burtn\u012bcu.<\/p>\n","protected":false},"featured_media":5055,"comment_status":"closed","ping_status":"closed","template":"","meta":{"inline_featured_image":false},"product_brand":[],"product_cat":[15,35],"product_tag":[],"class_list":{"0":"post-10565","1":"product","2":"type-product","3":"status-publish","4":"has-post-thumbnail","6":"product_cat-uncategorized","7":"product_cat-fun","9":"first","10":"instock","11":"sale","12":"taxable","13":"shipping-taxable","14":"purchasable","15":"product-type-simple"},"acf":[],"_links":{"self":[{"href":"https:\/\/cartium.eu\/lv\/wp-json\/wp\/v2\/product\/10565","targetHints":{"allow":["GET"]}}],"collection":[{"href":"https:\/\/cartium.eu\/lv\/wp-json\/wp\/v2\/product"}],"about":[{"href":"https:\/\/cartium.eu\/lv\/wp-json\/wp\/v2\/types\/product"}],"replies":[{"embeddable":true,"href":"https:\/\/cartium.eu\/lv\/wp-json\/wp\/v2\/comments?post=10565"}],"wp:featuredmedia":[{"embeddable":true,"href":"https:\/\/cartium.eu\/lv\/wp-json\/wp\/v2\/media\/5055"}],"wp:attachment":[{"href":"https:\/\/cartium.eu\/lv\/wp-json\/wp\/v2\/media?parent=10565"}],"wp:term":[{"taxonomy":"product_brand","embeddable":true,"href":"https:\/\/cartium.eu\/lv\/wp-json\/wp\/v2\/product_brand?post=10565"},{"taxonomy":"product_cat","embeddable":true,"href":"https:\/\/cartium.eu\/lv\/wp-json\/wp\/v2\/product_cat?post=10565"},{"taxonomy":"product_tag","embeddable":true,"href":"https:\/\/cartium.eu\/lv\/wp-json\/wp\/v2\/product_tag?post=10565"}],"curies":[{"name":"wp","href":"https:\/\/api.w.org\/{rel}","templated":true}]}}