{"id":10567,"date":"2023-08-03T12:08:37","date_gmt":"2023-08-03T10:08:37","guid":{"rendered":"https:\/\/cartium.eu\/lv\/?post_type=product&#038;p=10567"},"modified":"2024-02-15T12:34:14","modified_gmt":"2024-02-15T11:34:14","slug":"mini-gps-izsekosanas-ierice","status":"publish","type":"product","link":"https:\/\/cartium.eu\/lv\/proizvod\/mini-gps-izsekosanas-ierice\/","title":{"rendered":"Mini GPS izseko\u0161anas ier\u012bce"},"content":{"rendered":"","protected":false},"excerpt":{"rendered":"<div class=\"product-description border-bottom border-light mt-lg-4 mt-3 mb-lg-3 mb-2 pb-lg-3 pb-1\">GPS izsekot\u0101js automa\u0161\u012bnu vai citu transportl\u012bdzek\u013cu, dz\u012bvnieku un citu v\u0113rtslietu izseko\u0161anai!<\/div>\n<div class=\"row row-icons mt-4 d-lg-flex d-none\">\n<div class=\"col-3 icon1\"><\/div>\n<\/div>\n","protected":false},"featured_media":10132,"comment_status":"closed","ping_status":"closed","template":"","meta":{"inline_featured_image":false},"product_brand":[],"product_cat":[15,25,35,27],"product_tag":[],"class_list":{"0":"post-10567","1":"product","2":"type-product","3":"status-publish","4":"has-post-thumbnail","6":"product_cat-uncategorized","7":"product_cat-car","8":"product_cat-fun","9":"product_cat-home","11":"first","12":"instock","13":"sale","14":"taxable","15":"shipping-taxable","16":"purchasable","17":"product-type-simple"},"acf":[],"_links":{"self":[{"href":"https:\/\/cartium.eu\/lv\/wp-json\/wp\/v2\/product\/10567","targetHints":{"allow":["GET"]}}],"collection":[{"href":"https:\/\/cartium.eu\/lv\/wp-json\/wp\/v2\/product"}],"about":[{"href":"https:\/\/cartium.eu\/lv\/wp-json\/wp\/v2\/types\/product"}],"replies":[{"embeddable":true,"href":"https:\/\/cartium.eu\/lv\/wp-json\/wp\/v2\/comments?post=10567"}],"wp:featuredmedia":[{"embeddable":true,"href":"https:\/\/cartium.eu\/lv\/wp-json\/wp\/v2\/media\/10132"}],"wp:attachment":[{"href":"https:\/\/cartium.eu\/lv\/wp-json\/wp\/v2\/media?parent=10567"}],"wp:term":[{"taxonomy":"product_brand","embeddable":true,"href":"https:\/\/cartium.eu\/lv\/wp-json\/wp\/v2\/product_brand?post=10567"},{"taxonomy":"product_cat","embeddable":true,"href":"https:\/\/cartium.eu\/lv\/wp-json\/wp\/v2\/product_cat?post=10567"},{"taxonomy":"product_tag","embeddable":true,"href":"https:\/\/cartium.eu\/lv\/wp-json\/wp\/v2\/product_tag?post=10567"}],"curies":[{"name":"wp","href":"https:\/\/api.w.org\/{rel}","templated":true}]}}