{"id":10569,"date":"2023-08-03T12:18:30","date_gmt":"2023-08-03T10:18:30","guid":{"rendered":"https:\/\/cartium.eu\/lv\/?post_type=product&#038;p=10569"},"modified":"2023-09-28T10:32:54","modified_gmt":"2023-09-28T08:32:54","slug":"portativais-arejais-ssd","status":"publish","type":"product","link":"https:\/\/cartium.eu\/lv\/proizvod\/portativais-arejais-ssd\/","title":{"rendered":"Portat\u012bvais \u0101r\u0113jais SSD"},"content":{"rendered":"","protected":false},"excerpt":{"rendered":"<p>C tipa p\u0101rn\u0113s\u0101jamais \u0101r\u0113jais cietais disks ir ide\u0101ls risin\u0101jums datu glab\u0101\u0161anai. Izcils dizains un videi draudz\u012bgs produkts.<\/p>\n","protected":false},"featured_media":8166,"comment_status":"closed","ping_status":"closed","template":"","meta":{"inline_featured_image":false},"product_brand":[],"product_cat":[15,25,27],"product_tag":[],"class_list":{"0":"post-10569","1":"product","2":"type-product","3":"status-publish","4":"has-post-thumbnail","6":"product_cat-uncategorized","7":"product_cat-car","8":"product_cat-home","10":"first","11":"instock","12":"sale","13":"taxable","14":"shipping-taxable","15":"purchasable","16":"product-type-simple"},"acf":[],"_links":{"self":[{"href":"https:\/\/cartium.eu\/lv\/wp-json\/wp\/v2\/product\/10569","targetHints":{"allow":["GET"]}}],"collection":[{"href":"https:\/\/cartium.eu\/lv\/wp-json\/wp\/v2\/product"}],"about":[{"href":"https:\/\/cartium.eu\/lv\/wp-json\/wp\/v2\/types\/product"}],"replies":[{"embeddable":true,"href":"https:\/\/cartium.eu\/lv\/wp-json\/wp\/v2\/comments?post=10569"}],"wp:featuredmedia":[{"embeddable":true,"href":"https:\/\/cartium.eu\/lv\/wp-json\/wp\/v2\/media\/8166"}],"wp:attachment":[{"href":"https:\/\/cartium.eu\/lv\/wp-json\/wp\/v2\/media?parent=10569"}],"wp:term":[{"taxonomy":"product_brand","embeddable":true,"href":"https:\/\/cartium.eu\/lv\/wp-json\/wp\/v2\/product_brand?post=10569"},{"taxonomy":"product_cat","embeddable":true,"href":"https:\/\/cartium.eu\/lv\/wp-json\/wp\/v2\/product_cat?post=10569"},{"taxonomy":"product_tag","embeddable":true,"href":"https:\/\/cartium.eu\/lv\/wp-json\/wp\/v2\/product_tag?post=10569"}],"curies":[{"name":"wp","href":"https:\/\/api.w.org\/{rel}","templated":true}]}}