{"id":10573,"date":"2023-08-03T13:14:49","date_gmt":"2023-08-03T11:14:49","guid":{"rendered":"https:\/\/cartium.eu\/lv\/?post_type=product&#038;p=10573"},"modified":"2023-12-18T09:27:19","modified_gmt":"2023-12-18T08:27:19","slug":"montessori-klusuma-gramata-berniem","status":"publish","type":"product","link":"https:\/\/cartium.eu\/lv\/proizvod\/montessori-klusuma-gramata-berniem\/","title":{"rendered":"Montessori klusuma gr\u0101mata b\u0113rniem"},"content":{"rendered":"","protected":false},"excerpt":{"rendered":"<p>Gr\u0101matas, kas balst\u012btas uz Montesori metod\u0113m b\u0113rnu, vi\u0146u prasmju, ma\u0146u un izt\u0113les att\u012bst\u012bbai, iepriecin\u0101s ikvienu b\u0113rnu un atvieglos m\u0101c\u012b\u0161anos caur rota\u013c\u0101m.<\/p>\n","protected":false},"featured_media":10380,"comment_status":"closed","ping_status":"closed","template":"","meta":{"inline_featured_image":false},"product_brand":[],"product_cat":[15,35],"product_tag":[],"class_list":{"0":"post-10573","1":"product","2":"type-product","3":"status-publish","4":"has-post-thumbnail","6":"product_cat-uncategorized","7":"product_cat-fun","9":"first","10":"instock","11":"sale","12":"taxable","13":"shipping-taxable","14":"purchasable","15":"product-type-variable"},"acf":[],"_links":{"self":[{"href":"https:\/\/cartium.eu\/lv\/wp-json\/wp\/v2\/product\/10573","targetHints":{"allow":["GET"]}}],"collection":[{"href":"https:\/\/cartium.eu\/lv\/wp-json\/wp\/v2\/product"}],"about":[{"href":"https:\/\/cartium.eu\/lv\/wp-json\/wp\/v2\/types\/product"}],"replies":[{"embeddable":true,"href":"https:\/\/cartium.eu\/lv\/wp-json\/wp\/v2\/comments?post=10573"}],"wp:featuredmedia":[{"embeddable":true,"href":"https:\/\/cartium.eu\/lv\/wp-json\/wp\/v2\/media\/10380"}],"wp:attachment":[{"href":"https:\/\/cartium.eu\/lv\/wp-json\/wp\/v2\/media?parent=10573"}],"wp:term":[{"taxonomy":"product_brand","embeddable":true,"href":"https:\/\/cartium.eu\/lv\/wp-json\/wp\/v2\/product_brand?post=10573"},{"taxonomy":"product_cat","embeddable":true,"href":"https:\/\/cartium.eu\/lv\/wp-json\/wp\/v2\/product_cat?post=10573"},{"taxonomy":"product_tag","embeddable":true,"href":"https:\/\/cartium.eu\/lv\/wp-json\/wp\/v2\/product_tag?post=10573"}],"curies":[{"name":"wp","href":"https:\/\/api.w.org\/{rel}","templated":true}]}}