{"id":10580,"date":"2023-08-03T13:36:55","date_gmt":"2023-08-03T11:36:55","guid":{"rendered":"https:\/\/cartium.eu\/lv\/?post_type=product&#038;p=10580"},"modified":"2023-09-28T10:34:50","modified_gmt":"2023-09-28T08:34:50","slug":"zobu-balinasanas-serums","status":"publish","type":"product","link":"https:\/\/cartium.eu\/lv\/proizvod\/zobu-balinasanas-serums\/","title":{"rendered":"Zobu balin\u0101\u0161anas serums"},"content":{"rendered":"","protected":false},"excerpt":{"rendered":"<p>Neitraliz\u0113 negl\u012bto dzelteno zobu kr\u0101su. \u013baujiet saviem zobiem \u012bs\u0101 laik\u0101 mirdz\u0113t un k\u013c\u016bt p\u0113r\u013cbaltiem.<\/p>\n","protected":false},"featured_media":4459,"comment_status":"closed","ping_status":"closed","template":"","meta":{"inline_featured_image":false},"product_brand":[],"product_cat":[15,24,28,26],"product_tag":[],"class_list":{"0":"post-10580","1":"product","2":"type-product","3":"status-publish","4":"has-post-thumbnail","6":"product_cat-uncategorized","7":"product_cat-sale","8":"product_cat-beauty","9":"product_cat-health","11":"first","12":"instock","13":"sale","14":"taxable","15":"shipping-taxable","16":"purchasable","17":"product-type-simple"},"acf":[],"_links":{"self":[{"href":"https:\/\/cartium.eu\/lv\/wp-json\/wp\/v2\/product\/10580","targetHints":{"allow":["GET"]}}],"collection":[{"href":"https:\/\/cartium.eu\/lv\/wp-json\/wp\/v2\/product"}],"about":[{"href":"https:\/\/cartium.eu\/lv\/wp-json\/wp\/v2\/types\/product"}],"replies":[{"embeddable":true,"href":"https:\/\/cartium.eu\/lv\/wp-json\/wp\/v2\/comments?post=10580"}],"wp:featuredmedia":[{"embeddable":true,"href":"https:\/\/cartium.eu\/lv\/wp-json\/wp\/v2\/media\/4459"}],"wp:attachment":[{"href":"https:\/\/cartium.eu\/lv\/wp-json\/wp\/v2\/media?parent=10580"}],"wp:term":[{"taxonomy":"product_brand","embeddable":true,"href":"https:\/\/cartium.eu\/lv\/wp-json\/wp\/v2\/product_brand?post=10580"},{"taxonomy":"product_cat","embeddable":true,"href":"https:\/\/cartium.eu\/lv\/wp-json\/wp\/v2\/product_cat?post=10580"},{"taxonomy":"product_tag","embeddable":true,"href":"https:\/\/cartium.eu\/lv\/wp-json\/wp\/v2\/product_tag?post=10580"}],"curies":[{"name":"wp","href":"https:\/\/api.w.org\/{rel}","templated":true}]}}