{"id":10877,"date":"2024-04-29T10:33:31","date_gmt":"2024-04-29T08:33:31","guid":{"rendered":"https:\/\/cartium.eu\/lv\/?post_type=product&#038;p=10877"},"modified":"2024-05-04T14:41:43","modified_gmt":"2024-05-04T12:41:43","slug":"magnetiska-gramatina-lellu-sakartosanai","status":"publish","type":"product","link":"https:\/\/cartium.eu\/lv\/proizvod\/magnetiska-gramatina-lellu-sakartosanai\/","title":{"rendered":"Magn\u0113tisk\u0101 gr\u0101mati\u0146a le\u013c\u013cu sak\u0101rto\u0161anai"},"content":{"rendered":"","protected":false},"excerpt":{"rendered":"<p>Ide\u0101la d\u0101vana meiten\u0113m! Ap\u0123\u0113rbu un modes kombin\u0101ciju salik\u0161ana nekad nav bijusi tik vienk\u0101r\u0161a un jautr\u0101ka!<\/p>\n","protected":false},"featured_media":10888,"comment_status":"closed","ping_status":"closed","template":"","meta":{"inline_featured_image":false},"product_brand":[],"product_cat":[15,35],"product_tag":[],"class_list":{"0":"post-10877","1":"product","2":"type-product","3":"status-publish","4":"has-post-thumbnail","6":"product_cat-uncategorized","7":"product_cat-fun","9":"first","10":"instock","11":"sale","12":"taxable","13":"shipping-taxable","14":"purchasable","15":"product-type-variable"},"acf":[],"_links":{"self":[{"href":"https:\/\/cartium.eu\/lv\/wp-json\/wp\/v2\/product\/10877","targetHints":{"allow":["GET"]}}],"collection":[{"href":"https:\/\/cartium.eu\/lv\/wp-json\/wp\/v2\/product"}],"about":[{"href":"https:\/\/cartium.eu\/lv\/wp-json\/wp\/v2\/types\/product"}],"replies":[{"embeddable":true,"href":"https:\/\/cartium.eu\/lv\/wp-json\/wp\/v2\/comments?post=10877"}],"wp:featuredmedia":[{"embeddable":true,"href":"https:\/\/cartium.eu\/lv\/wp-json\/wp\/v2\/media\/10888"}],"wp:attachment":[{"href":"https:\/\/cartium.eu\/lv\/wp-json\/wp\/v2\/media?parent=10877"}],"wp:term":[{"taxonomy":"product_brand","embeddable":true,"href":"https:\/\/cartium.eu\/lv\/wp-json\/wp\/v2\/product_brand?post=10877"},{"taxonomy":"product_cat","embeddable":true,"href":"https:\/\/cartium.eu\/lv\/wp-json\/wp\/v2\/product_cat?post=10877"},{"taxonomy":"product_tag","embeddable":true,"href":"https:\/\/cartium.eu\/lv\/wp-json\/wp\/v2\/product_tag?post=10877"}],"curies":[{"name":"wp","href":"https:\/\/api.w.org\/{rel}","templated":true}]}}