{"id":149,"date":"2020-10-28T12:55:44","date_gmt":"2020-10-28T11:55:44","guid":{"rendered":"https:\/\/shopium.eu\/rs\/?post_type=product&#038;p=149"},"modified":"2021-01-18T16:44:57","modified_gmt":"2021-01-18T15:44:57","slug":"woocommerce-template-product","status":"publish","type":"product","link":"https:\/\/cartium.eu\/lv\/proizvod\/woocommerce-template-product\/","title":{"rendered":"Woocommerce template \u2013 product"},"content":{"rendered":"","protected":false},"excerpt":{"rendered":"<ul>\n<li>Super sna\u017ena i inovativna formula<\/li>\n<li>brzo i bezbolno skidanje dla\u010dica u samo nekoliko poteza<\/li>\n<li>prirodna formula omogu\u0107uje sigurno kori\u0161tenje bez iritacije ko\u017ee i alergijskih reakcija.<\/li>\n<\/ul>\n","protected":false},"featured_media":42,"comment_status":"closed","ping_status":"closed","template":"","meta":{"inline_featured_image":false},"product_brand":[],"product_cat":[15],"product_tag":[],"class_list":{"0":"post-149","1":"product","2":"type-product","3":"status-publish","4":"has-post-thumbnail","6":"product_cat-uncategorized","8":"first","9":"instock","10":"sale","11":"taxable","12":"shipping-taxable","13":"purchasable","14":"product-type-simple"},"acf":[],"_links":{"self":[{"href":"https:\/\/cartium.eu\/lv\/wp-json\/wp\/v2\/product\/149","targetHints":{"allow":["GET"]}}],"collection":[{"href":"https:\/\/cartium.eu\/lv\/wp-json\/wp\/v2\/product"}],"about":[{"href":"https:\/\/cartium.eu\/lv\/wp-json\/wp\/v2\/types\/product"}],"replies":[{"embeddable":true,"href":"https:\/\/cartium.eu\/lv\/wp-json\/wp\/v2\/comments?post=149"}],"wp:featuredmedia":[{"embeddable":true,"href":"https:\/\/cartium.eu\/lv\/wp-json\/wp\/v2\/media\/42"}],"wp:attachment":[{"href":"https:\/\/cartium.eu\/lv\/wp-json\/wp\/v2\/media?parent=149"}],"wp:term":[{"taxonomy":"product_brand","embeddable":true,"href":"https:\/\/cartium.eu\/lv\/wp-json\/wp\/v2\/product_brand?post=149"},{"taxonomy":"product_cat","embeddable":true,"href":"https:\/\/cartium.eu\/lv\/wp-json\/wp\/v2\/product_cat?post=149"},{"taxonomy":"product_tag","embeddable":true,"href":"https:\/\/cartium.eu\/lv\/wp-json\/wp\/v2\/product_tag?post=149"}],"curies":[{"name":"wp","href":"https:\/\/api.w.org\/{rel}","templated":true}]}}