{"id":734,"date":"2021-01-05T14:09:35","date_gmt":"2021-01-05T13:09:35","guid":{"rendered":"https:\/\/shopium.eu\/pl\/?page_id=734"},"modified":"2023-09-15T13:25:20","modified_gmt":"2023-09-15T11:25:20","slug":"polityka-plikow-cookie","status":"publish","type":"page","link":"https:\/\/cartium.eu\/pl\/polityka-plikow-cookie\/","title":{"rendered":"Polityka plik\u00f3w cookie"},"content":{"rendered":"<p><span style=\"font-weight: 400\">Sp\u00f3\u0142ka ECTCEU d.o.o. szanuje i chroni Pa\u0144stwa prywatno\u015b\u0107. Poni\u017cej znajduj\u0105 si\u0119 bardziej szczeg\u00f3\u0142owe informacje na temat sposobu post\u0119powania z Pa\u0144stwa danymi osobowymi.<\/span><\/p>\n<p><span style=\"font-weight: 400\">Niniejsza Polityka plik\u00f3w cookie opisuje spos\u00f3b przetwarzania danych zebranych za pomoc\u0105 plik\u00f3w cookie i podobnych technologii. Niniejsza polityka zosta\u0142a sporz\u0105dzona zgodnie z Og\u00f3lnym rozporz\u0105dzeniem o ochronie danych Unii Europejskiej oraz obowi\u0105zuj\u0105cymi przepisami s\u0142owe\u0144skimi.<\/span><\/p>\n<p>&nbsp;<\/p>\n<p><strong>1. <b>O plikach cookie<\/b><\/strong><\/p>\n<p><span style=\"font-weight: 400\">Czym s\u0105 pliki cookie i dlaczego s\u0105 potrzebne?<\/span><\/p>\n<p><span style=\"font-weight: 400\">Plik cookie to ma\u0142y fragment danych, kt\u00f3re witryna internetowa wysy\u0142a przegl\u0105darce podczas wizyty na tej witrynie. Dzi\u0119ki temu witryna internetowa jest w stanie rozpozna\u0107 odwiedzaj\u0105cego, zapami\u0119ta\u0107 dane o jego wizycie, a tak\u017ce umo\u017cliwi\u0107 bardziej komfortow\u0105 i \u0142atwiejsz\u0105 obs\u0142ug\u0119. Dzi\u0119ki plikom cookie mo\u017cemy odpowiednio dopasowa\u0107 zawarto\u015b\u0107 witryny internetowej, zapami\u0119ta\u0107 preferencje u\u017cytkownik\u00f3w oraz rejestrowa\u0107 wizyty na naszej witrynie. Pliki cookie sprawiaj\u0105, \u017ce przegl\u0105danie naszej witryny internetowej jest przyjemne, szybkie, a przede wszystkim skuteczniejsze.<\/span><\/p>\n<p>&nbsp;<\/p>\n<p><strong>2. <b>Pliki cookie wykorzystywane w tej witrynie internetowej<\/b><\/strong><\/p>\n<p><span style=\"font-weight: 400\">W ramach naszej witryny internetowej u\u017cywamy r\u00f3\u017cnych rodzaj\u00f3w plik\u00f3w cookie podzielonych na cztery kategorie:<\/span><\/p>\n<ul>\n<li style=\"font-weight: 400\"><span style=\"font-weight: 400\">niezb\u0119dne pliki cookie,<\/span><\/li>\n<li style=\"font-weight: 400\"><span style=\"font-weight: 400\">analityczne pliki cookie,<\/span><\/li>\n<li style=\"font-weight: 400\"><span style=\"font-weight: 400\">funkcjonalne pliki cookie, a tak\u017ce<\/span><\/li>\n<li style=\"font-weight: 400\"><span style=\"font-weight: 400\">reklamowe (marketingowe) pliki cookie.<\/span><\/li>\n<\/ul>\n<p><b>Niezb\u0119dne pliki cookie<\/b><span style=\"font-weight: 400\">\u00a0to pliki cookie, bez kt\u00f3rych nasza witryna internetowa nie mog\u0142aby dzia\u0142a\u0107. Te pliki cookie s\u0105 automatycznie zapisywane na urz\u0105dzeniu u\u017cytkownika i nie mo\u017cna ich wy\u0142\u0105czy\u0107. Niezb\u0119dne pliki cookie nie umo\u017cliwiaj\u0105 identyfikacji poszczeg\u00f3lnych u\u017cytkownik\u00f3w i s\u0142u\u017c\u0105 wy\u0142\u0105cznie do zapewnienia prawid\u0142owego wy\u015bwietlania witryny.<\/span><\/p>\n<p><b>Analityczne pliki cookie<\/b><span style=\"font-weight: 400\">\u00a0umo\u017cliwiaj\u0105 nam przeprowadzanie r\u00f3\u017cnych analiz statystycznych naszej witryny internetowej. Te pliki cookie s\u0105 u\u017cywane w zanonimizowanej formie, co oznacza, \u017ce nie umo\u017cliwiaj\u0105 identyfikacji poszczeg\u00f3lnych u\u017cytkownik\u00f3w. Mo\u017cna wy\u0142\u0105czy\u0107 korzystanie z tych plik\u00f3w cookie w swojej przegl\u0105darce internetowej lub za po\u015brednictwem banera \u201eUstawienia plik\u00f3w cookie\u201d znajduj\u0105cego si\u0119 w dolnej cz\u0119\u015bci naszej witryny internetowej.<\/span><\/p>\n<p><b>Funkcjonalne pliki cookie<\/b><span style=\"font-weight: 400\">\u00a0to pliki cookie, kt\u00f3re umo\u017cliwiaj\u0105 dzia\u0142anie r\u00f3\u017cnych funkcji naszej witryny internetowej, takich jak ustawienie j\u0119zyka, zapami\u0119tanie zawarto\u015bci koszyka itp. Te pliki cookie s\u0105 zapisywane na urz\u0105dzeniu u\u017cytkownika wy\u0142\u0105cznie za jego uprzedni\u0105 zgod\u0105.<\/span><\/p>\n<p><b>Marketingowe pliki cookie<\/b><span style=\"font-weight: 400\">\u00a0umo\u017cliwiaj\u0105 dostarczanie u\u017cytkownikowi spersonalizowanych tre\u015bci reklamowych. Te pliki cookie wykorzystuj\u0105 dane, aby utworzy\u0107 profil u\u017cytkownika, na podstawie kt\u00f3rego widzi on tylko reklamy uznane dla niego za interesuj\u0105ce. Te pliki cookie s\u0105 zapisywane na urz\u0105dzeniu u\u017cytkownika wy\u0142\u0105cznie za jego uprzedni\u0105 zgod\u0105. Uprzedzamy, \u017ce odmowa wykorzystania tych plik\u00f3w cookie nie spowoduje zaprzestania wy\u015bwietlania reklam w witrynie internetowej. B\u0119d\u0105 si\u0119 one mianowicie nadal pojawia\u0107, jednak nie b\u0119d\u0105 one ju\u017c dostosowane do zainteresowa\u0144 u\u017cytkownika.<\/span><\/p>\n<p><span style=\"font-weight: 400\">Opr\u00f3cz wy\u017cej wymienionych kategorii, spo\u015br\u00f3d plik\u00f3w cookie dzia\u0142aj\u0105cych w naszej witrynie internetowej rozr\u00f3\u017cniamy r\u00f3wnie\u017c pliki cookie administratora i pliki cookie stron trzecich.<\/span><\/p>\n<p><b>Pliki cookie administratora<\/b><span style=\"font-weight: 400\">\u00a0to pliki cookie nale\u017c\u0105ce do tej witryny internetowej, tj. pliki cookie, kt\u00f3re zosta\u0142y umieszczone w tej witrynie przez nasz\u0105 firm\u0119 lub przez podmioty przetwarzaj\u0105ce dane, kt\u00f3re wsp\u00f3\u0142pracuj\u0105 z nasz\u0105 firm\u0105 na podstawie zawartych um\u00f3w.\u00a0<\/span><span style=\"font-weight: 400\">Aby dowiedzie\u0107 si\u0119 wi\u0119cej o tych podmiotach przetwarzaj\u0105cych dane, nale\u017cy przeczyta\u0107\u00a0<\/span><span style=\"font-weight: 400\">nasz\u0105 Polityk\u0119 prywatno\u015bci<\/span><span style=\"font-weight: 400\">.<\/span><\/p>\n<p><b>Pliki cookie stron trzecich<\/b><span style=\"font-weight: 400\">\u00a0to pliki cookie ustawiane przez inne witryny internetowe ni\u017c niniejsza witryna, kt\u00f3re umo\u017cliwiaj\u0105 nam korzystanie ze spersonalizowanych reklam. Te pliki cookie s\u0105 wykorzystywane do monitorowania sposobu korzystania z Internetu, co pozwala nam na wy\u015bwietlanie reklam, kt\u00f3re s\u0105 odpowiednie i interesuj\u0105ce dla u\u017cytkownika.<\/span><\/p>\n<p>&nbsp;<\/p>\n<p><strong>3. <b>Zmiana preferencji dotycz\u0105cych plik\u00f3w cookie<\/b><\/strong><\/p>\n<p><span style=\"font-weight: 400\">U\u017cytkownik mo\u017ce zdecydowa\u0107, czy wyra\u017ca zgod\u0119 na zapisywanie plik\u00f3w cookie na swoim urz\u0105dzeniu.<\/span><\/p>\n<p><span style=\"font-weight: 400\">W ka\u017cdej chwili mo\u017cna zmieni\u0107 ustawienia plik\u00f3w cookie za po\u015brednictwem banera \u201eUstawienia plik\u00f3w cookie\u201d znajduj\u0105cego si\u0119 w dolnej cz\u0119\u015bci witryny internetowej.<\/span><\/p>\n<p><span style=\"font-weight: 400\">Podczas wizyty w naszej witrynie internetowej na urz\u0105dzeniu u\u017cytkownika automatycznie umieszczane s\u0105 tylko niezb\u0119dne pliki cookie oraz analityczne pliki cookie w formie anonimowej, natomiast preferencyjne i marketingowe pliki cookie s\u0105 umieszczane na urz\u0105dzeniu tylko za jego zgod\u0105.<\/span><\/p>\n<p><span style=\"font-weight: 400\">Jak mog\u0119 wyrazi\u0107 zgod\u0119?<\/span><\/p>\n<p><span style=\"font-weight: 400\">Podczas pierwszej wizyty w naszej witrynie internetowej wy\u015bwietli si\u0119 okno podr\u0119czne, kt\u00f3re umo\u017cliwi wybranie odpowiednich ustawie\u0144 plik\u00f3w cookie. Je\u017celi u\u017cytkownik odwiedzi\u0142 ju\u017c nasz\u0105 witryn\u0119 internetow\u0105 i potwierdzi\u0142 wyb\u00f3r plik\u00f3w cookie, mo\u017ce zmieni\u0107 te ustawienia, klikaj\u0105c baner \u201eUstawienia plik\u00f3w cookie\u201d znajduj\u0105cy si\u0119 w dolnej cz\u0119\u015bci naszej witryny internetowej. Wy\u015bwietli si\u0119 nowe okno podr\u0119czne, kt\u00f3re umo\u017cliwi wyb\u00f3r ustawie\u0144 plik\u00f3w cookie.<\/span><\/p>\n<p><span style=\"font-weight: 400\">Uprzedzamy, \u017ce odmowa wykorzystania tych plik\u00f3w cookie nie spowoduje zaprzestania wy\u015bwietlania reklam w witrynie internetowej. Liczba reklam b\u0119dzie taka sama jak w przypadku zaakceptowania plik\u00f3w cookie. W przypadku odrzucenia reklamowych plik\u00f3w cookie wy\u015bwietlane b\u0119d\u0105 tylko og\u00f3lne reklamy, niedostosowane do \u017cycze\u0144 i potrzeb u\u017cytkownika.<\/span><\/p>\n<p><span style=\"font-weight: 400\">Ustawienia plik\u00f3w cookie mo\u017cna r\u00f3wnie\u017c sprawdza\u0107 i zmienia\u0107 w przegl\u0105darce internetowej.<\/span><\/p>\n<p><span style=\"font-weight: 400\">Aby uzyska\u0107 wi\u0119cej informacji na temat ustawie\u0144 plik\u00f3w cookie, nale\u017cy wybra\u0107 u\u017cywan\u0105 przegl\u0105dark\u0119 internetow\u0105:<\/span><\/p>\n<ul>\n<li><a href=\"https:\/\/support.google.com\/chrome\/answer\/95647?co=GENIE.Platform=Desktop&amp;hl=en\"><span style=\"font-weight: 400\">Chrome<\/span><\/a><\/li>\n<li><a href=\"https:\/\/support.mozilla.org\/en-US\/kb\/clear-cookies-and-site-data-firefox\"><span style=\"font-weight: 400\">Firefox<\/span><\/a><\/li>\n<li><a href=\"https:\/\/support.microsoft.com\/en-us\/help\/17442\/windows-internet-explorer-delete-manage-cookies\"><span style=\"font-weight: 400\">Internet Explorer<\/span><\/a><\/li>\n<li><a href=\"https:\/\/support.apple.com\/sl-si\/guide\/safari\/sfri11471\/mac\"><span style=\"font-weight: 400\">Safari<\/span><\/a><\/li>\n<li><a href=\"https:\/\/blogs.opera.com\/news\/2015\/08\/how-to-manage-cookies-in-opera\/\"><span style=\"font-weight: 400\">Opera<\/span><\/a><\/li>\n<\/ul>\n<p><span style=\"font-weight: 400\">Je\u017celi u\u017cytkownik zmodyfikuje lub usunie folder z plikami cookie przegl\u0105darki, zmieni lub zaktualizuje swoj\u0105 przegl\u0105dark\u0119 lub urz\u0105dzenie, mo\u017ce by\u0107 zobowi\u0105zany do ponownego wy\u0142\u0105czenia plik\u00f3w cookie. Proces zarz\u0105dzania plikami cookie oraz ich usuwania r\u00f3\u017cni si\u0119 w zale\u017cno\u015bci od przegl\u0105darki. Aby uzyska\u0107 pomoc w tej kwestii, nale\u017cy przejrze\u0107 sekcj\u0119 pomocy w konkretnej przegl\u0105darce.<\/span><\/p>\n<p><span style=\"font-weight: 400\">Mo\u017cna r\u00f3wnie\u017c wy\u0142\u0105czy\u0107 Google Analytics na stronie\u00a0<\/span><a href=\"https:\/\/marketingplatform.google.com\/about\/\"><span style=\"font-weight: 400\">https:\/\/marketingplatform.google.com\/about\/<\/span><\/a><span style=\"font-weight: 400\">.<\/span><\/p>\n<p><span style=\"font-weight: 400\">Aby dowiedzie\u0107 si\u0119 wi\u0119cej o plikach cookie, nale\u017cy odwiedzi\u0107 stron\u0119\u00a0<\/span><a href=\"http:\/\/youronlinechoices.com\/\"><span style=\"font-weight: 400\">http:\/\/youronlinechoices.com\/<\/span><\/a><span style=\"font-weight: 400\">.<\/span><\/p>\n<p>&nbsp;<\/p>\n<p><strong>4. <b>Pliki cookie u\u017cywane w tej witrynie<\/b><\/strong><\/p>\n<p>&nbsp;<\/p>\n<table>\n<tbody>\n<tr>\n<td><b>NAZWA PLIKU COOKIE<\/b><\/td>\n<td><b>CEL<\/b><\/td>\n<td><b>WA\u017bNO\u015a\u0106 PLIKU COOKIE<\/b><\/td>\n<td><b>FIRMA<\/b><\/td>\n<\/tr>\n<tr>\n<td><b>sb<\/b><\/td>\n<td><b>Obs\u0142uga wtyczki<\/b><\/td>\n<td><b>2\u00a0lata<\/b><\/td>\n<td><b>Facebook<\/b><\/td>\n<\/tr>\n<tr>\n<td><b>fr<\/b><\/td>\n<td><b>Obs\u0142uga wtyczki<\/b><\/td>\n<td><b>3\u00a0miesi\u0105ce<\/b><\/td>\n<td><b>Facebook<\/b><\/td>\n<\/tr>\n<tr>\n<td><b>xs<\/b><\/td>\n<td><b>Obs\u0142uga wtyczki<\/b><\/td>\n<td><b>3\u00a0miesi\u0105ce<\/b><\/td>\n<td><b>Facebook<\/b><\/td>\n<\/tr>\n<tr>\n<td><b>c_user<\/b><\/td>\n<td><b>Obs\u0142uga wtyczki<\/b><\/td>\n<td><b>3\u00a0miesi\u0105ce<\/b><\/td>\n<td><b>Facebook<\/b><\/td>\n<\/tr>\n<tr>\n<td><b>presence<\/b><\/td>\n<td><b>Obs\u0142uga wtyczki<\/b><\/td>\n<td><b>Czas trwania sesji<\/b><\/td>\n<td><b>Facebook<\/b><\/td>\n<\/tr>\n<tr>\n<td><b>pl<\/b><\/td>\n<td><b>Obs\u0142uga wtyczki<\/b><\/td>\n<td><b>1\u00a0miesi\u0105c<\/b><\/td>\n<td><b>Facebook<\/b><\/td>\n<\/tr>\n<tr>\n<td><b>wd<\/b><\/td>\n<td><b>Obs\u0142uga wtyczki<\/b><\/td>\n<td><b>1\u00a0tydzie\u0144<\/b><\/td>\n<td><b>Facebook<\/b><\/td>\n<\/tr>\n<tr>\n<td><b>datr<\/b><\/td>\n<td><b>Obs\u0142uga wtyczki<\/b><\/td>\n<td><b>3\u00a0miesi\u0105ce<\/b><\/td>\n<td><b>Facebook<\/b><\/td>\n<\/tr>\n<tr>\n<td><\/td>\n<td><\/td>\n<td><\/td>\n<td><\/td>\n<\/tr>\n<tr>\n<td><b>NAZWA PLIKU COOKIE<\/b><\/td>\n<td><b>CEL<\/b><\/td>\n<td><b>WA\u017bNO\u015a\u0106 PLIKU COOKIE<\/b><\/td>\n<td><\/td>\n<\/tr>\n<tr>\n<td><b>m_pixel_ratio<\/b><\/td>\n<td><b>Obs\u0142uga wtyczki<\/b><\/td>\n<td><b>Czas trwania sesji<\/b><\/td>\n<td><b>Facebook<\/b><\/td>\n<\/tr>\n<tr>\n<td><b>dpr<\/b><\/td>\n<td><b>Obs\u0142uga wtyczki<\/b><\/td>\n<td><b>1\u00a0tydzie\u0144<\/b><\/td>\n<td><\/td>\n<\/tr>\n<tr>\n<td><b>act<\/b><\/td>\n<td><b>Obs\u0142uga wtyczki<\/b><\/td>\n<td><b>Czas trwania sesji<\/b><\/td>\n<td><b>Facebook<\/b><\/td>\n<\/tr>\n<tr>\n<td><b>_lo_v<\/b><\/td>\n<td><b>Obs\u0142uga wtyczki Ghost Monitor<\/b><\/td>\n<td><b>3\u00a0miesi\u0105ce<\/b><\/td>\n<td><\/td>\n<\/tr>\n<tr>\n<td><b>__cfduid<\/b><\/td>\n<td><b>Obs\u0142uga wtyczki Ghost Monitor<\/b><\/td>\n<td><b>1\u00a0rok<\/b><\/td>\n<td><b>Ghost Monitor<\/b><\/td>\n<\/tr>\n<tr>\n<td><b>_lo_u<\/b><\/td>\n<td><b>Obs\u0142uga wtyczki Ghost Monitor<\/b><\/td>\n<td><b>1\u00a0rok<\/b><\/td>\n<td><\/td>\n<\/tr>\n<tr>\n<td><b>_ga<\/b><\/td>\n<td><b>Obs\u0142uga wtyczki Ghost Monitor<\/b><\/td>\n<td><b>1\u00a0rok<\/b><\/td>\n<td><b>Ghost Monitor<\/b><\/td>\n<\/tr>\n<tr>\n<td><\/td>\n<td><\/td>\n<td><\/td>\n<td><\/td>\n<\/tr>\n<tr>\n<td><b>NAZWA PLIKU COOKIE<\/b><\/td>\n<td><b>CEL<\/b><\/td>\n<td><b>WA\u017bNO\u015a\u0106 PLIKU COOKIE<\/b><\/td>\n<td><b>FIRMA<\/b><\/td>\n<\/tr>\n<tr>\n<td><b>__utma<\/b><\/td>\n<td><b>Statystyki odwiedzin u\u017cytkownik\u00f3w<\/b><\/td>\n<td><b>2\u00a0lata<\/b><\/td>\n<td><b>Google Analytics<\/b><\/td>\n<\/tr>\n<tr>\n<td><b>__utmz<\/b><\/td>\n<td><b>Statystyki odwiedzin u\u017cytkownik\u00f3w<\/b><\/td>\n<td><b>6\u00a0miesi\u0119cy<\/b><\/td>\n<td><b>Google Analytics<\/b><\/td>\n<\/tr>\n<tr>\n<td><b>__utmc<\/b><\/td>\n<td><b>Statystyki odwiedzin u\u017cytkownik\u00f3w<\/b><\/td>\n<td><b>Czas trwania sesji<\/b><\/td>\n<td><b>Google Analytics<\/b><\/td>\n<\/tr>\n<tr>\n<td><b>__utmv<\/b><\/td>\n<td><b>Statystyki odwiedzin u\u017cytkownik\u00f3w<\/b><\/td>\n<td><b>Czas trwania sesji<\/b><\/td>\n<td><b>Google Analytics<\/b><\/td>\n<\/tr>\n<tr>\n<td><b>__distillery<\/b><\/td>\n<td><b>Obs\u0142uga odtwarzacza wideo<\/b><\/td>\n<td><b>tigoshop.eu<\/b><\/td>\n<td><b>tigoshop.eu<\/b><\/td>\n<\/tr>\n<tr>\n<td><b>woocommerce_items_in_cart<\/b><\/td>\n<td><b>Dzia\u0142anie witryny interne<\/b><strong>towej shopium.eu<\/strong><\/td>\n<td><strong>shopium.eu<\/strong><\/td>\n<td><strong>shopium.eu<\/strong><\/td>\n<\/tr>\n<tr>\n<td><strong>__kla_id<\/strong><\/td>\n<td><strong>Dzia\u0142anie witryny internetowej shopium.eu<\/strong><\/td>\n<td><strong>shopium.eu<\/strong><\/td>\n<td><strong>shopium.eu<\/strong><\/td>\n<\/tr>\n<tr>\n<td><strong>wp_woocommerce_session_<\/strong><\/td>\n<td><strong>Dzia\u0142anie witryny internetowej shopium.eu<\/strong><\/td>\n<td><strong>shopium.eu<\/strong><\/td>\n<td><strong>shopium.eu<\/strong><\/td>\n<\/tr>\n<\/tbody>\n<\/table>\n<p>&nbsp;<\/p>\n<p><strong>5. <\/strong><b>Cele wykorzystywania plik\u00f3w cookie w naszej witrynie internetowej<\/b><\/p>\n<p><span style=\"font-weight: 400\">Pliki cookie w naszej witrynie internetowej s\u0105 wykorzystywane w nast\u0119puj\u0105cych celach:<\/span><\/p>\n<ul>\n<li style=\"font-weight: 400\"><span style=\"font-weight: 400\">rozpoznanie odwiedzaj\u0105cego podczas kolejnej wizyty,<\/span><\/li>\n<li style=\"font-weight: 400\"><span style=\"font-weight: 400\">zapisanie dodanych przez u\u017cytkownika ocen produkt\u00f3w,<\/span><\/li>\n<li style=\"font-weight: 400\"><span style=\"font-weight: 400\">analizowanie witryny internetowej,<\/span><\/li>\n<li style=\"font-weight: 400\"><span style=\"font-weight: 400\">zapewnienie bezpiecze\u0144stwa witryny internetowej,<\/span><\/li>\n<li style=\"font-weight: 400\"><span style=\"font-weight: 400\">monitorowanie i zapami\u0119tanie zawarto\u015bci koszyka (sesyjny plik cookie),<\/span><\/li>\n<li style=\"font-weight: 400\"><span style=\"font-weight: 400\">plik cookie s\u0142u\u017c\u0105cy do wys\u0142ania komunikatu o niedoko\u0144czonym zakupie,<\/span><\/li>\n<li style=\"font-weight: 400\"><span style=\"font-weight: 400\">obs\u0142uga tre\u015bci wideo,<\/span><\/li>\n<li style=\"font-weight: 400\"><span style=\"font-weight: 400\">obs\u0142uga czatu w witrynie, a tak\u017ce<\/span><\/li>\n<li style=\"font-weight: 400\"><span style=\"font-weight: 400\">reklama.<\/span><\/li>\n<\/ul>\n<p><strong>6. <b>Prawa u\u017cytkownika zwi\u0105zane z przetwarzaniem danych osobowych z u\u017cyciem plik\u00f3w cookie<\/b><\/strong><\/p>\n<p><span style=\"font-weight: 400\">Poza zmian\u0105 preferencji dotycz\u0105cych plik\u00f3w cookie w spos\u00f3b opisany powy\u017cej u\u017cytkownik ma r\u00f3wnie\u017c mo\u017cliwo\u015b\u0107 dochodzenia swoich praw zwi\u0105zanych z przetwarzaniem danych osobowych. Prawa te s\u0105 szczeg\u00f3\u0142owo opisane w naszej Polityce prywatno\u015bci.<\/span><\/p>\n<p>&nbsp;<\/p>\n<p><strong>7. <b>Zmiany i kontakt<\/b><\/strong><\/p>\n<p><span style=\"font-weight: 400\">Niniejsza Polityka plik\u00f3w cookie mo\u017ce si\u0119 zmieni\u0107 w dowolnym momencie. Zaktualizowana wersja zostanie opublikowana w witrynie:\u00a0<\/span> https:\/\/cartium.eu\/pl\/<\/p>\n<p><span style=\"font-weight: 400\">Je\u015bli maj\u0105 Pa\u0144stwo jakiekolwiek pytania b\u0105d\u017a potrzebuj\u0105 dodatkowych informacji na temat plik\u00f3w cookie lub przetwarzania danych osobowych, prosimy o kontakt pod adresem:\u00a0<\/span><span style=\"font-weight: 400\">pl@cartium.eu<\/span><span style=\"font-weight: 400\">. \u00a0<\/span><\/p>\n<p><b>ECTCEU d.o.o.\u00a0 \u00a0 Kamni\u0161ka cesta 24 \/ 1235 Radomlj <\/b><span style=\"font-weight: 400\">\/\u00a0<\/span><span style=\"font-weight: 400\">S\u0142owenia\u00a0<\/span><span style=\"font-weight: 400\">\/\u00a0<\/span><span style=\"font-weight: 400\">pl@cartium.eu<\/span><\/p>\n<p><span style=\"font-weight: 400\">Organ rejestrowy: S\u0105d Rejonowy w Lublanie\u00a0<\/span><span style=\"font-weight: 400\">\/<\/span><span style=\"font-weight: 400\">\u00a0Kapita\u0142 zak\u0142adowy: 7500\u00a0EUR\u00a0<\/span><span style=\"font-weight: 400\">\/<\/span><span style=\"font-weight: 400\">\u00a0IBAN SI56 1010 0005 7929 365\u00a0 <\/span><span style=\"font-weight: 400\">\/<\/span><span style=\"font-weight: 400\">\u00a0Numer identyfikacji podatkowej: 37400223\u00a0<\/span><span style=\"font-weight: 400\">\/<\/span><span style=\"font-weight: 400\">\u00a0Numer rejestracyjny sp\u00f3\u0142ki: 8477493000<\/span><\/p>\n","protected":false},"excerpt":{"rendered":"<p>Sp\u00f3\u0142ka ECTCEU d.o.o. szanuje i chroni Pa\u0144stwa prywatno\u015b\u0107. Poni\u017cej znajduj\u0105 si\u0119 bardziej szczeg\u00f3\u0142owe informacje na temat sposobu post\u0119powania z Pa\u0144stwa danymi osobowymi. Niniejsza Polityka plik\u00f3w cookie opisuje spos\u00f3b przetwarzania danych zebranych za pomoc\u0105 plik\u00f3w cookie i podobnych technologii. Niniejsza polityka zosta\u0142a sporz\u0105dzona zgodnie z Og\u00f3lnym rozporz\u0105dzeniem o ochronie danych Unii Europejskiej oraz obowi\u0105zuj\u0105cymi przepisami s\u0142owe\u0144skimi. &hellip; <a href=\"https:\/\/cartium.eu\/pl\/polityka-plikow-cookie\/\">Continued<\/a><\/p>\n","protected":false},"author":4,"featured_media":0,"parent":0,"menu_order":0,"comment_status":"closed","ping_status":"closed","template":"","meta":{"inline_featured_image":false,"footnotes":""},"class_list":["post-734","page","type-page","status-publish","hentry"],"acf":[],"_links":{"self":[{"href":"https:\/\/cartium.eu\/pl\/wp-json\/wp\/v2\/pages\/734","targetHints":{"allow":["GET"]}}],"collection":[{"href":"https:\/\/cartium.eu\/pl\/wp-json\/wp\/v2\/pages"}],"about":[{"href":"https:\/\/cartium.eu\/pl\/wp-json\/wp\/v2\/types\/page"}],"author":[{"embeddable":true,"href":"https:\/\/cartium.eu\/pl\/wp-json\/wp\/v2\/users\/4"}],"replies":[{"embeddable":true,"href":"https:\/\/cartium.eu\/pl\/wp-json\/wp\/v2\/comments?post=734"}],"version-history":[{"count":3,"href":"https:\/\/cartium.eu\/pl\/wp-json\/wp\/v2\/pages\/734\/revisions"}],"predecessor-version":[{"id":13892,"href":"https:\/\/cartium.eu\/pl\/wp-json\/wp\/v2\/pages\/734\/revisions\/13892"}],"wp:attachment":[{"href":"https:\/\/cartium.eu\/pl\/wp-json\/wp\/v2\/media?parent=734"}],"curies":[{"name":"wp","href":"https:\/\/api.w.org\/{rel}","templated":true}]}}