{"id":1227,"date":"2021-02-17T08:21:11","date_gmt":"2021-02-17T07:21:11","guid":{"rendered":"https:\/\/shopium.eu\/pl\/?post_type=product&#038;p=1227"},"modified":"2021-04-08T10:09:31","modified_gmt":"2021-04-08T08:09:31","slug":"touchstrong-109","status":"publish","type":"product","link":"https:\/\/cartium.eu\/pl\/produkt\/touchstrong-109\/","title":{"rendered":"Wojskowe r\u0119kawice taktyczne &#8211; TouchStrong"},"content":{"rendered":"","protected":false},"excerpt":{"rendered":"<p>Doskona\u0142e r\u0119kawice wojskowe z funkcj\u0105 touch screen, idealne do wszystkich rodzaj\u00f3w sport\u00f3w i zaj\u0119\u0107 na \u015bwie\u017cym powietrzu, bez zadrapa\u0144, siniak\u00f3w i odmro\u017ce\u0144.<\/p>\n","protected":false},"featured_media":1139,"comment_status":"closed","ping_status":"closed","template":"","meta":{"inline_featured_image":false},"product_brand":[],"product_cat":[15],"product_tag":[],"class_list":{"0":"post-1227","1":"product","2":"type-product","3":"status-publish","4":"has-post-thumbnail","6":"product_cat-uncategorized","8":"first","9":"instock","10":"sale","11":"taxable","12":"shipping-taxable","13":"purchasable","14":"product-type-simple"},"acf":[],"_links":{"self":[{"href":"https:\/\/cartium.eu\/pl\/wp-json\/wp\/v2\/product\/1227","targetHints":{"allow":["GET"]}}],"collection":[{"href":"https:\/\/cartium.eu\/pl\/wp-json\/wp\/v2\/product"}],"about":[{"href":"https:\/\/cartium.eu\/pl\/wp-json\/wp\/v2\/types\/product"}],"replies":[{"embeddable":true,"href":"https:\/\/cartium.eu\/pl\/wp-json\/wp\/v2\/comments?post=1227"}],"wp:featuredmedia":[{"embeddable":true,"href":"https:\/\/cartium.eu\/pl\/wp-json\/wp\/v2\/media\/1139"}],"wp:attachment":[{"href":"https:\/\/cartium.eu\/pl\/wp-json\/wp\/v2\/media?parent=1227"}],"wp:term":[{"taxonomy":"product_brand","embeddable":true,"href":"https:\/\/cartium.eu\/pl\/wp-json\/wp\/v2\/product_brand?post=1227"},{"taxonomy":"product_cat","embeddable":true,"href":"https:\/\/cartium.eu\/pl\/wp-json\/wp\/v2\/product_cat?post=1227"},{"taxonomy":"product_tag","embeddable":true,"href":"https:\/\/cartium.eu\/pl\/wp-json\/wp\/v2\/product_tag?post=1227"}],"curies":[{"name":"wp","href":"https:\/\/api.w.org\/{rel}","templated":true}]}}