{"id":1494,"date":"2021-03-09T09:45:48","date_gmt":"2021-03-09T08:45:48","guid":{"rendered":"https:\/\/shopium.eu\/pl\/?post_type=product&#038;p=1494"},"modified":"2023-01-30T11:00:32","modified_gmt":"2023-01-30T10:00:32","slug":"naszyjnik-z-magnetycznym-wisiorkiem-w-ksztalcie-serca-heartjew","status":"publish","type":"product","link":"https:\/\/cartium.eu\/pl\/produkt\/naszyjnik-z-magnetycznym-wisiorkiem-w-ksztalcie-serca-heartjew\/","title":{"rendered":"Naszyjnik z magnetycznym wisiorkiem w kszta\u0142cie serca &#8211; HeartJew"},"content":{"rendered":"","protected":false},"excerpt":{"rendered":"<p>Wyj\u0105tkowy naszyjnik przeznaczony dla par lub bliskich os\u00f3b, aby zawsze mie\u0107 poczucie, \u017ce s\u0105 obok Ciebie.<\/p>\n","protected":false},"featured_media":1504,"comment_status":"closed","ping_status":"closed","template":"","meta":{"inline_featured_image":false},"product_brand":[],"product_cat":[15,28],"product_tag":[],"class_list":{"0":"post-1494","1":"product","2":"type-product","3":"status-publish","4":"has-post-thumbnail","6":"product_cat-uncategorized","7":"product_cat-beauty","9":"first","10":"instock","11":"sale","12":"taxable","13":"shipping-taxable","14":"purchasable","15":"product-type-simple"},"acf":[],"_links":{"self":[{"href":"https:\/\/cartium.eu\/pl\/wp-json\/wp\/v2\/product\/1494","targetHints":{"allow":["GET"]}}],"collection":[{"href":"https:\/\/cartium.eu\/pl\/wp-json\/wp\/v2\/product"}],"about":[{"href":"https:\/\/cartium.eu\/pl\/wp-json\/wp\/v2\/types\/product"}],"replies":[{"embeddable":true,"href":"https:\/\/cartium.eu\/pl\/wp-json\/wp\/v2\/comments?post=1494"}],"wp:featuredmedia":[{"embeddable":true,"href":"https:\/\/cartium.eu\/pl\/wp-json\/wp\/v2\/media\/1504"}],"wp:attachment":[{"href":"https:\/\/cartium.eu\/pl\/wp-json\/wp\/v2\/media?parent=1494"}],"wp:term":[{"taxonomy":"product_brand","embeddable":true,"href":"https:\/\/cartium.eu\/pl\/wp-json\/wp\/v2\/product_brand?post=1494"},{"taxonomy":"product_cat","embeddable":true,"href":"https:\/\/cartium.eu\/pl\/wp-json\/wp\/v2\/product_cat?post=1494"},{"taxonomy":"product_tag","embeddable":true,"href":"https:\/\/cartium.eu\/pl\/wp-json\/wp\/v2\/product_tag?post=1494"}],"curies":[{"name":"wp","href":"https:\/\/api.w.org\/{rel}","templated":true}]}}