{"id":16225,"date":"2024-02-15T10:43:53","date_gmt":"2024-02-15T09:43:53","guid":{"rendered":"https:\/\/cartium.eu\/pl\/?post_type=product&#038;p=16225"},"modified":"2024-02-15T10:46:45","modified_gmt":"2024-02-15T09:46:45","slug":"11-gratis-nano-spray-przeciw-zarysowaniom-nanocoatingagent","status":"publish","type":"product","link":"https:\/\/cartium.eu\/pl\/produkt\/11-gratis-nano-spray-przeciw-zarysowaniom-nanocoatingagent\/","title":{"rendered":"1+1 GRATIS Nano spray przeciw zarysowaniom &#8211; NanoCoatingAgent"},"content":{"rendered":"","protected":false},"excerpt":{"rendered":"<div class=\"woocommerce-product-details__short-description\">\n<div class=\"woocommerce-product-details__short-description\">\n<div class=\"woocommerce-product-details__short-description\">\n<div class=\"woocommerce-product-details__short-description\">\n<p>Uniwersalny i skuteczny spray hydrofobowy do usuwania zarysowa\u0144 na twoim samochodzie pozwoli Ci \u0142atwo i szybko pozby\u0107 si\u0119 rys z maksymalnym efektem po\u0142ysku i trwa\u0142o\u015bci, bez konieczno\u015bci oddawania auta do lakiernika.<\/p>\n<\/div>\n<\/div>\n<\/div>\n<\/div>\n","protected":false},"featured_media":15530,"comment_status":"closed","ping_status":"closed","template":"","meta":{"inline_featured_image":false},"product_brand":[],"product_cat":[15,25,24],"product_tag":[],"class_list":{"0":"post-16225","1":"product","2":"type-product","3":"status-publish","4":"has-post-thumbnail","6":"product_cat-uncategorized","7":"product_cat-car","8":"product_cat-sale","10":"first","11":"instock","12":"sale","13":"taxable","14":"shipping-taxable","15":"purchasable","16":"product-type-simple"},"acf":[],"_links":{"self":[{"href":"https:\/\/cartium.eu\/pl\/wp-json\/wp\/v2\/product\/16225","targetHints":{"allow":["GET"]}}],"collection":[{"href":"https:\/\/cartium.eu\/pl\/wp-json\/wp\/v2\/product"}],"about":[{"href":"https:\/\/cartium.eu\/pl\/wp-json\/wp\/v2\/types\/product"}],"replies":[{"embeddable":true,"href":"https:\/\/cartium.eu\/pl\/wp-json\/wp\/v2\/comments?post=16225"}],"wp:featuredmedia":[{"embeddable":true,"href":"https:\/\/cartium.eu\/pl\/wp-json\/wp\/v2\/media\/15530"}],"wp:attachment":[{"href":"https:\/\/cartium.eu\/pl\/wp-json\/wp\/v2\/media?parent=16225"}],"wp:term":[{"taxonomy":"product_brand","embeddable":true,"href":"https:\/\/cartium.eu\/pl\/wp-json\/wp\/v2\/product_brand?post=16225"},{"taxonomy":"product_cat","embeddable":true,"href":"https:\/\/cartium.eu\/pl\/wp-json\/wp\/v2\/product_cat?post=16225"},{"taxonomy":"product_tag","embeddable":true,"href":"https:\/\/cartium.eu\/pl\/wp-json\/wp\/v2\/product_tag?post=16225"}],"curies":[{"name":"wp","href":"https:\/\/api.w.org\/{rel}","templated":true}]}}