{"id":1947,"date":"2021-03-26T16:37:56","date_gmt":"2021-03-26T15:37:56","guid":{"rendered":"https:\/\/shopium.eu\/pl\/?post_type=product&#038;p=1947"},"modified":"2021-10-06T13:50:18","modified_gmt":"2021-10-06T11:50:18","slug":"samochodowy-uchwyt-do-telefonu-autostand","status":"publish","type":"product","link":"https:\/\/cartium.eu\/pl\/produkt\/samochodowy-uchwyt-do-telefonu-autostand\/","title":{"rendered":"Samochodowy uchwyt do telefonu -AutoStand"},"content":{"rendered":"","protected":false},"excerpt":{"rendered":"<p><span style=\"font-weight: 400\">Niezwykle stabilny, wytrzyma\u0142y i antypo\u015blizgowy uchwyt na telefon CollabCar umo\u017cliwia \u0142atwe i bezpieczne korzystanie z wszystkich funkcji telefonu podczas jazdy, takich jak rozmowy, nawigacja i nie tylko.<\/span><\/p>\n","protected":false},"featured_media":1950,"comment_status":"closed","ping_status":"closed","template":"","meta":{"inline_featured_image":false},"product_brand":[],"product_cat":[15,25],"product_tag":[],"class_list":{"0":"post-1947","1":"product","2":"type-product","3":"status-publish","4":"has-post-thumbnail","6":"product_cat-uncategorized","7":"product_cat-car","9":"first","10":"instock","11":"sale","12":"taxable","13":"shipping-taxable","14":"purchasable","15":"product-type-simple"},"acf":[],"_links":{"self":[{"href":"https:\/\/cartium.eu\/pl\/wp-json\/wp\/v2\/product\/1947","targetHints":{"allow":["GET"]}}],"collection":[{"href":"https:\/\/cartium.eu\/pl\/wp-json\/wp\/v2\/product"}],"about":[{"href":"https:\/\/cartium.eu\/pl\/wp-json\/wp\/v2\/types\/product"}],"replies":[{"embeddable":true,"href":"https:\/\/cartium.eu\/pl\/wp-json\/wp\/v2\/comments?post=1947"}],"wp:featuredmedia":[{"embeddable":true,"href":"https:\/\/cartium.eu\/pl\/wp-json\/wp\/v2\/media\/1950"}],"wp:attachment":[{"href":"https:\/\/cartium.eu\/pl\/wp-json\/wp\/v2\/media?parent=1947"}],"wp:term":[{"taxonomy":"product_brand","embeddable":true,"href":"https:\/\/cartium.eu\/pl\/wp-json\/wp\/v2\/product_brand?post=1947"},{"taxonomy":"product_cat","embeddable":true,"href":"https:\/\/cartium.eu\/pl\/wp-json\/wp\/v2\/product_cat?post=1947"},{"taxonomy":"product_tag","embeddable":true,"href":"https:\/\/cartium.eu\/pl\/wp-json\/wp\/v2\/product_tag?post=1947"}],"curies":[{"name":"wp","href":"https:\/\/api.w.org\/{rel}","templated":true}]}}