{"id":2337,"date":"2021-10-05T09:54:43","date_gmt":"2021-10-05T07:54:43","guid":{"rendered":"https:\/\/cartium.eu\/pl\/?post_type=product&#038;p=2337"},"modified":"2021-10-08T11:01:08","modified_gmt":"2021-10-08T09:01:08","slug":"nasadka-do-wiertarek-katowa-angleadapter","status":"publish","type":"product","link":"https:\/\/cartium.eu\/pl\/produkt\/nasadka-do-wiertarek-katowa-angleadapter\/","title":{"rendered":"Nasadka do wiertarek (k\u0105towa) &#8211; AngleAdapter"},"content":{"rendered":"","protected":false},"excerpt":{"rendered":"<p>Zr\u00f3b, aby to by\u0142a wielka ulga w codziennej pracy niezale\u017cnie od tego, czy jeste\u015b profesjonalist\u0105, czy tego rodzaju nasadka jest do \u017cytku domowego.<\/p>\n","protected":false},"featured_media":2381,"comment_status":"closed","ping_status":"closed","template":"","meta":{"inline_featured_image":false},"product_brand":[],"product_cat":[15,27],"product_tag":[],"class_list":{"0":"post-2337","1":"product","2":"type-product","3":"status-publish","4":"has-post-thumbnail","6":"product_cat-uncategorized","7":"product_cat-home","9":"first","10":"instock","11":"sale","12":"taxable","13":"shipping-taxable","14":"purchasable","15":"product-type-simple"},"acf":[],"_links":{"self":[{"href":"https:\/\/cartium.eu\/pl\/wp-json\/wp\/v2\/product\/2337","targetHints":{"allow":["GET"]}}],"collection":[{"href":"https:\/\/cartium.eu\/pl\/wp-json\/wp\/v2\/product"}],"about":[{"href":"https:\/\/cartium.eu\/pl\/wp-json\/wp\/v2\/types\/product"}],"replies":[{"embeddable":true,"href":"https:\/\/cartium.eu\/pl\/wp-json\/wp\/v2\/comments?post=2337"}],"wp:featuredmedia":[{"embeddable":true,"href":"https:\/\/cartium.eu\/pl\/wp-json\/wp\/v2\/media\/2381"}],"wp:attachment":[{"href":"https:\/\/cartium.eu\/pl\/wp-json\/wp\/v2\/media?parent=2337"}],"wp:term":[{"taxonomy":"product_brand","embeddable":true,"href":"https:\/\/cartium.eu\/pl\/wp-json\/wp\/v2\/product_brand?post=2337"},{"taxonomy":"product_cat","embeddable":true,"href":"https:\/\/cartium.eu\/pl\/wp-json\/wp\/v2\/product_cat?post=2337"},{"taxonomy":"product_tag","embeddable":true,"href":"https:\/\/cartium.eu\/pl\/wp-json\/wp\/v2\/product_tag?post=2337"}],"curies":[{"name":"wp","href":"https:\/\/api.w.org\/{rel}","templated":true}]}}