{"id":2457,"date":"2019-10-15T15:40:23","date_gmt":"2019-10-15T13:40:23","guid":{"rendered":"https:\/\/cartium.eu\/pl\/?post_type=product&#038;p=2457"},"modified":"2023-01-05T09:17:46","modified_gmt":"2023-01-05T08:17:46","slug":"11-gratis-keratynowa-maska-do-wlosow-hairsilky","status":"publish","type":"product","link":"https:\/\/cartium.eu\/pl\/produkt\/11-gratis-keratynowa-maska-do-wlosow-hairsilky\/","title":{"rendered":"1+1 GRATIS Keratynowa maska do w\u0142os\u00f3w &#8211; HairSilky"},"content":{"rendered":"","protected":false},"excerpt":{"rendered":"<p>Zregeneruj swoje w\u0142osy dzi\u0119ki naturalnej i wysokiej jako\u015bci masce keratynowej w ci\u0105gu zaledwie kilku dni i zosta\u0144 jednym z wielu zadowolonych klient\u00f3w!<\/p>\n","protected":false},"featured_media":808,"comment_status":"closed","ping_status":"closed","template":"","meta":{"inline_featured_image":false},"product_brand":[],"product_cat":[15,28,24],"product_tag":[],"class_list":{"0":"post-2457","1":"product","2":"type-product","3":"status-publish","4":"has-post-thumbnail","6":"product_cat-uncategorized","7":"product_cat-beauty","8":"product_cat-sale","10":"first","11":"instock","12":"sale","13":"taxable","14":"shipping-taxable","15":"purchasable","16":"product-type-simple"},"acf":[],"_links":{"self":[{"href":"https:\/\/cartium.eu\/pl\/wp-json\/wp\/v2\/product\/2457","targetHints":{"allow":["GET"]}}],"collection":[{"href":"https:\/\/cartium.eu\/pl\/wp-json\/wp\/v2\/product"}],"about":[{"href":"https:\/\/cartium.eu\/pl\/wp-json\/wp\/v2\/types\/product"}],"replies":[{"embeddable":true,"href":"https:\/\/cartium.eu\/pl\/wp-json\/wp\/v2\/comments?post=2457"}],"wp:featuredmedia":[{"embeddable":true,"href":"https:\/\/cartium.eu\/pl\/wp-json\/wp\/v2\/media\/808"}],"wp:attachment":[{"href":"https:\/\/cartium.eu\/pl\/wp-json\/wp\/v2\/media?parent=2457"}],"wp:term":[{"taxonomy":"product_brand","embeddable":true,"href":"https:\/\/cartium.eu\/pl\/wp-json\/wp\/v2\/product_brand?post=2457"},{"taxonomy":"product_cat","embeddable":true,"href":"https:\/\/cartium.eu\/pl\/wp-json\/wp\/v2\/product_cat?post=2457"},{"taxonomy":"product_tag","embeddable":true,"href":"https:\/\/cartium.eu\/pl\/wp-json\/wp\/v2\/product_tag?post=2457"}],"curies":[{"name":"wp","href":"https:\/\/api.w.org\/{rel}","templated":true}]}}