{"id":2458,"date":"2019-10-15T15:41:19","date_gmt":"2019-10-15T13:41:19","guid":{"rendered":"https:\/\/cartium.eu\/pl\/?post_type=product&#038;p=2458"},"modified":"2021-10-20T09:10:38","modified_gmt":"2021-10-20T07:10:38","slug":"11-gratis-frez-do-drewnianych-naroznikow-miter","status":"publish","type":"product","link":"https:\/\/cartium.eu\/pl\/produkt\/11-gratis-frez-do-drewnianych-naroznikow-miter\/","title":{"rendered":"1+1 GRATIS Frez do drewnianych naro\u017cnik\u00f3w &#8211; Miter"},"content":{"rendered":"","protected":false},"excerpt":{"rendered":"<p>Absolutny hit w obr\u00f3bce drewna i wykonywaniu mocnych po\u0142\u0105cze\u0144 pod k\u0105tem 90 stopni. Ten uniwersalny frez przyspieszy i u\u0142atwi prac\u0119 w domu i warsztacie.<\/p>\n","protected":false},"featured_media":1383,"comment_status":"closed","ping_status":"closed","template":"","meta":{"inline_featured_image":false},"product_brand":[],"product_cat":[15],"product_tag":[],"class_list":{"0":"post-2458","1":"product","2":"type-product","3":"status-publish","4":"has-post-thumbnail","6":"product_cat-uncategorized","8":"first","9":"instock","10":"sale","11":"taxable","12":"shipping-taxable","13":"purchasable","14":"product-type-simple"},"acf":[],"_links":{"self":[{"href":"https:\/\/cartium.eu\/pl\/wp-json\/wp\/v2\/product\/2458","targetHints":{"allow":["GET"]}}],"collection":[{"href":"https:\/\/cartium.eu\/pl\/wp-json\/wp\/v2\/product"}],"about":[{"href":"https:\/\/cartium.eu\/pl\/wp-json\/wp\/v2\/types\/product"}],"replies":[{"embeddable":true,"href":"https:\/\/cartium.eu\/pl\/wp-json\/wp\/v2\/comments?post=2458"}],"wp:featuredmedia":[{"embeddable":true,"href":"https:\/\/cartium.eu\/pl\/wp-json\/wp\/v2\/media\/1383"}],"wp:attachment":[{"href":"https:\/\/cartium.eu\/pl\/wp-json\/wp\/v2\/media?parent=2458"}],"wp:term":[{"taxonomy":"product_brand","embeddable":true,"href":"https:\/\/cartium.eu\/pl\/wp-json\/wp\/v2\/product_brand?post=2458"},{"taxonomy":"product_cat","embeddable":true,"href":"https:\/\/cartium.eu\/pl\/wp-json\/wp\/v2\/product_cat?post=2458"},{"taxonomy":"product_tag","embeddable":true,"href":"https:\/\/cartium.eu\/pl\/wp-json\/wp\/v2\/product_tag?post=2458"}],"curies":[{"name":"wp","href":"https:\/\/api.w.org\/{rel}","templated":true}]}}