{"id":2463,"date":"2019-10-18T13:08:23","date_gmt":"2019-10-18T11:08:23","guid":{"rendered":"https:\/\/cartium.eu\/pl\/?post_type=product&#038;p=2463"},"modified":"2021-10-20T09:10:15","modified_gmt":"2021-10-20T07:10:15","slug":"11-gratis-plynna-tasma-izolacyjna-flextape","status":"publish","type":"product","link":"https:\/\/cartium.eu\/pl\/produkt\/11-gratis-plynna-tasma-izolacyjna-flextape\/","title":{"rendered":"1+1 GRATIS P\u0142ynna ta\u015bma izolacyjna &#8211; FlexTape"},"content":{"rendered":"","protected":false},"excerpt":{"rendered":"<p>Idealne rozwi\u0105zanie do izolacji wszystkich po\u0142\u0105cze\u0144 elektrycznych. Za pomoc\u0105 tego ultra-praktycznego i bezpiecznego p\u0142ynu izolacyjnego zabezpieczysz ka\u017cde z\u0142\u0105cze, bezpiecznie, bez odklejania, jak w przypadku klasycznych ta\u015bm izolacyjnych.<\/p>\n","protected":false},"featured_media":715,"comment_status":"closed","ping_status":"closed","template":"","meta":{"inline_featured_image":false},"product_brand":[],"product_cat":[15],"product_tag":[],"class_list":{"0":"post-2463","1":"product","2":"type-product","3":"status-publish","4":"has-post-thumbnail","6":"product_cat-uncategorized","8":"first","9":"instock","10":"sale","11":"taxable","12":"shipping-taxable","13":"purchasable","14":"product-type-simple"},"acf":[],"_links":{"self":[{"href":"https:\/\/cartium.eu\/pl\/wp-json\/wp\/v2\/product\/2463","targetHints":{"allow":["GET"]}}],"collection":[{"href":"https:\/\/cartium.eu\/pl\/wp-json\/wp\/v2\/product"}],"about":[{"href":"https:\/\/cartium.eu\/pl\/wp-json\/wp\/v2\/types\/product"}],"replies":[{"embeddable":true,"href":"https:\/\/cartium.eu\/pl\/wp-json\/wp\/v2\/comments?post=2463"}],"wp:featuredmedia":[{"embeddable":true,"href":"https:\/\/cartium.eu\/pl\/wp-json\/wp\/v2\/media\/715"}],"wp:attachment":[{"href":"https:\/\/cartium.eu\/pl\/wp-json\/wp\/v2\/media?parent=2463"}],"wp:term":[{"taxonomy":"product_brand","embeddable":true,"href":"https:\/\/cartium.eu\/pl\/wp-json\/wp\/v2\/product_brand?post=2463"},{"taxonomy":"product_cat","embeddable":true,"href":"https:\/\/cartium.eu\/pl\/wp-json\/wp\/v2\/product_cat?post=2463"},{"taxonomy":"product_tag","embeddable":true,"href":"https:\/\/cartium.eu\/pl\/wp-json\/wp\/v2\/product_tag?post=2463"}],"curies":[{"name":"wp","href":"https:\/\/api.w.org\/{rel}","templated":true}]}}