{"id":2464,"date":"2019-10-18T13:11:16","date_gmt":"2019-10-18T11:11:16","guid":{"rendered":"https:\/\/cartium.eu\/pl\/?post_type=product&#038;p=2464"},"modified":"2023-01-05T09:18:35","modified_gmt":"2023-01-05T08:18:35","slug":"11-gratis-uniwersalna-nasadka-do-kluczy-wrenchextension","status":"publish","type":"product","link":"https:\/\/cartium.eu\/pl\/produkt\/11-gratis-uniwersalna-nasadka-do-kluczy-wrenchextension\/","title":{"rendered":"1+1 GRATIS Uniwersalna nasadka do kluczy &#8211; WrenchExtension"},"content":{"rendered":"","protected":false},"excerpt":{"rendered":"<p>Wrenchy jesz nowa generacja nasadek do wszystkich kluczy i wiertarek o wymiarach od 0.3-9 mm dzi\u0119ki kt\u00f3rym z \u0142atwo\u015bci\u0105 dotrzesz do trudno dost\u0119pnych miejsc w Twoim samochodzie, gospodarstwie domowym tym podobnie.<\/p>\n","protected":false},"featured_media":2359,"comment_status":"closed","ping_status":"closed","template":"","meta":{"inline_featured_image":false},"product_brand":[],"product_cat":[15,27,24],"product_tag":[],"class_list":{"0":"post-2464","1":"product","2":"type-product","3":"status-publish","4":"has-post-thumbnail","6":"product_cat-uncategorized","7":"product_cat-home","8":"product_cat-sale","10":"first","11":"instock","12":"sale","13":"taxable","14":"shipping-taxable","15":"purchasable","16":"product-type-simple"},"acf":[],"_links":{"self":[{"href":"https:\/\/cartium.eu\/pl\/wp-json\/wp\/v2\/product\/2464","targetHints":{"allow":["GET"]}}],"collection":[{"href":"https:\/\/cartium.eu\/pl\/wp-json\/wp\/v2\/product"}],"about":[{"href":"https:\/\/cartium.eu\/pl\/wp-json\/wp\/v2\/types\/product"}],"replies":[{"embeddable":true,"href":"https:\/\/cartium.eu\/pl\/wp-json\/wp\/v2\/comments?post=2464"}],"wp:featuredmedia":[{"embeddable":true,"href":"https:\/\/cartium.eu\/pl\/wp-json\/wp\/v2\/media\/2359"}],"wp:attachment":[{"href":"https:\/\/cartium.eu\/pl\/wp-json\/wp\/v2\/media?parent=2464"}],"wp:term":[{"taxonomy":"product_brand","embeddable":true,"href":"https:\/\/cartium.eu\/pl\/wp-json\/wp\/v2\/product_brand?post=2464"},{"taxonomy":"product_cat","embeddable":true,"href":"https:\/\/cartium.eu\/pl\/wp-json\/wp\/v2\/product_cat?post=2464"},{"taxonomy":"product_tag","embeddable":true,"href":"https:\/\/cartium.eu\/pl\/wp-json\/wp\/v2\/product_tag?post=2464"}],"curies":[{"name":"wp","href":"https:\/\/api.w.org\/{rel}","templated":true}]}}