{"id":4984,"date":"2022-09-20T13:06:44","date_gmt":"2022-09-20T11:06:44","guid":{"rendered":"https:\/\/cartium.eu\/pl\/?post_type=product&#038;p=4984"},"modified":"2023-08-01T16:36:06","modified_gmt":"2023-08-01T14:36:06","slug":"magiczne-zaszyty-robocze-dla-dzieci","status":"publish","type":"product","link":"https:\/\/cartium.eu\/pl\/produkt\/magiczne-zaszyty-robocze-dla-dzieci\/","title":{"rendered":"Magiczne zaszyty robocze dla dzieci"},"content":{"rendered":"","protected":false},"excerpt":{"rendered":"<div class=\"woocommerce-product-details__short-description\">\n<div class=\"woocommerce-product-details__short-description\">\n<div class=\"woocommerce-product-details__short-description\">\n<div class=\"woocommerce-product-details__short-description\">\n<p>Pozw\u00f3l swoim dzieciom poprawi\u0107 swoje ruchy i kszta\u0142ty, rysowa\u0107 i pisa\u0107 dzi\u0119ki temu zabawnemu zaszytowi do \u0107wicze\u0144. Przygotuj swoje dziecko do szko\u0142y i u\u0142atw mu pocz\u0105tek. Pozw\u00f3l dzieciom rozwija\u0107 swoj\u0105 dok\u0142adno\u015b\u0107 dzi\u0119ki temu edukacyjnemu zeszytowi do \u0107wicze\u0144<\/p>\n<\/div>\n<\/div>\n<\/div>\n<\/div>\n","protected":false},"featured_media":4989,"comment_status":"closed","ping_status":"closed","template":"","meta":{"inline_featured_image":false},"product_brand":[],"product_cat":[15,25,35],"product_tag":[],"class_list":{"0":"post-4984","1":"product","2":"type-product","3":"status-publish","4":"has-post-thumbnail","6":"product_cat-uncategorized","7":"product_cat-car","8":"product_cat-fun","10":"first","11":"instock","12":"sale","13":"taxable","14":"shipping-taxable","15":"purchasable","16":"product-type-simple"},"acf":[],"_links":{"self":[{"href":"https:\/\/cartium.eu\/pl\/wp-json\/wp\/v2\/product\/4984","targetHints":{"allow":["GET"]}}],"collection":[{"href":"https:\/\/cartium.eu\/pl\/wp-json\/wp\/v2\/product"}],"about":[{"href":"https:\/\/cartium.eu\/pl\/wp-json\/wp\/v2\/types\/product"}],"replies":[{"embeddable":true,"href":"https:\/\/cartium.eu\/pl\/wp-json\/wp\/v2\/comments?post=4984"}],"wp:featuredmedia":[{"embeddable":true,"href":"https:\/\/cartium.eu\/pl\/wp-json\/wp\/v2\/media\/4989"}],"wp:attachment":[{"href":"https:\/\/cartium.eu\/pl\/wp-json\/wp\/v2\/media?parent=4984"}],"wp:term":[{"taxonomy":"product_brand","embeddable":true,"href":"https:\/\/cartium.eu\/pl\/wp-json\/wp\/v2\/product_brand?post=4984"},{"taxonomy":"product_cat","embeddable":true,"href":"https:\/\/cartium.eu\/pl\/wp-json\/wp\/v2\/product_cat?post=4984"},{"taxonomy":"product_tag","embeddable":true,"href":"https:\/\/cartium.eu\/pl\/wp-json\/wp\/v2\/product_tag?post=4984"}],"curies":[{"name":"wp","href":"https:\/\/api.w.org\/{rel}","templated":true}]}}