{"id":621,"date":"2020-12-11T10:15:28","date_gmt":"2020-12-11T09:15:28","guid":{"rendered":"https:\/\/shopium.eu\/rs\/?post_type=product&#038;p=621"},"modified":"2023-05-20T10:24:15","modified_gmt":"2023-05-20T08:24:15","slug":"rozkladana-siec-do-latwego-polowu-ryb-fishet","status":"publish","type":"product","link":"https:\/\/cartium.eu\/pl\/produkt\/rozkladana-siec-do-latwego-polowu-ryb-fishet\/","title":{"rendered":"Rozk\u0142adana sie\u0107 do \u0142atwego po\u0142owu ryb &#8211; Fishet"},"content":{"rendered":"","protected":false},"excerpt":{"rendered":"<p>Je\u015bli jeste\u015b mi\u0142o\u015bnikiem w\u0119dkowania, a do tego lubisz pochwali\u0107 si\u0119 obfitym po\u0142owem, z t\u0105 niezwykle praktyczn\u0105 i \u0142atw\u0105 w obs\u0142udze sieci\u0105 po\u0142\u0105czysz przyjemne z po\u017cytecznym i odkryjesz nowy wymiar w\u0119dkowania!<\/p>\n","protected":false},"featured_media":1517,"comment_status":"closed","ping_status":"closed","template":"","meta":{"inline_featured_image":false},"product_brand":[],"product_cat":[15,24,35],"product_tag":[],"class_list":{"0":"post-621","1":"product","2":"type-product","3":"status-publish","4":"has-post-thumbnail","6":"product_cat-uncategorized","7":"product_cat-sale","8":"product_cat-fun","10":"first","11":"instock","12":"sale","13":"taxable","14":"shipping-taxable","15":"purchasable","16":"product-type-simple"},"acf":[],"_links":{"self":[{"href":"https:\/\/cartium.eu\/pl\/wp-json\/wp\/v2\/product\/621","targetHints":{"allow":["GET"]}}],"collection":[{"href":"https:\/\/cartium.eu\/pl\/wp-json\/wp\/v2\/product"}],"about":[{"href":"https:\/\/cartium.eu\/pl\/wp-json\/wp\/v2\/types\/product"}],"replies":[{"embeddable":true,"href":"https:\/\/cartium.eu\/pl\/wp-json\/wp\/v2\/comments?post=621"}],"wp:featuredmedia":[{"embeddable":true,"href":"https:\/\/cartium.eu\/pl\/wp-json\/wp\/v2\/media\/1517"}],"wp:attachment":[{"href":"https:\/\/cartium.eu\/pl\/wp-json\/wp\/v2\/media?parent=621"}],"wp:term":[{"taxonomy":"product_brand","embeddable":true,"href":"https:\/\/cartium.eu\/pl\/wp-json\/wp\/v2\/product_brand?post=621"},{"taxonomy":"product_cat","embeddable":true,"href":"https:\/\/cartium.eu\/pl\/wp-json\/wp\/v2\/product_cat?post=621"},{"taxonomy":"product_tag","embeddable":true,"href":"https:\/\/cartium.eu\/pl\/wp-json\/wp\/v2\/product_tag?post=621"}],"curies":[{"name":"wp","href":"https:\/\/api.w.org\/{rel}","templated":true}]}}