{"id":708,"date":"2020-12-24T10:09:10","date_gmt":"2020-12-24T09:09:10","guid":{"rendered":"https:\/\/shopium.eu\/pl\/?post_type=product&#038;p=708"},"modified":"2021-10-05T12:02:25","modified_gmt":"2021-10-05T10:02:25","slug":"plynna-tasma-izolacyjna-liquidtape-3","status":"publish","type":"product","link":"https:\/\/cartium.eu\/pl\/produkt\/plynna-tasma-izolacyjna-liquidtape-3\/","title":{"rendered":"P\u0142ynna ta\u015bma izolacyjna &#8211; LiquidTape"},"content":{"rendered":"","protected":false},"excerpt":{"rendered":"<p>Idealne rozwi\u0105zanie do izolacji wszystkich po\u0142\u0105cze\u0144 elektrycznych. Za pomoc\u0105 tego ultra-praktycznego i bezpiecznego p\u0142ynu izolacyjnego zabezpieczysz ka\u017cde z\u0142\u0105cze, bezpiecznie, bez odklejania, jak w przypadku klasycznych ta\u015bm izolacyjnych.<\/p>\n","protected":false},"featured_media":715,"comment_status":"closed","ping_status":"closed","template":"","meta":{"inline_featured_image":false},"product_brand":[],"product_cat":[15,27,24],"product_tag":[],"class_list":{"0":"post-708","1":"product","2":"type-product","3":"status-publish","4":"has-post-thumbnail","6":"product_cat-uncategorized","7":"product_cat-home","8":"product_cat-sale","10":"first","11":"instock","12":"sale","13":"taxable","14":"shipping-taxable","15":"purchasable","16":"product-type-simple"},"acf":[],"_links":{"self":[{"href":"https:\/\/cartium.eu\/pl\/wp-json\/wp\/v2\/product\/708","targetHints":{"allow":["GET"]}}],"collection":[{"href":"https:\/\/cartium.eu\/pl\/wp-json\/wp\/v2\/product"}],"about":[{"href":"https:\/\/cartium.eu\/pl\/wp-json\/wp\/v2\/types\/product"}],"replies":[{"embeddable":true,"href":"https:\/\/cartium.eu\/pl\/wp-json\/wp\/v2\/comments?post=708"}],"wp:featuredmedia":[{"embeddable":true,"href":"https:\/\/cartium.eu\/pl\/wp-json\/wp\/v2\/media\/715"}],"wp:attachment":[{"href":"https:\/\/cartium.eu\/pl\/wp-json\/wp\/v2\/media?parent=708"}],"wp:term":[{"taxonomy":"product_brand","embeddable":true,"href":"https:\/\/cartium.eu\/pl\/wp-json\/wp\/v2\/product_brand?post=708"},{"taxonomy":"product_cat","embeddable":true,"href":"https:\/\/cartium.eu\/pl\/wp-json\/wp\/v2\/product_cat?post=708"},{"taxonomy":"product_tag","embeddable":true,"href":"https:\/\/cartium.eu\/pl\/wp-json\/wp\/v2\/product_tag?post=708"}],"curies":[{"name":"wp","href":"https:\/\/api.w.org\/{rel}","templated":true}]}}