{"id":100,"date":"2020-10-28T10:57:15","date_gmt":"2020-10-28T10:57:15","guid":{"rendered":"https:\/\/shopium.eu\/rs\/?page_id=100"},"modified":"2023-09-15T12:31:07","modified_gmt":"2023-09-15T10:31:07","slug":"termos-e-condicoes","status":"publish","type":"page","link":"https:\/\/cartium.eu\/pt\/termos-e-condicoes\/","title":{"rendered":"Termos e Condi\u00e7\u00f5es"},"content":{"rendered":"<p>termos comerciais gerais<\/p>\n<p>Cartium.com\/ (doravante &#8220;n\u00f3s&#8221;, &#8220;nos&#8221;, &#8220;nosso&#8221;, &#8220;nosso&#8221;, &#8220;nosso&#8221;, etc.) \u00e9 uma loja online pertencente \u00e0 ECTCEU doo. (doravante &#8220;n\u00f3s&#8221;, &#8220;nos&#8221;, &#8220;nosso&#8221;, &#8220;nosso&#8221;, &#8220;nosso&#8221;, etc.), que opera de acordo com a Lei sobre com\u00e9rcio eletr\u00f4nico e todas as outras leis e regulamentos aplic\u00e1veis \u200b\u200bda Uni\u00e3o Europeia. . Ao visitar ou efetuar uma compra na nossa loja online, aceita os seguintes termos de utiliza\u00e7\u00e3o. Leia atentamente e familiarize-se com as regras que aplicamos. Reservamo-nos o direito de alterar estes Termos de Uso sem aviso pr\u00e9vio.<\/p>\n<p>Declara\u00e7\u00e3o de privacidade<\/p>\n<p>Em nome da nossa loja online, estamos empenhados em proteger a privacidade de todos os nossos clientes de acordo com as disposi\u00e7\u00f5es da legisla\u00e7\u00e3o da Uni\u00e3o Europeia (GDPR) e das leis locais. Coletamos apenas dados b\u00e1sicos e necess\u00e1rios sobre clientes\/usu\u00e1rios e dados necess\u00e1rios para opera\u00e7\u00f5es comerciais e para informar os usu\u00e1rios de acordo com as boas pr\u00e1ticas comerciais e fornecer um servi\u00e7o de qualidade. Oferecemos op\u00e7\u00f5es aos usu\u00e1rios, incluindo a capacidade de decidir se desejam ser removidos das listas de e-mail usadas em campanhas de marketing. Todos os dados dos utilizadores\/clientes s\u00e3o rigorosamente guardados e apenas est\u00e3o dispon\u00edveis aos colaboradores que necessitem dos dados para a realiza\u00e7\u00e3o do seu trabalho. Todos os nossos funcion\u00e1rios (e parceiros de neg\u00f3cios) s\u00e3o respons\u00e1veis \u200b\u200bpor respeitar os princ\u00edpios de privacidade.<\/p>\n<p>Pre\u00e7os<\/p>\n<p>Todos os pre\u00e7os dos produtos listados no site incluem IVA. Comprometemo-nos a honrar o pre\u00e7o pelo qual a sua encomenda foi enviada, independentemente de o pre\u00e7o do produto ter mudado desde a cria\u00e7\u00e3o da encomenda. No entanto, reservamo-nos o direito de cancelar uma encomenda, notificando o consumidor por e-mail caso tenha ocorrido um erro grave de pre\u00e7o no site. Cada cliente recebe uma fatura em formato eletr\u00f3nico ao efetuar uma compra no endere\u00e7o de e-mail que especificou no momento da encomenda.<\/p>\n<p>&nbsp;<\/p>\n<p>Entrega<\/p>\n<p>Todos os produtos apresentados no nosso site encontram-se no nosso armaz\u00e9m. No momento da compra, o cliente \u00e9 obrigado a suportar os custos de envio, exceto para produtos individuais marcados: \u201cportes inclu\u00eddos no pre\u00e7o\u201d ou \u201cportes gr\u00e1tis\u201d. No atendimento de pedidos, utilizamos os servi\u00e7os das empresas de courier Expedico. Temos um contrato assinado de coopera\u00e7\u00e3o comercial com todos os servi\u00e7os de correio acima. O prazo de entrega dos produtos encomendados \u00e9 de 2 a 5 dias \u00fateis (devido \u00e0 situa\u00e7\u00e3o do COVID-19 o prazo de entrega poder\u00e1 ser ligeiramente superior). Entregamos os produtos encomendados no endere\u00e7o especificado como endere\u00e7o de entrega.<\/p>\n<p>&nbsp;<\/p>\n<p>Propriedade intelectual<\/p>\n<p>O conte\u00fado exibido neste site, como p\u00e1ginas, elementos de design (bot\u00f5es, \u00edcones, etc.), textos, fotografias, logotipos, grava\u00e7\u00f5es de \u00e1udio e software, s\u00e3o de nossa propriedade ou de nossos parceiros e n\u00e3o podem ser utilizados sem nossa pr\u00e9via autoriza\u00e7\u00e3o. consentimento. Se voc\u00ea acredita que o conte\u00fado do nosso site pertence a voc\u00ea e foi utilizado indevidamente, entre em contato conosco para determinar a propriedade da propriedade intelectual. Todas as informa\u00e7\u00f5es dispon\u00edveis no site t\u00eam car\u00e1ter meramente informativo e n\u00e3o podem ser utilizadas para fins comerciais ou distribu\u00eddas a terceiros<\/p>\n<p>&nbsp;<\/p>\n<p>&nbsp;<\/p>\n<p>Coment\u00e1rios, comunica\u00e7\u00f5es e outros conte\u00fados deixados pelos visitantes<\/p>\n<p>Os visitantes podem comentar sobre os produtos e enviar mensagens para o nosso endere\u00e7o de e-mail. Temos o direito de n\u00e3o publicar coment\u00e1rios maliciosos, que contenham declara\u00e7\u00f5es obscenas, que espalhem \u00f3dio ou que de qualquer forma ameacem os direitos de outras pessoas. Tais coment\u00e1rios ser\u00e3o exclu\u00eddos sem aviso pr\u00e9vio. A falsifica\u00e7\u00e3o de identidade e o registro com o endere\u00e7o de e-mail de outra pessoa n\u00e3o s\u00e3o permitidos. Podemos iniciar os procedimentos legais apropriados contra tais a\u00e7\u00f5es<\/p>\n<p>&nbsp;<\/p>\n<p>Descri\u00e7\u00f5es dos produtos.<\/p>\n<p>\u00c9 do nosso interesse descrever todos os produtos com a maior precis\u00e3o poss\u00edvel. No entanto, n\u00e3o garantimos que qualquer informa\u00e7\u00e3o fornecida sobre o produto seja precisa, completa, confi\u00e1vel ou livre de erros. Se o produto adquirido for diferente da descri\u00e7\u00e3o indicada no site, o comerciante tem o direito de devolv\u00ea-lo sem danos juntamente com todo o equipamento adicional que o acompanha, e n\u00f3s reembolsaremos o dinheiro.<\/p>\n<p>&nbsp;<\/p>\n<p>Horas de trabalho<\/p>\n<p>Trabalhamos das 9h \u00e0s 17h, 5 dias por semana (segunda, ter\u00e7a, quarta, quinta e sexta). Em caso de problemas t\u00e9cnicos ou manuten\u00e7\u00e3o regular, o site poder\u00e1 ficar indispon\u00edvel por um curto per\u00edodo de tempo, sobre o qual informaremos antecipadamente.<\/p>\n<p>&nbsp;<\/p>\n<p>Altera\u00e7\u00e3o (atualiza\u00e7\u00e3o) de dados no site<\/p>\n<p>Reservamo-nos o direito de alterar a informa\u00e7\u00e3o apresentada em qualquer p\u00e1gina do site a qualquer momento, sem aviso pr\u00e9vio. Os visitantes do site n\u00e3o t\u00eam o direito de alterar unilateralmente os termos de uso, e qualquer altera\u00e7\u00e3o ser\u00e1 nula, a menos que ambas as partes concordem por escrito.<\/p>\n<p>&nbsp;<\/p>\n<p>Informa\u00e7\u00f5es adicionais<\/p>\n<p>A impossibilidade ou ilegalidade parcial ou total de determinadas disposi\u00e7\u00f5es destes Termos de Uso n\u00e3o afetar\u00e1 a validade das demais disposi\u00e7\u00f5es, que permanecem em vigor como um todo. Uma disposi\u00e7\u00e3o inadequada ou ilegal ser\u00e1 substitu\u00edda por outra disposi\u00e7\u00e3o apropriada. Voc\u00ea concorda em n\u00e3o ceder seus direitos e obriga\u00e7\u00f5es sob estes Termos de Uso a terceiros sem nosso consentimento expresso por escrito.<\/p>\n","protected":false},"excerpt":{"rendered":"<p>termos comerciais gerais Cartium.com\/ (doravante &#8220;n\u00f3s&#8221;, &#8220;nos&#8221;, &#8220;nosso&#8221;, &#8220;nosso&#8221;, &#8220;nosso&#8221;, etc.) \u00e9 uma loja online pertencente \u00e0 ECTCEU doo. (doravante &#8220;n\u00f3s&#8221;, &#8220;nos&#8221;, &#8220;nosso&#8221;, &#8220;nosso&#8221;, &#8220;nosso&#8221;, etc.), que opera de acordo com a Lei sobre com\u00e9rcio eletr\u00f4nico e todas as outras leis e regulamentos aplic\u00e1veis \u200b\u200bda Uni\u00e3o Europeia. . Ao visitar ou efetuar uma compra na &hellip; <a href=\"https:\/\/cartium.eu\/pt\/termos-e-condicoes\/\">Continued<\/a><\/p>\n","protected":false},"author":1,"featured_media":0,"parent":0,"menu_order":0,"comment_status":"closed","ping_status":"closed","template":"","meta":{"inline_featured_image":false,"footnotes":""},"class_list":["post-100","page","type-page","status-publish","hentry"],"acf":[],"_links":{"self":[{"href":"https:\/\/cartium.eu\/pt\/wp-json\/wp\/v2\/pages\/100","targetHints":{"allow":["GET"]}}],"collection":[{"href":"https:\/\/cartium.eu\/pt\/wp-json\/wp\/v2\/pages"}],"about":[{"href":"https:\/\/cartium.eu\/pt\/wp-json\/wp\/v2\/types\/page"}],"author":[{"embeddable":true,"href":"https:\/\/cartium.eu\/pt\/wp-json\/wp\/v2\/users\/1"}],"replies":[{"embeddable":true,"href":"https:\/\/cartium.eu\/pt\/wp-json\/wp\/v2\/comments?post=100"}],"version-history":[{"count":12,"href":"https:\/\/cartium.eu\/pt\/wp-json\/wp\/v2\/pages\/100\/revisions"}],"predecessor-version":[{"id":10604,"href":"https:\/\/cartium.eu\/pt\/wp-json\/wp\/v2\/pages\/100\/revisions\/10604"}],"wp:attachment":[{"href":"https:\/\/cartium.eu\/pt\/wp-json\/wp\/v2\/media?parent=100"}],"curies":[{"name":"wp","href":"https:\/\/api.w.org\/{rel}","templated":true}]}}