{"id":102,"date":"2020-10-28T10:57:38","date_gmt":"2020-10-28T10:57:38","guid":{"rendered":"https:\/\/shopium.eu\/rs\/?page_id=102"},"modified":"2023-09-15T12:35:14","modified_gmt":"2023-09-15T10:35:14","slug":"reclamacoes-e-troca-de-mercadorias","status":"publish","type":"page","link":"https:\/\/cartium.eu\/pt\/reclamacoes-e-troca-de-mercadorias\/","title":{"rendered":"Reclama\u00e7\u00f5es e troca de mercadorias"},"content":{"rendered":"<p>RECLAMA\u00c7\u00d5ES E TROCA DE MERCADORIAS<br \/>\nReclama\u00e7\u00f5es<br \/>\nEm caso de qualquer reclama\u00e7\u00e3o relativa ao produto ou aos nossos servi\u00e7os, contacte-nos (pt@cartium.eu). Pode ter certeza que estamos prontos e capazes de resolver qualquer situa\u00e7\u00e3o que surgir. Produtos que entram em contato direto com a pele, dentes ou partes \u00edntimas do corpo n\u00e3o est\u00e3o sujeitos a reclama\u00e7\u00f5es. Produtos que apresentem sinais evidentes de uso tamb\u00e9m n\u00e3o est\u00e3o sujeitos a devolu\u00e7\u00e3o!<\/p>\n<p>Reembolso ou troca de produto<br \/>\nNo prazo de 14 dias ap\u00f3s a compra do produto, o comerciante tem a oportunidade de trocar o produto adquirido. Voc\u00ea pode trocar o produto por outro ou solicitar reembolso.<br \/>\nO produto n\u00e3o deve ser danificado e deve ser devolvido em sua embalagem original e intacta junto com todos os acess\u00f3rios fornecidos. Caso contr\u00e1rio, a reclama\u00e7\u00e3o ser\u00e1 rejeitada ou apenas parcialmente aceite!<br \/>\nNo prazo de 14 dias ap\u00f3s a recep\u00e7\u00e3o do envio, o comerciante pode notificar-nos por escrito por e-mail (pt@cartium.eu) da rescis\u00e3o do contrato e fornecer os seus dados e n\u00famero de envio ou enviar-nos a factura electr\u00f3nica recebida para o e-mail. -endere\u00e7o de correio fornecido no momento da compra, para que possamos identificar o pedido. Entretanto, pode preencher um formul\u00e1rio aqui e enviar o produto de volta para a nossa morada no prazo de 14 dias: (as moradas ser\u00e3o fornecidas)<\/p>\n<p>ECTCEU d.o.o., Kamni\u0161ka cesta 24, 1235 Radomlje, Eslov\u00eania<\/p>\n<p>Endere\u00e7o de e-mail em caso de reclama\u00e7\u00e3o ou troca: pt@cartium.eu<br \/>\nO dinheiro ser\u00e1 devolvido ap\u00f3s receber a remessa de devolu\u00e7\u00e3o!<br \/>\nFormul\u00e1rio de troca de produtos: https:\/\/bit.ly\/<br \/>\nFormul\u00e1rio de devolu\u00e7\u00e3o: https:\/\/bitly\/<br \/>\nComent\u00e1rios:<br \/>\nOs custos de envio s\u00e3o suportados pelo remetente. N\u00e3o aceitamos dinheiro na entrega! Se voc\u00ea n\u00e3o preencher o formul\u00e1rio de rescis\u00e3o do contrato no prazo de 14 dias ap\u00f3s o recebimento da remessa, o reembolso ou a troca da mercadoria n\u00e3o ser\u00e1 poss\u00edvel! O produto ser\u00e1 substitu\u00eddo ou seu dinheiro reembolsado no prazo de 8 dias \u00fateis ap\u00f3s o recebimento do pacote.<\/p>\n","protected":false},"excerpt":{"rendered":"<p>RECLAMA\u00c7\u00d5ES E TROCA DE MERCADORIAS Reclama\u00e7\u00f5es Em caso de qualquer reclama\u00e7\u00e3o relativa ao produto ou aos nossos servi\u00e7os, contacte-nos (pt@cartium.eu). Pode ter certeza que estamos prontos e capazes de resolver qualquer situa\u00e7\u00e3o que surgir. Produtos que entram em contato direto com a pele, dentes ou partes \u00edntimas do corpo n\u00e3o est\u00e3o sujeitos a reclama\u00e7\u00f5es. Produtos &hellip; <a href=\"https:\/\/cartium.eu\/pt\/reclamacoes-e-troca-de-mercadorias\/\">Continued<\/a><\/p>\n","protected":false},"author":1,"featured_media":0,"parent":0,"menu_order":0,"comment_status":"closed","ping_status":"closed","template":"","meta":{"inline_featured_image":false,"footnotes":""},"class_list":["post-102","page","type-page","status-publish","hentry"],"acf":[],"_links":{"self":[{"href":"https:\/\/cartium.eu\/pt\/wp-json\/wp\/v2\/pages\/102","targetHints":{"allow":["GET"]}}],"collection":[{"href":"https:\/\/cartium.eu\/pt\/wp-json\/wp\/v2\/pages"}],"about":[{"href":"https:\/\/cartium.eu\/pt\/wp-json\/wp\/v2\/types\/page"}],"author":[{"embeddable":true,"href":"https:\/\/cartium.eu\/pt\/wp-json\/wp\/v2\/users\/1"}],"replies":[{"embeddable":true,"href":"https:\/\/cartium.eu\/pt\/wp-json\/wp\/v2\/comments?post=102"}],"version-history":[{"count":8,"href":"https:\/\/cartium.eu\/pt\/wp-json\/wp\/v2\/pages\/102\/revisions"}],"predecessor-version":[{"id":10606,"href":"https:\/\/cartium.eu\/pt\/wp-json\/wp\/v2\/pages\/102\/revisions\/10606"}],"wp:attachment":[{"href":"https:\/\/cartium.eu\/pt\/wp-json\/wp\/v2\/media?parent=102"}],"curies":[{"name":"wp","href":"https:\/\/api.w.org\/{rel}","templated":true}]}}