{"id":104,"date":"2020-10-28T10:57:46","date_gmt":"2020-10-28T10:57:46","guid":{"rendered":"https:\/\/shopium.eu\/rs\/?page_id=104"},"modified":"2023-09-15T12:37:12","modified_gmt":"2023-09-15T10:37:12","slug":"sobre-nos","status":"publish","type":"page","link":"https:\/\/cartium.eu\/pt\/sobre-nos\/","title":{"rendered":"Sobre n\u00f3s"},"content":{"rendered":"<p>Nosso pensamento atrav\u00e9s do prisma da MARCA &#8211; quem somos e por que existimos h\u00e1 tanto tempo?<\/p>\n<p>No estilo de vida agitado de hoje, todo neg\u00f3cio se baseia em obter o m\u00e1ximo lucro poss\u00edvel. Mas mesmo isso est\u00e1 a ser superado de acordo com as mudan\u00e7as di\u00e1rias no mundo, e o lucro por si s\u00f3 j\u00e1 n\u00e3o \u00e9 suficiente como a concretiza\u00e7\u00e3o do objectivo de apenas uma parte.<\/p>\n<p>\u00c0s vezes, \u00e9 melhor olhar as coisas de outro ponto de vista, muitas vezes mais realista, para ver o que realmente \u00e9 necess\u00e1rio para superar um degrau mais alto.<\/p>\n<p>Nesse sentido, come\u00e7\u00e1mos a fazer inqu\u00e9ritos \u00e0s pessoas em 2018 com o objetivo principal de saber o que as pessoas realmente necessitam no seu dia a dia e adapt\u00e1mos o nosso modelo de neg\u00f3cio a isso.<\/p>\n<p>&nbsp;<\/p>\n<p>Nosso objetivo:<\/p>\n<p>O mercado global da Internet est\u00e1 inundado com um n\u00famero incalcul\u00e1vel de produtos oferecidos em todo o mundo, e encomend\u00e1-los j\u00e1 \u00e9 um grande problema e um emaranhado, raz\u00e3o pela qual as pessoas t\u00eam reservas quando se trata de tais coisas.<\/p>\n<p>Torna-se dif\u00edcil distinguir qual loja online tem um modelo de neg\u00f3cio bem desenvolvido e uma organiza\u00e7\u00e3o de alto n\u00edvel onde a prioridade \u00e9 o cliente e a compra segura!<\/p>\n<p>Tudo isso n\u00e3o deveria ser motivo para n\u00e3o podermos desfrutar de coisas interessantes que s\u00f3 est\u00e3o dispon\u00edveis para n\u00f3s online, por isso estamos aqui para atend\u00ea-lo como um filtro e uma op\u00e7\u00e3o segura para curiosos como n\u00f3s.<\/p>\n<p>De acordo com o mercado global da internet, que monitoramos constantemente, queremos reunir em um s\u00f3 lugar todos os melhores e mais necess\u00e1rios produtos de tend\u00eancia que v\u00e3o deixar voc\u00ea mais feliz e facilitar o seu dia a dia.<\/p>\n<p>Um dos par\u00e2metros que se revelou principalmente importante durante o nosso inqu\u00e9rito \u00e9 a rapidez na entrega, pelo que de acordo com isso, mantemos todos os produtos que temos expostos no site em stock real nos nossos armaz\u00e9ns na Europa, para que estejam dispon\u00edveis<\/p>\n<p>agora e agora!<\/p>\n<p>Claro que o mais importante \u00e9 a qualidade do produto, por isso testamos cuidadosamente cada produto individual antes de o colocar no mercado e verificamos todas as funcionalidades para nos certificarmos de que o produto realmente corresponde aos padr\u00f5es de qualidade apresentados.<\/p>\n<p>Nosso lema:<\/p>\n<p>Exploramos o mecanismo de busca para voc\u00ea e para os produtos que voc\u00ea gosta &#8211; sem seu risco!<\/p>\n","protected":false},"excerpt":{"rendered":"<p>Nosso pensamento atrav\u00e9s do prisma da MARCA &#8211; quem somos e por que existimos h\u00e1 tanto tempo? No estilo de vida agitado de hoje, todo neg\u00f3cio se baseia em obter o m\u00e1ximo lucro poss\u00edvel. Mas mesmo isso est\u00e1 a ser superado de acordo com as mudan\u00e7as di\u00e1rias no mundo, e o lucro por si s\u00f3 &hellip; <a href=\"https:\/\/cartium.eu\/pt\/sobre-nos\/\">Continued<\/a><\/p>\n","protected":false},"author":1,"featured_media":0,"parent":0,"menu_order":0,"comment_status":"closed","ping_status":"closed","template":"","meta":{"inline_featured_image":false,"footnotes":""},"class_list":["post-104","page","type-page","status-publish","hentry"],"acf":[],"_links":{"self":[{"href":"https:\/\/cartium.eu\/pt\/wp-json\/wp\/v2\/pages\/104","targetHints":{"allow":["GET"]}}],"collection":[{"href":"https:\/\/cartium.eu\/pt\/wp-json\/wp\/v2\/pages"}],"about":[{"href":"https:\/\/cartium.eu\/pt\/wp-json\/wp\/v2\/types\/page"}],"author":[{"embeddable":true,"href":"https:\/\/cartium.eu\/pt\/wp-json\/wp\/v2\/users\/1"}],"replies":[{"embeddable":true,"href":"https:\/\/cartium.eu\/pt\/wp-json\/wp\/v2\/comments?post=104"}],"version-history":[{"count":4,"href":"https:\/\/cartium.eu\/pt\/wp-json\/wp\/v2\/pages\/104\/revisions"}],"predecessor-version":[{"id":10607,"href":"https:\/\/cartium.eu\/pt\/wp-json\/wp\/v2\/pages\/104\/revisions\/10607"}],"wp:attachment":[{"href":"https:\/\/cartium.eu\/pt\/wp-json\/wp\/v2\/media?parent=104"}],"curies":[{"name":"wp","href":"https:\/\/api.w.org\/{rel}","templated":true}]}}