{"id":1044,"date":"2021-01-05T14:08:01","date_gmt":"2021-01-05T13:08:01","guid":{"rendered":"https:\/\/shopium.eu\/hr\/?page_id=1044"},"modified":"2023-09-20T14:25:18","modified_gmt":"2023-09-20T12:25:18","slug":"politica-de-cookies","status":"publish","type":"page","link":"https:\/\/cartium.eu\/pt\/politica-de-cookies\/","title":{"rendered":"Pol\u00edtica de cookies"},"content":{"rendered":"<p>A ECTCEU n\u00e3o respeita nem protege a sua privacidade. Abaixo voc\u00ea encontrar\u00e1 informa\u00e7\u00f5es mais detalhadas sobre como gerenciamos seus dados pessoais.<\/p>\n<p>Esta Pol\u00edtica de Cookies descreve o processo de recolha de dados atrav\u00e9s de cookies e tecnologias semelhantes. Estas regras foram compiladas de acordo com o Regulamento Geral de Prote\u00e7\u00e3o de Dados da Uni\u00e3o Europeia (GDPR) e a legisla\u00e7\u00e3o eslovena em vigor.<\/p>\n<p>1. Sobre cookies<\/p>\n<p>O que s\u00e3o cookies e por que s\u00e3o necess\u00e1rios?<\/p>\n<p>Um cookie \u00e9 um pequeno fragmento de dados que um site envia para um navegador em conex\u00e3o com a sua visita. Desta forma, o site reconhece-o, recolhe informa\u00e7\u00f5es relacionadas com a sua visita e presta-lhe um servi\u00e7o online personalizado e c\u00f3modo. Os cookies ajudam-nos a personalizar o conte\u00fado do nosso site, lembrar as suas prefer\u00eancias e registar visitas ao nosso site. Os cookies permitem uma experi\u00eancia de navega\u00e7\u00e3o agrad\u00e1vel, r\u00e1pida e eficiente no nosso website.<\/p>\n<p>&nbsp;<\/p>\n<p>2. Os cookies que utilizamos<\/p>\n<p>No nosso site utilizamos diferentes categorias de cookies divididas em quatro categorias:<\/p>\n<p>biscoitos necess\u00e1rios,<br \/>\ncookies anal\u00edticos,<br \/>\ncookies funcionais e<br \/>\ncookies publicit\u00e1rios (marketing).<br \/>\nCookies necess\u00e1rios s\u00e3o cookies sem os quais o nosso site n\u00e3o pode funcionar. Estes cookies s\u00e3o colocados automaticamente no seu dispositivo e n\u00e3o podem ser desativados. Os cookies necess\u00e1rios n\u00e3o podem identific\u00e1-lo e servem apenas para garantir uma exibi\u00e7\u00e3o precisa do site.<\/p>\n<p>Os cookies anal\u00edticos permitem-nos realizar diversas an\u00e1lises estat\u00edsticas do nosso website. Esses cookies s\u00e3o usados \u200b\u200banonimamente, o que significa que voc\u00ea n\u00e3o pode ser identificado. Voc\u00ea pode desativar o uso desses cookies no seu navegador de internet ou na se\u00e7\u00e3o \u201cConfigura\u00e7\u00f5es de Cookies\u201d na parte inferior do nosso site.<\/p>\n<p>Cookies funcionais s\u00e3o cookies que permitem diversas fun\u00e7\u00f5es do nosso site, como configura\u00e7\u00e3o de idioma, salvar o conte\u00fado do seu carrinho de compras, etc. Estes cookies s\u00e3o colocados no seu dispositivo apenas com o seu consentimento pr\u00e9vio.<\/p>\n<p>Os cookies de marketing s\u00e3o utilizados para fornecer servi\u00e7os de publicidade personalizados. Ao utilizar dados, estes cookies criam um perfil com base no qual s\u00f3 voc\u00ea ver\u00e1 an\u00fancios que considera serem do seu interesse. Estes cookies s\u00e3o colocados no seu dispositivo apenas com o seu consentimento pr\u00e9vio. Tenha em aten\u00e7\u00e3o que a recusa de utiliza\u00e7\u00e3o destes cookies n\u00e3o impedir\u00e1 a apresenta\u00e7\u00e3o de an\u00fancios no website e continuar\u00e1 a aparecer; No entanto, n\u00e3o nos adaptaremos aos seus interesses.<\/p>\n<p>Al\u00e9m das categorias acima, distinguimos entre cookies pr\u00f3prios e cookies de terceiros que utilizamos no nosso website.<\/p>\n<p>Cookies prim\u00e1rios s\u00e3o cookies que pertencem a este site, ou seja, cookies colocados neste site pela nossa empresa ou pelos nossos processadores contratuais. Para obter mais informa\u00e7\u00f5es sobre nossos processadores de contratos, leia nossa Pol\u00edtica de Privacidade.<\/p>\n<p>Cookies de terceiros s\u00e3o cookies colocados pelos v\u00e1rios sites que voc\u00ea est\u00e1 visitando atualmente e que nos permitem usar an\u00fancios personalizados. Estes cookies s\u00e3o utilizados para monitorizar a sua utiliza\u00e7\u00e3o da Internet, permitindo-nos exibir an\u00fancios que sejam relevantes e interessantes para os seus utilizadores.<\/p>\n<p>&nbsp;<\/p>\n<p>3. Edite suas configura\u00e7\u00f5es de cookies<\/p>\n<p>Voc\u00ea pode decidir se deseja permitir o armazenamento de cookies no seu dispositivo.<\/p>\n<p>Puede cambiar la configuraci\u00f3n de cookies en cualquier momento en la secci\u00f3n &#8220;Configuraci\u00f3n de cookies&#8221; en la parte inferior del sitio web.<\/p>\n<p>Cuando visita nuestro sitio web, solo las cookies necesarias y las cookies anal\u00edticas an\u00f3nimas se colocan autom\u00e1ticamente en su dispositivo, mientras que las cookies de preferencias y marketing se colocan en su dispositivo solo con su consentimiento.<\/p>\n<p>\u00bfC\u00f3mo puedo dar mi consentimiento?<\/p>\n<p>Cuando visite nuestro sitio web por primera vez, se abrir\u00e1 una ventana emergente y podr\u00e1 seleccionar la configuraci\u00f3n de cookies adecuada. Si ya visit\u00f3 nuestro sitio web y confirm\u00f3 las cookies seleccionadas, puede cambiar esta configuraci\u00f3n yendo a la secci\u00f3n &#8220;Configuraci\u00f3n de cookies&#8221; en la parte inferior de nuestro sitio web. Se abrir\u00e1 una nueva ventana emergente y podr\u00e1 elegir la configuraci\u00f3n de cookies.<\/p>\n<p>Le advertimos que rechazar el uso de cookies no impedir\u00e1 que se muestren anuncios en el sitio web. El n\u00famero de anuncios mostrados ser\u00e1 el mismo que si hubiera aceptado las cookies. Si se niega a aceptar cookies publicitarias, solo ver\u00e1 anuncios generalizados y no ver\u00e1 anuncios adaptados a sus deseos y necesidades.<\/p>\n<p>La configuraci\u00f3n de las cookies tambi\u00e9n se puede controlar y cambiar en su navegador de Internet.<\/p>\n<p>Para obtener m\u00e1s informaci\u00f3n sobre la configuraci\u00f3n de cookies, seleccione el navegador de Internet que est\u00e1 utilizando:<\/p>\n<p>Cromo<br \/>\nFirefox<br \/>\nexplorador de Internet<br \/>\nSafari<br \/>\n\u00d3pera<br \/>\nSi cambia o elimina el archivo de cookies de su navegador o cambia\/actualiza su navegador o su dispositivo, es posible que deba desactivar las cookies nuevamente. El procedimiento de gesti\u00f3n y eliminaci\u00f3n de cookies depende del navegador. Si necesita ayuda, puede consultar la secci\u00f3n &#8220;Asistencia al usuario&#8221; de su navegador.<\/p>\n<p>Tambi\u00e9n puede desactivar Google Analytics en https:\/\/marketingplatform.google.com\/about\/.<\/p>\n<p>Para obtener m\u00e1s informaci\u00f3n sobre las cookies, visite http:\/\/youronlinechoices.com\/.<\/p>\n<p>&nbsp;<\/p>\n<p>4. Cookies que utilizamos en este sitio web<\/p>\n<p>&nbsp;<\/p>\n<p>NOMBRE DE LA COOKIE FINALIDAD DURACI\u00d3N DE LA EMPRESA<br \/>\nsb Complemento laboral 2 a\u00f1os Facebook<br \/>\nEl complemento fr funciona durante 3 meses Facebook<br \/>\nEl complemento xs funciona durante 3 meses Facebook<br \/>\nc_user Operaci\u00f3n complementaria 3 meses Facebook<br \/>\npresencia Operaci\u00f3n del complemento Duraci\u00f3n de la sesi\u00f3n Facebook<br \/>\npl Complemento de trabajo 1 mes Facebook<br \/>\nwd Trabajo complementario 1 semana Facebook<br \/>\ndatr Trabajo complementario 3 meses Facebook<br \/>\nNOMBRE DE LA COOKIE FINALIDAD DURACI\u00d3N DE LA EMPRESA<br \/>\nm_pixel_ratio Operaci\u00f3n del complemento Duraci\u00f3n de la sesi\u00f3n Facebook<br \/>\ndpr Trabajo complementario 1 semana Facebook<br \/>\nactuar Operaci\u00f3n adicional Duraci\u00f3n de la sesi\u00f3n Facebook<br \/>\n_lo_v Funcionamiento del complemento Ghost Monitor 3 meses Ghost Monitor<br \/>\n__cfduid Funcionamiento del complemento Ghost Monitor 1 a\u00f1o Ghost Monitor<br \/>\n_lo_u Funcionamiento del complemento Ghost Monitor 1 a\u00f1o Ghost Monitor<br \/>\n_ga Operaci\u00f3n adicional de Ghost Monitor 1 a\u00f1o de Ghost Monitor<br \/>\nNOMBRE DE LA COOKIE FINALIDAD DURACI\u00d3N DE LA EMPRESA<br \/>\n__utma Estad\u00edsticas de visitas de usuarios durante 2 a\u00f1os Google Analytics<br \/>\n__utmz Estad\u00edsticas de visitas de usuarios durante 6 meses Google Analytics<br \/>\n__utmc Estad\u00edsticas de visitas de usuarios Duraci\u00f3n de la sesi\u00f3n de Google Analytics<br \/>\n__utmv Estad\u00edsticas de visitas de usuarios Duraci\u00f3n de la sesi\u00f3n de Google Analytics<br \/>\n__distillery Funcionamiento del dispositivo de v\u00eddeo shopium.eu shopium.eu<br \/>\nwoocommerce_items_in_cart Operaci\u00f3n del sitio shopium.eu shopium.eu shopium.eu<br \/>\n__kla_id Funcionamiento del sitio web shopium.eu shopium.eu shopium.eu<br \/>\nwp_woocommerce_session_ Funcionamiento de shopium.eu shopium.eu shopium.eu<\/p>\n<p>5. Finalidades para las que se utilizan las cookies en nuestro sitio web<\/p>\n<p>En nuestro sitio web, las cookies se utilizan con las siguientes finalidades:<\/p>\n<p>reconocer a los visitantes durante su pr\u00f3xima visita,<br \/>\nalmacenar calificaciones de productos que usted proporciona,<br \/>\nan\u00e1lisis de sitios web,<br \/>\nproporcionando seguridad del sitio web,<br \/>\nrastrear y guardar el contenido de su carrito de compras (cookie de sesi\u00f3n),<br \/>\ncookie para enviar un mensaje sobre una compra incompleta,<br \/>\nfuncionamiento del contenido de v\u00eddeo,<br \/>\nel funcionamiento de la funci\u00f3n de chat en el sitio web y<br \/>\npublicidad.<\/p>\n<p>6. Sus derechos respecto al tratamiento de datos personales mediante cookies<\/p>\n<p>Adem\u00e1s de editar la configuraci\u00f3n de las cookies como se describe anteriormente, tambi\u00e9n tiene la opci\u00f3n de ejercer sus derechos relacionados con el procesamiento de datos personales. Estos derechos se detallan en nuestra Pol\u00edtica de Privacidad.<\/p>\n<p>&nbsp;<\/p>\n<p>7. Cambios y contacto<\/p>\n<p>Esta Pol\u00edtica de Cookies pode ser alterada a qualquer momento. Uma vers\u00e3o atualizada ser\u00e1 publicada em https:\/\/cartium.eu\/pt\/<\/p>\n<p>Em caso de d\u00favida ou caso necessite de mais informa\u00e7\u00f5es sobre cookies ou tratamento de dados pessoais, contacte-nos atrav\u00e9s do email pt@cartium.eu<\/p>\n<p>&nbsp;<\/p>\n<p>ECTCEU doo Kamni\u0161ka ko\u0161aria 24 \/ 1235 Radomlje \/ Eslov\u00eania \/pt@cartium.eu<\/p>\n<p>Autoridade de registo: Tribunal Distrital de Liubliana \/ Capital social: 7.500 EUR \/ IBAN SI56 1010 0005 7929 365 \/ CIF: 37400223 \/ N\u00famero de registo: 8477493000<\/p>\n","protected":false},"excerpt":{"rendered":"<p>A ECTCEU n\u00e3o respeita nem protege a sua privacidade. Abaixo voc\u00ea encontrar\u00e1 informa\u00e7\u00f5es mais detalhadas sobre como gerenciamos seus dados pessoais. Esta Pol\u00edtica de Cookies descreve o processo de recolha de dados atrav\u00e9s de cookies e tecnologias semelhantes. Estas regras foram compiladas de acordo com o Regulamento Geral de Prote\u00e7\u00e3o de Dados da Uni\u00e3o Europeia &hellip; <a href=\"https:\/\/cartium.eu\/pt\/politica-de-cookies\/\">Continued<\/a><\/p>\n","protected":false},"author":4,"featured_media":0,"parent":0,"menu_order":0,"comment_status":"closed","ping_status":"closed","template":"","meta":{"inline_featured_image":false,"footnotes":""},"class_list":["post-1044","page","type-page","status-publish","hentry"],"acf":[],"_links":{"self":[{"href":"https:\/\/cartium.eu\/pt\/wp-json\/wp\/v2\/pages\/1044","targetHints":{"allow":["GET"]}}],"collection":[{"href":"https:\/\/cartium.eu\/pt\/wp-json\/wp\/v2\/pages"}],"about":[{"href":"https:\/\/cartium.eu\/pt\/wp-json\/wp\/v2\/types\/page"}],"author":[{"embeddable":true,"href":"https:\/\/cartium.eu\/pt\/wp-json\/wp\/v2\/users\/4"}],"replies":[{"embeddable":true,"href":"https:\/\/cartium.eu\/pt\/wp-json\/wp\/v2\/comments?post=1044"}],"version-history":[{"count":5,"href":"https:\/\/cartium.eu\/pt\/wp-json\/wp\/v2\/pages\/1044\/revisions"}],"predecessor-version":[{"id":10611,"href":"https:\/\/cartium.eu\/pt\/wp-json\/wp\/v2\/pages\/1044\/revisions\/10611"}],"wp:attachment":[{"href":"https:\/\/cartium.eu\/pt\/wp-json\/wp\/v2\/media?parent=1044"}],"curies":[{"name":"wp","href":"https:\/\/api.w.org\/{rel}","templated":true}]}}