{"id":98,"date":"2020-10-28T10:57:05","date_gmt":"2020-10-28T10:57:05","guid":{"rendered":"https:\/\/shopium.eu\/rs\/?page_id=98"},"modified":"2023-09-15T12:29:22","modified_gmt":"2023-09-15T10:29:22","slug":"opcoes-de-entrega-e-pagamento","status":"publish","type":"page","link":"https:\/\/cartium.eu\/pt\/opcoes-de-entrega-e-pagamento\/","title":{"rendered":"Op\u00e7\u00f5es de entrega e pagamento"},"content":{"rendered":"<p>Entrega<\/p>\n<p>Todos os produtos exibidos em nosso site tamb\u00e9m est\u00e3o em nosso estoque. Durante a compra, o cliente obriga-se a pagar os portes de envio no ato da rece\u00e7\u00e3o da mercadoria, exceto no caso de encomendas de produtos individuais, nas quais consta a indica\u00e7\u00e3o: \u201cos portes est\u00e3o inclu\u00eddos no pre\u00e7o\u201d ou \u201centrega gratuita\u201d. Usamos os servi\u00e7os de entrega DelNext para entregar pedidos. Temos um contrato assinado de coopera\u00e7\u00e3o comercial com todos os servi\u00e7os de correio acima. O prazo de entrega dos produtos encomendados \u00e9 de 2 a 4 dias \u00fateis (devido \u00e0 situa\u00e7\u00e3o do COVID-19 existe a possibilidade de prolongamento do prazo de entrega). Os produtos encomendados s\u00e3o entregues no endere\u00e7o que voc\u00ea especificou como endere\u00e7o de entrega.<\/p>\n<p>&nbsp;<\/p>\n<p>Rastreamento de remessa<\/p>\n<p>Voc\u00ea pode acompanhar sua remessa atrav\u00e9s deste link:<\/p>\n<p><a href=\"https:\/\/www.delnext.com\/PT\/track_your_parcel\">https:\/\/www.delnext.com\/PT\/track_your_parcel<\/a><\/p>\n<p>Pagamento<\/p>\n<p>Oferecemos diversas op\u00e7\u00f5es de pagamento. Voc\u00ea pode pagar pelo produto via PayPal, cart\u00e3o de cr\u00e9dito ou dinheiro na entrega.<\/p>\n","protected":false},"excerpt":{"rendered":"<p>Entrega Todos os produtos exibidos em nosso site tamb\u00e9m est\u00e3o em nosso estoque. Durante a compra, o cliente obriga-se a pagar os portes de envio no ato da rece\u00e7\u00e3o da mercadoria, exceto no caso de encomendas de produtos individuais, nas quais consta a indica\u00e7\u00e3o: \u201cos portes est\u00e3o inclu\u00eddos no pre\u00e7o\u201d ou \u201centrega gratuita\u201d. Usamos os &hellip; <a href=\"https:\/\/cartium.eu\/pt\/opcoes-de-entrega-e-pagamento\/\">Continued<\/a><\/p>\n","protected":false},"author":1,"featured_media":0,"parent":0,"menu_order":0,"comment_status":"closed","ping_status":"closed","template":"","meta":{"inline_featured_image":false,"footnotes":""},"class_list":["post-98","page","type-page","status-publish","hentry"],"acf":[],"_links":{"self":[{"href":"https:\/\/cartium.eu\/pt\/wp-json\/wp\/v2\/pages\/98","targetHints":{"allow":["GET"]}}],"collection":[{"href":"https:\/\/cartium.eu\/pt\/wp-json\/wp\/v2\/pages"}],"about":[{"href":"https:\/\/cartium.eu\/pt\/wp-json\/wp\/v2\/types\/page"}],"author":[{"embeddable":true,"href":"https:\/\/cartium.eu\/pt\/wp-json\/wp\/v2\/users\/1"}],"replies":[{"embeddable":true,"href":"https:\/\/cartium.eu\/pt\/wp-json\/wp\/v2\/comments?post=98"}],"version-history":[{"count":12,"href":"https:\/\/cartium.eu\/pt\/wp-json\/wp\/v2\/pages\/98\/revisions"}],"predecessor-version":[{"id":10603,"href":"https:\/\/cartium.eu\/pt\/wp-json\/wp\/v2\/pages\/98\/revisions\/10603"}],"wp:attachment":[{"href":"https:\/\/cartium.eu\/pt\/wp-json\/wp\/v2\/media?parent=98"}],"curies":[{"name":"wp","href":"https:\/\/api.w.org\/{rel}","templated":true}]}}