{"id":10563,"date":"2023-08-04T11:29:15","date_gmt":"2023-08-04T09:29:15","guid":{"rendered":"https:\/\/cartium.eu\/pt\/?post_type=product&#038;p=10563"},"modified":"2023-09-20T14:56:52","modified_gmt":"2023-09-20T12:56:52","slug":"aspirador-portatil-sem-fios","status":"publish","type":"product","link":"https:\/\/cartium.eu\/pt\/proizvod\/aspirador-portatil-sem-fios\/","title":{"rendered":"Aspirador port\u00e1til sem fios"},"content":{"rendered":"","protected":false},"excerpt":{"rendered":"<p>Um aspirador port\u00e1til leve com forte poder de suc\u00e7\u00e3o \u00e9 um assistente ideal para qualquer casa, local de trabalho ou carro. Elimine a poeira e a sujidade em apenas alguns passos com este excelente aspirador.<\/p>\n","protected":false},"featured_media":5354,"comment_status":"closed","ping_status":"closed","template":"","meta":{"inline_featured_image":false},"product_brand":[],"product_cat":[15,27],"product_tag":[],"class_list":{"0":"post-10563","1":"product","2":"type-product","3":"status-publish","4":"has-post-thumbnail","6":"product_cat-uncategorized","7":"product_cat-home","9":"first","10":"instock","11":"sale","12":"taxable","13":"shipping-taxable","14":"purchasable","15":"product-type-simple"},"acf":[],"_links":{"self":[{"href":"https:\/\/cartium.eu\/pt\/wp-json\/wp\/v2\/product\/10563","targetHints":{"allow":["GET"]}}],"collection":[{"href":"https:\/\/cartium.eu\/pt\/wp-json\/wp\/v2\/product"}],"about":[{"href":"https:\/\/cartium.eu\/pt\/wp-json\/wp\/v2\/types\/product"}],"replies":[{"embeddable":true,"href":"https:\/\/cartium.eu\/pt\/wp-json\/wp\/v2\/comments?post=10563"}],"wp:featuredmedia":[{"embeddable":true,"href":"https:\/\/cartium.eu\/pt\/wp-json\/wp\/v2\/media\/5354"}],"wp:attachment":[{"href":"https:\/\/cartium.eu\/pt\/wp-json\/wp\/v2\/media?parent=10563"}],"wp:term":[{"taxonomy":"product_brand","embeddable":true,"href":"https:\/\/cartium.eu\/pt\/wp-json\/wp\/v2\/product_brand?post=10563"},{"taxonomy":"product_cat","embeddable":true,"href":"https:\/\/cartium.eu\/pt\/wp-json\/wp\/v2\/product_cat?post=10563"},{"taxonomy":"product_tag","embeddable":true,"href":"https:\/\/cartium.eu\/pt\/wp-json\/wp\/v2\/product_tag?post=10563"}],"curies":[{"name":"wp","href":"https:\/\/api.w.org\/{rel}","templated":true}]}}