{"id":10571,"date":"2023-08-07T12:10:56","date_gmt":"2023-08-07T10:10:56","guid":{"rendered":"https:\/\/cartium.eu\/pt\/?post_type=product&#038;p=10571"},"modified":"2023-12-18T09:30:00","modified_gmt":"2023-12-18T08:30:00","slug":"livro-montessori-tranquilo-para-criancas","status":"publish","type":"product","link":"https:\/\/cartium.eu\/pt\/proizvod\/livro-montessori-tranquilo-para-criancas\/","title":{"rendered":"Livro Montessori Tranquilo para crian\u00e7as"},"content":{"rendered":"","protected":false},"excerpt":{"rendered":"<p>Livros baseados nos m\u00e9todos Montessori para o desenvolvimento das crian\u00e7as, as suas habilidades, sentidos e imagina\u00e7\u00e3o encantar\u00e3o todas as crian\u00e7as e facilitar\u00e3o a sua aprendizagem atrav\u00e9s da brincadeira.<\/p>\n","protected":false},"featured_media":10380,"comment_status":"closed","ping_status":"closed","template":"","meta":{"inline_featured_image":false},"product_brand":[],"product_cat":[15,35],"product_tag":[],"class_list":{"0":"post-10571","1":"product","2":"type-product","3":"status-publish","4":"has-post-thumbnail","6":"product_cat-uncategorized","7":"product_cat-fun","9":"first","10":"instock","11":"sale","12":"taxable","13":"shipping-taxable","14":"purchasable","15":"product-type-variable"},"acf":[],"_links":{"self":[{"href":"https:\/\/cartium.eu\/pt\/wp-json\/wp\/v2\/product\/10571","targetHints":{"allow":["GET"]}}],"collection":[{"href":"https:\/\/cartium.eu\/pt\/wp-json\/wp\/v2\/product"}],"about":[{"href":"https:\/\/cartium.eu\/pt\/wp-json\/wp\/v2\/types\/product"}],"replies":[{"embeddable":true,"href":"https:\/\/cartium.eu\/pt\/wp-json\/wp\/v2\/comments?post=10571"}],"wp:featuredmedia":[{"embeddable":true,"href":"https:\/\/cartium.eu\/pt\/wp-json\/wp\/v2\/media\/10380"}],"wp:attachment":[{"href":"https:\/\/cartium.eu\/pt\/wp-json\/wp\/v2\/media?parent=10571"}],"wp:term":[{"taxonomy":"product_brand","embeddable":true,"href":"https:\/\/cartium.eu\/pt\/wp-json\/wp\/v2\/product_brand?post=10571"},{"taxonomy":"product_cat","embeddable":true,"href":"https:\/\/cartium.eu\/pt\/wp-json\/wp\/v2\/product_cat?post=10571"},{"taxonomy":"product_tag","embeddable":true,"href":"https:\/\/cartium.eu\/pt\/wp-json\/wp\/v2\/product_tag?post=10571"}],"curies":[{"name":"wp","href":"https:\/\/api.w.org\/{rel}","templated":true}]}}