{"id":10577,"date":"2023-08-07T12:47:03","date_gmt":"2023-08-07T10:47:03","guid":{"rendered":"https:\/\/cartium.eu\/pt\/?post_type=product&#038;p=10577"},"modified":"2023-09-20T15:04:47","modified_gmt":"2023-09-20T13:04:47","slug":"livros-de-exercicios-magicos-para-criancas","status":"publish","type":"product","link":"https:\/\/cartium.eu\/pt\/proizvod\/livros-de-exercicios-magicos-para-criancas\/","title":{"rendered":"Livros de Exerc\u00edcios M\u00e1gicos para crian\u00e7as"},"content":{"rendered":"","protected":false},"excerpt":{"rendered":"<p>Deixe os seus filhos aprimorarem os seus conhecimentos criando movimentos e formas, desenhando e escrevendo com este divertido livro de exerc\u00edcios. Prepare o seu filho para a escola e torne o seu in\u00edcio mais f\u00e1cil. Deixe que as crian\u00e7as desenvolvam a sua precis\u00e3o com este liro de exerc\u00edcios educacional.<\/p>\n","protected":false},"featured_media":5055,"comment_status":"closed","ping_status":"closed","template":"","meta":{"inline_featured_image":false},"product_brand":[],"product_cat":[15,35],"product_tag":[],"class_list":{"0":"post-10577","1":"product","2":"type-product","3":"status-publish","4":"has-post-thumbnail","6":"product_cat-uncategorized","7":"product_cat-fun","9":"first","10":"instock","11":"sale","12":"taxable","13":"shipping-taxable","14":"purchasable","15":"product-type-simple"},"acf":[],"_links":{"self":[{"href":"https:\/\/cartium.eu\/pt\/wp-json\/wp\/v2\/product\/10577","targetHints":{"allow":["GET"]}}],"collection":[{"href":"https:\/\/cartium.eu\/pt\/wp-json\/wp\/v2\/product"}],"about":[{"href":"https:\/\/cartium.eu\/pt\/wp-json\/wp\/v2\/types\/product"}],"replies":[{"embeddable":true,"href":"https:\/\/cartium.eu\/pt\/wp-json\/wp\/v2\/comments?post=10577"}],"wp:featuredmedia":[{"embeddable":true,"href":"https:\/\/cartium.eu\/pt\/wp-json\/wp\/v2\/media\/5055"}],"wp:attachment":[{"href":"https:\/\/cartium.eu\/pt\/wp-json\/wp\/v2\/media?parent=10577"}],"wp:term":[{"taxonomy":"product_brand","embeddable":true,"href":"https:\/\/cartium.eu\/pt\/wp-json\/wp\/v2\/product_brand?post=10577"},{"taxonomy":"product_cat","embeddable":true,"href":"https:\/\/cartium.eu\/pt\/wp-json\/wp\/v2\/product_cat?post=10577"},{"taxonomy":"product_tag","embeddable":true,"href":"https:\/\/cartium.eu\/pt\/wp-json\/wp\/v2\/product_tag?post=10577"}],"curies":[{"name":"wp","href":"https:\/\/api.w.org\/{rel}","templated":true}]}}