{"id":10583,"date":"2023-08-07T14:32:05","date_gmt":"2023-08-07T12:32:05","guid":{"rendered":"https:\/\/cartium.eu\/pt\/?post_type=product&#038;p=10583"},"modified":"2023-09-20T15:05:27","modified_gmt":"2023-09-20T13:05:27","slug":"serum-branqueador-de-dentes","status":"publish","type":"product","link":"https:\/\/cartium.eu\/pt\/proizvod\/serum-branqueador-de-dentes\/","title":{"rendered":"S\u00e9rum Branqueador de Dentes"},"content":{"rendered":"","protected":false},"excerpt":{"rendered":"<p>Neutralize a cor amarela desagrad\u00e1vel dos seus dentes. Em pouqu\u00edssimo tempo, deixe os seus dentes brilharem e ficarem brancos como p\u00e9rola.<\/p>\n","protected":false},"featured_media":4459,"comment_status":"closed","ping_status":"closed","template":"","meta":{"inline_featured_image":false},"product_brand":[],"product_cat":[15,28,24,26],"product_tag":[],"class_list":{"0":"post-10583","1":"product","2":"type-product","3":"status-publish","4":"has-post-thumbnail","6":"product_cat-uncategorized","7":"product_cat-beauty","8":"product_cat-sale","9":"product_cat-health","11":"first","12":"instock","13":"sale","14":"taxable","15":"shipping-taxable","16":"purchasable","17":"product-type-simple"},"acf":[],"_links":{"self":[{"href":"https:\/\/cartium.eu\/pt\/wp-json\/wp\/v2\/product\/10583","targetHints":{"allow":["GET"]}}],"collection":[{"href":"https:\/\/cartium.eu\/pt\/wp-json\/wp\/v2\/product"}],"about":[{"href":"https:\/\/cartium.eu\/pt\/wp-json\/wp\/v2\/types\/product"}],"replies":[{"embeddable":true,"href":"https:\/\/cartium.eu\/pt\/wp-json\/wp\/v2\/comments?post=10583"}],"wp:featuredmedia":[{"embeddable":true,"href":"https:\/\/cartium.eu\/pt\/wp-json\/wp\/v2\/media\/4459"}],"wp:attachment":[{"href":"https:\/\/cartium.eu\/pt\/wp-json\/wp\/v2\/media?parent=10583"}],"wp:term":[{"taxonomy":"product_brand","embeddable":true,"href":"https:\/\/cartium.eu\/pt\/wp-json\/wp\/v2\/product_brand?post=10583"},{"taxonomy":"product_cat","embeddable":true,"href":"https:\/\/cartium.eu\/pt\/wp-json\/wp\/v2\/product_cat?post=10583"},{"taxonomy":"product_tag","embeddable":true,"href":"https:\/\/cartium.eu\/pt\/wp-json\/wp\/v2\/product_tag?post=10583"}],"curies":[{"name":"wp","href":"https:\/\/api.w.org\/{rel}","templated":true}]}}