{"id":1800,"date":"2021-03-09T09:56:33","date_gmt":"2021-03-09T08:56:33","guid":{"rendered":"https:\/\/shopium.eu\/ro\/?post_type=product&#038;p=1800"},"modified":"2023-01-30T11:02:42","modified_gmt":"2023-01-30T10:02:42","slug":"colier-cu-pandantiv-magnetic-in-forma-de-inima-heartjew","status":"publish","type":"product","link":"https:\/\/cartium.eu\/ro\/produs\/colier-cu-pandantiv-magnetic-in-forma-de-inima-heartjew\/","title":{"rendered":"Colier cu pandantiv magnetic \u00een form\u0103 de inim\u0103 &#8211; HeartJew"},"content":{"rendered":"","protected":false},"excerpt":{"rendered":"<p>Un colier de excep\u021bie, destinat cuplurilor sau persoanelor apropiate, astfel \u00eenc\u00e2t s\u0103 ave\u0163i \u00eentotdeauna senza\u021bia c\u0103 sunt l\u00e2ng\u0103 dvs.<\/p>\n","protected":false},"featured_media":1809,"comment_status":"closed","ping_status":"closed","template":"","meta":{"inline_featured_image":false},"product_brand":[],"product_cat":[15,28,24],"product_tag":[],"class_list":{"0":"post-1800","1":"product","2":"type-product","3":"status-publish","4":"has-post-thumbnail","6":"product_cat-uncategorized","7":"product_cat-beauty","8":"product_cat-sale","10":"first","11":"instock","12":"sale","13":"taxable","14":"shipping-taxable","15":"purchasable","16":"product-type-simple"},"acf":[],"_links":{"self":[{"href":"https:\/\/cartium.eu\/ro\/wp-json\/wp\/v2\/product\/1800","targetHints":{"allow":["GET"]}}],"collection":[{"href":"https:\/\/cartium.eu\/ro\/wp-json\/wp\/v2\/product"}],"about":[{"href":"https:\/\/cartium.eu\/ro\/wp-json\/wp\/v2\/types\/product"}],"replies":[{"embeddable":true,"href":"https:\/\/cartium.eu\/ro\/wp-json\/wp\/v2\/comments?post=1800"}],"wp:featuredmedia":[{"embeddable":true,"href":"https:\/\/cartium.eu\/ro\/wp-json\/wp\/v2\/media\/1809"}],"wp:attachment":[{"href":"https:\/\/cartium.eu\/ro\/wp-json\/wp\/v2\/media?parent=1800"}],"wp:term":[{"taxonomy":"product_brand","embeddable":true,"href":"https:\/\/cartium.eu\/ro\/wp-json\/wp\/v2\/product_brand?post=1800"},{"taxonomy":"product_cat","embeddable":true,"href":"https:\/\/cartium.eu\/ro\/wp-json\/wp\/v2\/product_cat?post=1800"},{"taxonomy":"product_tag","embeddable":true,"href":"https:\/\/cartium.eu\/ro\/wp-json\/wp\/v2\/product_tag?post=1800"}],"curies":[{"name":"wp","href":"https:\/\/api.w.org\/{rel}","templated":true}]}}