{"id":2235,"date":"2021-03-16T11:35:55","date_gmt":"2021-03-16T10:35:55","guid":{"rendered":"https:\/\/shopium.eu\/ro\/?post_type=product&#038;p=2235"},"modified":"2021-03-17T09:46:30","modified_gmt":"2021-03-17T08:46:30","slug":"o-minge-extrateresta-magica-alieno","status":"publish","type":"product","link":"https:\/\/cartium.eu\/ro\/produs\/o-minge-extrateresta-magica-alieno\/","title":{"rendered":"O minge extraterest\u0103 magic\u0103  &#8211; Alieno"},"content":{"rendered":"","protected":false},"excerpt":{"rendered":"<p><span style=\"font-weight: 400;\">O minge OZN super distractiv\u0103 care, \u00eentr-o secund\u0103, poate fi transformat \u00eentr-un Frisbee zbur\u0103tor, distrac\u0163ia pe care o ador\u0103 copiii, este super distractiv\u0103 \u015fi inovatoare.\u00a0<\/span><\/p>\n","protected":false},"featured_media":2238,"comment_status":"closed","ping_status":"closed","template":"","meta":{"inline_featured_image":false},"product_brand":[],"product_cat":[15],"product_tag":[],"class_list":{"0":"post-2235","1":"product","2":"type-product","3":"status-publish","4":"has-post-thumbnail","6":"product_cat-uncategorized","8":"first","9":"instock","10":"sale","11":"taxable","12":"shipping-taxable","13":"purchasable","14":"product-type-simple"},"acf":[],"_links":{"self":[{"href":"https:\/\/cartium.eu\/ro\/wp-json\/wp\/v2\/product\/2235","targetHints":{"allow":["GET"]}}],"collection":[{"href":"https:\/\/cartium.eu\/ro\/wp-json\/wp\/v2\/product"}],"about":[{"href":"https:\/\/cartium.eu\/ro\/wp-json\/wp\/v2\/types\/product"}],"replies":[{"embeddable":true,"href":"https:\/\/cartium.eu\/ro\/wp-json\/wp\/v2\/comments?post=2235"}],"wp:featuredmedia":[{"embeddable":true,"href":"https:\/\/cartium.eu\/ro\/wp-json\/wp\/v2\/media\/2238"}],"wp:attachment":[{"href":"https:\/\/cartium.eu\/ro\/wp-json\/wp\/v2\/media?parent=2235"}],"wp:term":[{"taxonomy":"product_brand","embeddable":true,"href":"https:\/\/cartium.eu\/ro\/wp-json\/wp\/v2\/product_brand?post=2235"},{"taxonomy":"product_cat","embeddable":true,"href":"https:\/\/cartium.eu\/ro\/wp-json\/wp\/v2\/product_cat?post=2235"},{"taxonomy":"product_tag","embeddable":true,"href":"https:\/\/cartium.eu\/ro\/wp-json\/wp\/v2\/product_tag?post=2235"}],"curies":[{"name":"wp","href":"https:\/\/api.w.org\/{rel}","templated":true}]}}