{"id":2681,"date":"2021-03-26T16:04:59","date_gmt":"2021-03-26T15:04:59","guid":{"rendered":"https:\/\/shopium.eu\/ro\/?post_type=product&#038;p=2681"},"modified":"2021-10-07T10:35:16","modified_gmt":"2021-10-07T08:35:16","slug":"extensie-universala-pentru-chei-wrenchextension","status":"publish","type":"product","link":"https:\/\/cartium.eu\/ro\/produs\/extensie-universala-pentru-chei-wrenchextension\/","title":{"rendered":"Extensie universal\u0103 pentru chei &#8211; WrenchExtension"},"content":{"rendered":"","protected":false},"excerpt":{"rendered":"<p><span style=\"font-weight: 400;\">IronWrench este noua genera\u0163ie de extensii pentru toate cheile \u015fi burghiurile cu diametrul de 0.3-9mm cu ajutorul c\u0103rora ve\u0163i ajunge la locuri greu accesibile ale ma\u015finii sau \u00een casa dvs. \u015fi v\u0103 ve\u0163i facilita repara\u0163iile zilnice.\u00a0<\/span><\/p>\n","protected":false},"featured_media":2685,"comment_status":"closed","ping_status":"closed","template":"","meta":{"inline_featured_image":false},"product_brand":[],"product_cat":[15],"product_tag":[],"class_list":{"0":"post-2681","1":"product","2":"type-product","3":"status-publish","4":"has-post-thumbnail","6":"product_cat-uncategorized","8":"first","9":"instock","10":"sale","11":"taxable","12":"shipping-taxable","13":"purchasable","14":"product-type-simple"},"acf":[],"_links":{"self":[{"href":"https:\/\/cartium.eu\/ro\/wp-json\/wp\/v2\/product\/2681","targetHints":{"allow":["GET"]}}],"collection":[{"href":"https:\/\/cartium.eu\/ro\/wp-json\/wp\/v2\/product"}],"about":[{"href":"https:\/\/cartium.eu\/ro\/wp-json\/wp\/v2\/types\/product"}],"replies":[{"embeddable":true,"href":"https:\/\/cartium.eu\/ro\/wp-json\/wp\/v2\/comments?post=2681"}],"wp:featuredmedia":[{"embeddable":true,"href":"https:\/\/cartium.eu\/ro\/wp-json\/wp\/v2\/media\/2685"}],"wp:attachment":[{"href":"https:\/\/cartium.eu\/ro\/wp-json\/wp\/v2\/media?parent=2681"}],"wp:term":[{"taxonomy":"product_brand","embeddable":true,"href":"https:\/\/cartium.eu\/ro\/wp-json\/wp\/v2\/product_brand?post=2681"},{"taxonomy":"product_cat","embeddable":true,"href":"https:\/\/cartium.eu\/ro\/wp-json\/wp\/v2\/product_cat?post=2681"},{"taxonomy":"product_tag","embeddable":true,"href":"https:\/\/cartium.eu\/ro\/wp-json\/wp\/v2\/product_tag?post=2681"}],"curies":[{"name":"wp","href":"https:\/\/api.w.org\/{rel}","templated":true}]}}