{"id":3718,"date":"2021-04-15T18:37:58","date_gmt":"2021-04-15T16:37:58","guid":{"rendered":"https:\/\/shopium.eu\/ro\/?post_type=product&#038;p=3718"},"modified":"2021-04-15T18:42:13","modified_gmt":"2021-04-15T16:42:13","slug":"patura-termica-sos-sosket","status":"publish","type":"product","link":"https:\/\/cartium.eu\/ro\/produs\/patura-termica-sos-sosket\/","title":{"rendered":"P\u0103tur\u0103 termic\u0103 SOS  &#8211; Sosket"},"content":{"rendered":"","protected":false},"excerpt":{"rendered":"<p>Acest set este ceva care ar trebui s\u0103 fie \u00een geant\u0103 dac\u0103 inten\u021biona\u021bi s\u0103 v\u0103 petrece\u0163i timpul liber \u00een \u00een natur\u0103, acesta v\u0103 va oferi protec\u021bia necesar\u0103 \u00een circumstan\u021be neprev\u0103zute.<\/p>\n","protected":false},"featured_media":3724,"comment_status":"closed","ping_status":"closed","template":"","meta":{"inline_featured_image":false},"product_brand":[],"product_cat":[15],"product_tag":[],"class_list":{"0":"post-3718","1":"product","2":"type-product","3":"status-publish","4":"has-post-thumbnail","6":"product_cat-uncategorized","8":"first","9":"instock","10":"sale","11":"taxable","12":"shipping-taxable","13":"purchasable","14":"product-type-simple"},"acf":[],"_links":{"self":[{"href":"https:\/\/cartium.eu\/ro\/wp-json\/wp\/v2\/product\/3718","targetHints":{"allow":["GET"]}}],"collection":[{"href":"https:\/\/cartium.eu\/ro\/wp-json\/wp\/v2\/product"}],"about":[{"href":"https:\/\/cartium.eu\/ro\/wp-json\/wp\/v2\/types\/product"}],"replies":[{"embeddable":true,"href":"https:\/\/cartium.eu\/ro\/wp-json\/wp\/v2\/comments?post=3718"}],"wp:featuredmedia":[{"embeddable":true,"href":"https:\/\/cartium.eu\/ro\/wp-json\/wp\/v2\/media\/3724"}],"wp:attachment":[{"href":"https:\/\/cartium.eu\/ro\/wp-json\/wp\/v2\/media?parent=3718"}],"wp:term":[{"taxonomy":"product_brand","embeddable":true,"href":"https:\/\/cartium.eu\/ro\/wp-json\/wp\/v2\/product_brand?post=3718"},{"taxonomy":"product_cat","embeddable":true,"href":"https:\/\/cartium.eu\/ro\/wp-json\/wp\/v2\/product_cat?post=3718"},{"taxonomy":"product_tag","embeddable":true,"href":"https:\/\/cartium.eu\/ro\/wp-json\/wp\/v2\/product_tag?post=3718"}],"curies":[{"name":"wp","href":"https:\/\/api.w.org\/{rel}","templated":true}]}}