{"id":4130,"date":"2021-04-22T21:00:00","date_gmt":"2021-04-22T19:00:00","guid":{"rendered":"https:\/\/shopium.eu\/ro\/?post_type=product&#038;p=4130"},"modified":"2021-04-23T09:27:02","modified_gmt":"2021-04-23T07:27:02","slug":"ferastrau-cu-lant-modificat-extensie-swap","status":"publish","type":"product","link":"https:\/\/cartium.eu\/ro\/produs\/ferastrau-cu-lant-modificat-extensie-swap\/","title":{"rendered":"Fer\u0103str\u0103u cu lan\u021b modificat (extensie) &#8211; Swap"},"content":{"rendered":"","protected":false},"excerpt":{"rendered":"<p>V\u0103 prezent\u0103m acest produs grozav cu care ve\u0163i t\u0103ia lemnul sau metalul foarte u\u0219or \u0219i nu ve\u021bi avea nevoie de cabluri sau baterii, deoarece acesta se va ata\u0219a pur \u0219i simplu la burghiu.<\/p>\n","protected":false},"featured_media":4131,"comment_status":"closed","ping_status":"closed","template":"","meta":{"inline_featured_image":false},"product_brand":[],"product_cat":[15],"product_tag":[],"class_list":{"0":"post-4130","1":"product","2":"type-product","3":"status-publish","4":"has-post-thumbnail","6":"product_cat-uncategorized","8":"first","9":"instock","10":"sale","11":"taxable","12":"shipping-taxable","13":"purchasable","14":"product-type-simple"},"acf":[],"_links":{"self":[{"href":"https:\/\/cartium.eu\/ro\/wp-json\/wp\/v2\/product\/4130","targetHints":{"allow":["GET"]}}],"collection":[{"href":"https:\/\/cartium.eu\/ro\/wp-json\/wp\/v2\/product"}],"about":[{"href":"https:\/\/cartium.eu\/ro\/wp-json\/wp\/v2\/types\/product"}],"replies":[{"embeddable":true,"href":"https:\/\/cartium.eu\/ro\/wp-json\/wp\/v2\/comments?post=4130"}],"wp:featuredmedia":[{"embeddable":true,"href":"https:\/\/cartium.eu\/ro\/wp-json\/wp\/v2\/media\/4131"}],"wp:attachment":[{"href":"https:\/\/cartium.eu\/ro\/wp-json\/wp\/v2\/media?parent=4130"}],"wp:term":[{"taxonomy":"product_brand","embeddable":true,"href":"https:\/\/cartium.eu\/ro\/wp-json\/wp\/v2\/product_brand?post=4130"},{"taxonomy":"product_cat","embeddable":true,"href":"https:\/\/cartium.eu\/ro\/wp-json\/wp\/v2\/product_cat?post=4130"},{"taxonomy":"product_tag","embeddable":true,"href":"https:\/\/cartium.eu\/ro\/wp-json\/wp\/v2\/product_tag?post=4130"}],"curies":[{"name":"wp","href":"https:\/\/api.w.org\/{rel}","templated":true}]}}