{"id":610,"date":"2020-12-10T12:29:58","date_gmt":"2020-12-10T11:29:58","guid":{"rendered":"https:\/\/shopium.eu\/rs\/?post_type=product&#038;p=610"},"modified":"2021-03-19T11:19:40","modified_gmt":"2021-03-19T10:19:40","slug":"multikey","status":"publish","type":"product","link":"https:\/\/cartium.eu\/ro\/produs\/multikey\/","title":{"rendered":"Cheie universal\u0103 multifunc\u0163ional\u0103 &#8211;  MultiKey"},"content":{"rendered":"","protected":false},"excerpt":{"rendered":"<p>O cheie universal\u0103 unic\u0103 cu 14 combina\u021bii diferite pentru toate tipurile de piuli\u021be \u0219i filete cu care ve\u021bi uita de c\u0103utarea minu\u021bioas\u0103 a cheii potrivite \u0219i ve\u021bi economisi timp maxim \u00een timp ce lucra\u021bi \u00een atelierul dvs.<\/p>\n","protected":false},"featured_media":602,"comment_status":"closed","ping_status":"closed","template":"","meta":{"inline_featured_image":false},"product_brand":[],"product_cat":[15,25,27],"product_tag":[],"class_list":{"0":"post-610","1":"product","2":"type-product","3":"status-publish","4":"has-post-thumbnail","6":"product_cat-uncategorized","7":"product_cat-car","8":"product_cat-home","10":"first","11":"instock","12":"sale","13":"taxable","14":"shipping-taxable","15":"purchasable","16":"product-type-simple"},"acf":[],"_links":{"self":[{"href":"https:\/\/cartium.eu\/ro\/wp-json\/wp\/v2\/product\/610","targetHints":{"allow":["GET"]}}],"collection":[{"href":"https:\/\/cartium.eu\/ro\/wp-json\/wp\/v2\/product"}],"about":[{"href":"https:\/\/cartium.eu\/ro\/wp-json\/wp\/v2\/types\/product"}],"replies":[{"embeddable":true,"href":"https:\/\/cartium.eu\/ro\/wp-json\/wp\/v2\/comments?post=610"}],"wp:featuredmedia":[{"embeddable":true,"href":"https:\/\/cartium.eu\/ro\/wp-json\/wp\/v2\/media\/602"}],"wp:attachment":[{"href":"https:\/\/cartium.eu\/ro\/wp-json\/wp\/v2\/media?parent=610"}],"wp:term":[{"taxonomy":"product_brand","embeddable":true,"href":"https:\/\/cartium.eu\/ro\/wp-json\/wp\/v2\/product_brand?post=610"},{"taxonomy":"product_cat","embeddable":true,"href":"https:\/\/cartium.eu\/ro\/wp-json\/wp\/v2\/product_cat?post=610"},{"taxonomy":"product_tag","embeddable":true,"href":"https:\/\/cartium.eu\/ro\/wp-json\/wp\/v2\/product_tag?post=610"}],"curies":[{"name":"wp","href":"https:\/\/api.w.org\/{rel}","templated":true}]}}