{"id":6750,"date":"2022-09-20T12:53:55","date_gmt":"2022-09-20T10:53:55","guid":{"rendered":"https:\/\/cartium.eu\/ro\/?post_type=product&#038;p=6750"},"modified":"2023-09-09T14:23:40","modified_gmt":"2023-09-09T12:23:40","slug":"caiete-magice-de-lucru-pentru-copii","status":"publish","type":"product","link":"https:\/\/cartium.eu\/ro\/produs\/caiete-magice-de-lucru-pentru-copii\/","title":{"rendered":"Caiete magice de lucru pentru copii"},"content":{"rendered":"","protected":false},"excerpt":{"rendered":"<p>Permite\u021bi copiilor s\u0103-\u0219i \u00eembun\u0103t\u0103\u021beasc\u0103 mi\u0219c\u0103rile \u0219i formele, desen\u00e2nd \u0219i scriind cu acest caiet de lucru distractiv. Preg\u0103ti\u021bi-v\u0103 copilul pentru \u0219coal\u0103 \u0219i u\u0219ura\u021bi-i \u00eenceputul. Permite\u021bi copiilor s\u0103-\u0219i dezvolte acurate\u021bea cu acest caiet de lucru educa\u021bional.<\/p>\n","protected":false},"featured_media":6755,"comment_status":"closed","ping_status":"closed","template":"","meta":{"inline_featured_image":false},"product_brand":[],"product_cat":[15,25,35],"product_tag":[],"class_list":{"0":"post-6750","1":"product","2":"type-product","3":"status-publish","4":"has-post-thumbnail","6":"product_cat-uncategorized","7":"product_cat-car","8":"product_cat-fun","10":"first","11":"instock","12":"sale","13":"taxable","14":"shipping-taxable","15":"purchasable","16":"product-type-simple"},"acf":[],"_links":{"self":[{"href":"https:\/\/cartium.eu\/ro\/wp-json\/wp\/v2\/product\/6750","targetHints":{"allow":["GET"]}}],"collection":[{"href":"https:\/\/cartium.eu\/ro\/wp-json\/wp\/v2\/product"}],"about":[{"href":"https:\/\/cartium.eu\/ro\/wp-json\/wp\/v2\/types\/product"}],"replies":[{"embeddable":true,"href":"https:\/\/cartium.eu\/ro\/wp-json\/wp\/v2\/comments?post=6750"}],"wp:featuredmedia":[{"embeddable":true,"href":"https:\/\/cartium.eu\/ro\/wp-json\/wp\/v2\/media\/6755"}],"wp:attachment":[{"href":"https:\/\/cartium.eu\/ro\/wp-json\/wp\/v2\/media?parent=6750"}],"wp:term":[{"taxonomy":"product_brand","embeddable":true,"href":"https:\/\/cartium.eu\/ro\/wp-json\/wp\/v2\/product_brand?post=6750"},{"taxonomy":"product_cat","embeddable":true,"href":"https:\/\/cartium.eu\/ro\/wp-json\/wp\/v2\/product_cat?post=6750"},{"taxonomy":"product_tag","embeddable":true,"href":"https:\/\/cartium.eu\/ro\/wp-json\/wp\/v2\/product_tag?post=6750"}],"curies":[{"name":"wp","href":"https:\/\/api.w.org\/{rel}","templated":true}]}}