{"id":6930,"date":"2022-09-29T12:44:07","date_gmt":"2022-09-29T10:44:07","guid":{"rendered":"https:\/\/cartium.eu\/ro\/?post_type=product&#038;p=6930"},"modified":"2023-01-05T14:14:58","modified_gmt":"2023-01-05T13:14:58","slug":"set-electric-manual-pentru-taiat-legume-4-in-1","status":"publish","type":"product","link":"https:\/\/cartium.eu\/ro\/produs\/set-electric-manual-pentru-taiat-legume-4-in-1\/","title":{"rendered":"Set electric manual pentru t\u0103iat legume 4 \u00een 1"},"content":{"rendered":"","protected":false},"excerpt":{"rendered":"<p>Set multifunc\u021bional 4 \u00een 1 pentru t\u0103iat fructe, legume, perie electric\u0103 sau ma\u0219in\u0103 de tocat carnea. Pute\u021bi lucra cu un singur produs \u00een mai multe moduri diferite.<\/p>\n","protected":false},"featured_media":6938,"comment_status":"closed","ping_status":"closed","template":"","meta":{"inline_featured_image":false},"product_brand":[],"product_cat":[15,25,27],"product_tag":[],"class_list":{"0":"post-6930","1":"product","2":"type-product","3":"status-publish","4":"has-post-thumbnail","6":"product_cat-uncategorized","7":"product_cat-car","8":"product_cat-home","10":"first","11":"instock","12":"sale","13":"taxable","14":"shipping-taxable","15":"purchasable","16":"product-type-simple"},"acf":[],"_links":{"self":[{"href":"https:\/\/cartium.eu\/ro\/wp-json\/wp\/v2\/product\/6930","targetHints":{"allow":["GET"]}}],"collection":[{"href":"https:\/\/cartium.eu\/ro\/wp-json\/wp\/v2\/product"}],"about":[{"href":"https:\/\/cartium.eu\/ro\/wp-json\/wp\/v2\/types\/product"}],"replies":[{"embeddable":true,"href":"https:\/\/cartium.eu\/ro\/wp-json\/wp\/v2\/comments?post=6930"}],"wp:featuredmedia":[{"embeddable":true,"href":"https:\/\/cartium.eu\/ro\/wp-json\/wp\/v2\/media\/6938"}],"wp:attachment":[{"href":"https:\/\/cartium.eu\/ro\/wp-json\/wp\/v2\/media?parent=6930"}],"wp:term":[{"taxonomy":"product_brand","embeddable":true,"href":"https:\/\/cartium.eu\/ro\/wp-json\/wp\/v2\/product_brand?post=6930"},{"taxonomy":"product_cat","embeddable":true,"href":"https:\/\/cartium.eu\/ro\/wp-json\/wp\/v2\/product_cat?post=6930"},{"taxonomy":"product_tag","embeddable":true,"href":"https:\/\/cartium.eu\/ro\/wp-json\/wp\/v2\/product_tag?post=6930"}],"curies":[{"name":"wp","href":"https:\/\/api.w.org\/{rel}","templated":true}]}}