{"id":7092,"date":"2022-10-05T12:30:17","date_gmt":"2022-10-05T10:30:17","guid":{"rendered":"https:\/\/cartium.eu\/ro\/?post_type=product&#038;p=7092"},"modified":"2023-01-05T14:14:38","modified_gmt":"2023-01-05T13:14:38","slug":"sosete-termice-ca-catifeaua-4-perechi-termax","status":"publish","type":"product","link":"https:\/\/cartium.eu\/ro\/produs\/sosete-termice-ca-catifeaua-4-perechi-termax\/","title":{"rendered":"\u0218osete termice ca Catifeaua \u2013 4 perechi &#8211; Termax"},"content":{"rendered":"","protected":false},"excerpt":{"rendered":"<p>L\u0103sa\u021bi-l s\u0103 fie \u00eentotdeauna cald \u0219i confortabil \u00een zilele reci de iarn\u0103 purt\u00e2nd doar ace\u0219ti super \u0219osete din material excep\u021bional de ca\u0219mir, care este caracteristic respirabil \u0219i recunosc\u0103tor pentru \u00eentre\u021binere.<\/p>\n","protected":false},"featured_media":7098,"comment_status":"closed","ping_status":"closed","template":"","meta":{"inline_featured_image":false},"product_brand":[],"product_cat":[15,28,26],"product_tag":[],"class_list":{"0":"post-7092","1":"product","2":"type-product","3":"status-publish","4":"has-post-thumbnail","6":"product_cat-uncategorized","7":"product_cat-beauty","8":"product_cat-health","10":"first","11":"instock","12":"sale","13":"taxable","14":"shipping-taxable","15":"purchasable","16":"product-type-simple"},"acf":[],"_links":{"self":[{"href":"https:\/\/cartium.eu\/ro\/wp-json\/wp\/v2\/product\/7092","targetHints":{"allow":["GET"]}}],"collection":[{"href":"https:\/\/cartium.eu\/ro\/wp-json\/wp\/v2\/product"}],"about":[{"href":"https:\/\/cartium.eu\/ro\/wp-json\/wp\/v2\/types\/product"}],"replies":[{"embeddable":true,"href":"https:\/\/cartium.eu\/ro\/wp-json\/wp\/v2\/comments?post=7092"}],"wp:featuredmedia":[{"embeddable":true,"href":"https:\/\/cartium.eu\/ro\/wp-json\/wp\/v2\/media\/7098"}],"wp:attachment":[{"href":"https:\/\/cartium.eu\/ro\/wp-json\/wp\/v2\/media?parent=7092"}],"wp:term":[{"taxonomy":"product_brand","embeddable":true,"href":"https:\/\/cartium.eu\/ro\/wp-json\/wp\/v2\/product_brand?post=7092"},{"taxonomy":"product_cat","embeddable":true,"href":"https:\/\/cartium.eu\/ro\/wp-json\/wp\/v2\/product_cat?post=7092"},{"taxonomy":"product_tag","embeddable":true,"href":"https:\/\/cartium.eu\/ro\/wp-json\/wp\/v2\/product_tag?post=7092"}],"curies":[{"name":"wp","href":"https:\/\/api.w.org\/{rel}","templated":true}]}}